{"id":2,"date":"2021-02-11T14:44:52","date_gmt":"2021-02-11T13:44:52","guid":{"rendered":"https:\/\/www.drewelow.de\/frauenarzt\/buetzow\/?page_id=2"},"modified":"2025-12-09T17:02:03","modified_gmt":"2025-12-09T16:02:03","slug":"startseite","status":"publish","type":"page","link":"https:\/\/www.drewelow.de\/frauenarzt\/buetzow\/","title":{"rendered":"Startseite"},"content":{"rendered":"<p>Um Ihnen die Wartezeit zu verk\u00fcrzen, bieten wir Ihnen die M\u00f6glichkeit, Wiederholungsrezepte sowie \u00dcberweisungen f\u00fcr Untersuchungen zu anderen Fach\u00e4rztinnen und -\u00e4rzten per Formular vorzubestellen und in der Praxis abholen zu k\u00f6nnen.<\/p>\n<div><a href=\"https:\/\/www.drewelow.de\/frauenarzt\/buetzow\/rezepte\/\" class=\"su-button su-button-style-flat pt-2 drucken\" style=\"color:#FFFFFF;background-color:#900900;border-color:#740800;border-radius:0px\" target=\"_self\"><span style=\"color:#FFFFFF;padding:6px 18px;font-size:14px;line-height:21px;border-color:#b2534d;border-radius:0px;text-shadow:none\"><i class=\"sui sui-edit\" style=\"font-size:14px;color:#FFFFFF\"><\/i> Rezepte f\u00fcr Dauermedikamente<\/span><\/a> <a href=\"https:\/\/www.drewelow.de\/frauenarzt\/buetzow\/ueberweisungen\/\" class=\"su-button su-button-style-flat pt-2 drucken\" style=\"color:#FFFFFF;background-color:#900900;border-color:#740800;border-radius:0px\" target=\"_self\"><span style=\"color:#FFFFFF;padding:6px 18px;font-size:14px;line-height:21px;border-color:#b2534d;border-radius:0px;text-shadow:none\"><i class=\"sui sui-edit\" style=\"font-size:14px;color:#FFFFFF\"><\/i> \u00dcberweisungen f\u00fcr Untersuchungen<\/span><\/a><\/div>\n<p><i class=\"far fa-clock\"><\/i><\/p>\n<h2>\u00d6ffnungszeiten<\/h2>\n<p><span class=\"wochentag\">Mo:<\/span> 8:00 &#8211; 12:30, 14:00 &#8211; 17:00 Uhr<br \/>\n<span class=\"wochentag\">Di:<\/span> 8:00 &#8211; 12:30, 14:00 &#8211; 17:00 Uhr<br \/>\n<span class=\"wochentag\">Mi:<\/span> 8:00 &#8211; 12:30 Uhr<br \/>\n<span class=\"wochentag\">Do:<\/span> 8:00 &#8211; 12:30, 15:00\u201318:00 Uhr<br \/>\n<span class=\"wochentag\">Fr:<\/span> 8:00 &#8211; 12:30 Uhr<\/p>\n<a href=\"https:\/\/www.drewelow.de\/frauenarzt\/termin-buetzow\" class=\"su-button su-button-style-flat termin\" style=\"color:#FFFFFF;background-color:#900900;border-color:#740800;border-radius:0px\" target=\"__blank\"><span style=\"color:#FFFFFF;padding:0px 18px;font-size:14px;line-height:28px;border-color:#b2534d;border-radius:0px;text-shadow:none\"> Termin online buchen <img decoding=\"async\" src=\"https:\/\/www.drewelow.de\/frauenarzt\/wp-content\/uploads\/2022\/10\/doctolib-white-transparent.png\" alt=\"\" \/><\/span><\/a>\n<p><i class=\"fas fa-map-marker-alt\"><\/i><\/p>\n<h2>So erreichen Sie uns<\/h2>\n<p>Fritz-Reuter-Allee 2<br \/>\n18246 B\u00fctzow<br \/>\nTel: 038461-37 11<br \/>\nFax: 038461-915 02<br \/>\n<a href=\"mailto:buetzow@drewelow.de\">buetzow@drewelow.de<\/a><\/p>\n<p><i class=\"far fa-smile\"><\/i><\/p>\n<h2>Wir freuen uns auf Sie<\/h2>\n<div class=\"su-row\"><div class=\"su-column su-column-size-1-4\"><div class=\"su-column-inner su-u-clearfix su-u-trim\">&nbsp;<\/div><\/div><div class=\"su-column su-column-size-1-4\"><div class=\"su-column-inner su-u-clearfix su-u-trim\"><img loading=\"lazy\" decoding=\"async\" src=\"https:\/\/www.drewelow.de\/frauenarzt\/buetzow\/wp-content\/uploads\/sites\/2\/2025\/12\/frauenarzt-frank-drewelow.webp\" alt=\"\" width=\"600\" height=\"900\" class=\"alignnone size-full wp-image-488\" \/><br \/>\n<strong>Frank Drewelow<\/strong><br \/>\nFacharzt f\u00fcr Gyn\u00e4kologie und Geburtshilfe<\/div><\/div><div class=\"su-column su-column-size-1-4\"><div class=\"su-column-inner su-u-clearfix su-u-trim\"><img loading=\"lazy\" decoding=\"async\" src=\"https:\/\/www.drewelow.de\/frauenarzt\/buetzow\/wp-content\/uploads\/sites\/2\/2025\/12\/iris-engbert-frauenaerztin-buetzow.webp\" alt=\"\" width=\"600\" height=\"900\" class=\"alignnone size-full wp-image-488\" \/><br \/>\n<strong>Dr. med. Iris Engbert<\/strong><br \/>\nFach\u00e4rztin f\u00fcr Gyn\u00e4kologie und Geburtshilfe<\/div><\/div><div class=\"su-column su-column-size-1-4\"><div class=\"su-column-inner su-u-clearfix su-u-trim\">&nbsp;<\/div><\/div>\n<\/div>\n","protected":false},"excerpt":{"rendered":"<p>Um Ihnen die Wartezeit zu verk\u00fcrzen, bieten wir Ihnen die M\u00f6glichkeit, Wiederholungsrezepte sowie \u00dcberweisungen f\u00fcr Untersuchungen zu anderen Fach\u00e4rztinnen und -\u00e4rzten per Formular vorzubestellen und in der Praxis abholen zu k\u00f6nnen. \u00d6ffnungszeiten Mo: 8:00 &#8211; 12:30, 14:00 &#8211; 17:00 Uhr Di: 8:00 &#8211; 12:30, 14:00 &#8211; 17:00 Uhr Mi: 8:00 &#8211; 12:30 Uhr Do: 8:00<a class=\"more-link\" href=\"https:\/\/www.drewelow.de\/frauenarzt\/buetzow\/\">weiterlesen&#8230;<\/a><\/p>\n","protected":false},"author":1,"featured_media":1171,"parent":0,"menu_order":0,"comment_status":"closed","ping_status":"closed","template":"","meta":{"footnotes":""},"class_list":["post-2","page","type-page","status-publish","has-post-thumbnail","hentry"],"yoast_head":"<!-- This site is optimized with the Yoast SEO plugin v26.5 - https:\/\/yoast.com\/wordpress\/plugins\/seo\/ -->\n<title>Frauen\u00e4rzte Drewelow B\u00fctzow - Startseite<\/title>\n<meta name=\"description\" content=\"Frauenarztpraxis Drewelow in B\u00fctzow - Frauenarzt, Gyn\u00e4kologie, Geburtshilfe, Hormonberatung,Kinderwunsch, Operationen, Mifegyne, Frauen\u00e4rztin\" \/>\n<meta name=\"robots\" content=\"index, follow, max-snippet:-1, max-image-preview:large, max-video-preview:-1\" \/>\n<link rel=\"canonical\" href=\"https:\/\/www.drewelow.de\/frauenarzt\/buetzow\/\" \/>\n<meta property=\"og:locale\" content=\"de_DE\" \/>\n<meta property=\"og:type\" content=\"article\" \/>\n<meta property=\"og:title\" content=\"Frauen\u00e4rzte Drewelow B\u00fctzow - Startseite\" \/>\n<meta property=\"og:description\" content=\"Frauenarztpraxis Drewelow in B\u00fctzow - Frauenarzt, Gyn\u00e4kologie, Geburtshilfe, Hormonberatung,Kinderwunsch, Operationen, Mifegyne, Frauen\u00e4rztin\" \/>\n<meta property=\"og:url\" content=\"https:\/\/www.drewelow.de\/frauenarzt\/buetzow\/\" \/>\n<meta property=\"og:site_name\" content=\"Frauen\u00e4rzte Drewelow B\u00fctzow\" \/>\n<meta property=\"article:modified_time\" content=\"2025-12-09T16:02:03+00:00\" \/>\n<meta property=\"og:image\" content=\"https:\/\/www.drewelow.de\/frauenarzt\/buetzow\/wp-content\/uploads\/sites\/2\/2025\/12\/frauenarzt_buetzow.jpg\" \/>\n\t<meta property=\"og:image:width\" content=\"1200\" \/>\n\t<meta property=\"og:image:height\" content=\"500\" \/>\n\t<meta property=\"og:image:type\" content=\"image\/jpeg\" \/>\n<meta name=\"twitter:card\" content=\"summary_large_image\" \/>\n<meta name=\"twitter:label1\" content=\"Gesch\u00e4tzte Lesezeit\" \/>\n\t<meta name=\"twitter:data1\" content=\"2\u00a0Minuten\" \/>\n<script type=\"application\/ld+json\" class=\"yoast-schema-graph\">{\"@context\":\"https:\/\/schema.org\",\"@graph\":[{\"@type\":\"WebPage\",\"@id\":\"https:\/\/www.drewelow.de\/frauenarzt\/buetzow\/\",\"url\":\"https:\/\/www.drewelow.de\/frauenarzt\/buetzow\/\",\"name\":\"Frauen\u00e4rzte Drewelow B\u00fctzow - Startseite\",\"isPartOf\":{\"@id\":\"https:\/\/www.drewelow.de\/frauenarzt\/buetzow\/#website\"},\"primaryImageOfPage\":{\"@id\":\"https:\/\/www.drewelow.de\/frauenarzt\/buetzow\/#primaryimage\"},\"image\":{\"@id\":\"https:\/\/www.drewelow.de\/frauenarzt\/buetzow\/#primaryimage\"},\"thumbnailUrl\":\"https:\/\/www.drewelow.de\/frauenarzt\/buetzow\/wp-content\/uploads\/sites\/2\/2025\/12\/frauenarzt_buetzow.jpg\",\"datePublished\":\"2021-02-11T13:44:52+00:00\",\"dateModified\":\"2025-12-09T16:02:03+00:00\",\"description\":\"Frauenarztpraxis Drewelow in B\u00fctzow - Frauenarzt, Gyn\u00e4kologie, Geburtshilfe, Hormonberatung,Kinderwunsch, Operationen, Mifegyne, Frauen\u00e4rztin\",\"breadcrumb\":{\"@id\":\"https:\/\/www.drewelow.de\/frauenarzt\/buetzow\/#breadcrumb\"},\"inLanguage\":\"de\",\"potentialAction\":[{\"@type\":\"ReadAction\",\"target\":[\"https:\/\/www.drewelow.de\/frauenarzt\/buetzow\/\"]}]},{\"@type\":\"ImageObject\",\"inLanguage\":\"de\",\"@id\":\"https:\/\/www.drewelow.de\/frauenarzt\/buetzow\/#primaryimage\",\"url\":\"https:\/\/www.drewelow.de\/frauenarzt\/buetzow\/wp-content\/uploads\/sites\/2\/2025\/12\/frauenarzt_buetzow.jpg\",\"contentUrl\":\"https:\/\/www.drewelow.de\/frauenarzt\/buetzow\/wp-content\/uploads\/sites\/2\/2025\/12\/frauenarzt_buetzow.jpg\",\"width\":1200,\"height\":500,\"caption\":\"Frauenaerzte in B\u00fctzow\"},{\"@type\":\"BreadcrumbList\",\"@id\":\"https:\/\/www.drewelow.de\/frauenarzt\/buetzow\/#breadcrumb\",\"itemListElement\":[{\"@type\":\"ListItem\",\"position\":1,\"name\":\"Startseite\",\"item\":\"https:\/\/www.drewelow.de\/frauenarzt\/buetzow\/\"},{\"@type\":\"ListItem\",\"position\":2,\"name\":\"Startseite\"}]},{\"@type\":\"WebSite\",\"@id\":\"https:\/\/www.drewelow.de\/frauenarzt\/buetzow\/#website\",\"url\":\"https:\/\/www.drewelow.de\/frauenarzt\/buetzow\/\",\"name\":\"Frauen\u00e4rzte Drewelow B\u00fctzow\",\"description\":\"\",\"publisher\":{\"@id\":\"https:\/\/www.drewelow.de\/frauenarzt\/buetzow\/#organization\"},\"potentialAction\":[{\"@type\":\"SearchAction\",\"target\":{\"@type\":\"EntryPoint\",\"urlTemplate\":\"https:\/\/www.drewelow.de\/frauenarzt\/buetzow\/?s={search_term_string}\"},\"query-input\":{\"@type\":\"PropertyValueSpecification\",\"valueRequired\":true,\"valueName\":\"search_term_string\"}}],\"inLanguage\":\"de\"},{\"@type\":\"Organization\",\"@id\":\"https:\/\/www.drewelow.de\/frauenarzt\/buetzow\/#organization\",\"name\":\"Frauen\u00e4rzte Drewelow B\u00fctzow\",\"url\":\"https:\/\/www.drewelow.de\/frauenarzt\/buetzow\/\",\"logo\":{\"@type\":\"ImageObject\",\"inLanguage\":\"de\",\"@id\":\"https:\/\/www.drewelow.de\/frauenarzt\/buetzow\/#\/schema\/logo\/image\/\",\"url\":\"https:\/\/www.drewelow.de\/frauenarzt\/buetzow\/wp-content\/uploads\/sites\/2\/2021\/02\/logo_header.png\",\"contentUrl\":\"https:\/\/www.drewelow.de\/frauenarzt\/buetzow\/wp-content\/uploads\/sites\/2\/2021\/02\/logo_header.png\",\"width\":600,\"height\":230,\"caption\":\"Frauen\u00e4rzte Drewelow B\u00fctzow\"},\"image\":{\"@id\":\"https:\/\/www.drewelow.de\/frauenarzt\/buetzow\/#\/schema\/logo\/image\/\"}}]}<\/script>\n<!-- \/ Yoast SEO plugin. -->","yoast_head_json":{"title":"Frauen\u00e4rzte Drewelow B\u00fctzow - Startseite","description":"Frauenarztpraxis Drewelow in B\u00fctzow - Frauenarzt, Gyn\u00e4kologie, Geburtshilfe, Hormonberatung,Kinderwunsch, Operationen, Mifegyne, Frauen\u00e4rztin","robots":{"index":"index","follow":"follow","max-snippet":"max-snippet:-1","max-image-preview":"max-image-preview:large","max-video-preview":"max-video-preview:-1"},"canonical":"https:\/\/www.drewelow.de\/frauenarzt\/buetzow\/","og_locale":"de_DE","og_type":"article","og_title":"Frauen\u00e4rzte Drewelow B\u00fctzow - Startseite","og_description":"Frauenarztpraxis Drewelow in B\u00fctzow - Frauenarzt, Gyn\u00e4kologie, Geburtshilfe, Hormonberatung,Kinderwunsch, Operationen, Mifegyne, Frauen\u00e4rztin","og_url":"https:\/\/www.drewelow.de\/frauenarzt\/buetzow\/","og_site_name":"Frauen\u00e4rzte Drewelow B\u00fctzow","article_modified_time":"2025-12-09T16:02:03+00:00","og_image":[{"width":1200,"height":500,"url":"https:\/\/www.drewelow.de\/frauenarzt\/buetzow\/wp-content\/uploads\/sites\/2\/2025\/12\/frauenarzt_buetzow.jpg","type":"image\/jpeg"}],"twitter_card":"summary_large_image","twitter_misc":{"Gesch\u00e4tzte Lesezeit":"2\u00a0Minuten"},"schema":{"@context":"https:\/\/schema.org","@graph":[{"@type":"WebPage","@id":"https:\/\/www.drewelow.de\/frauenarzt\/buetzow\/","url":"https:\/\/www.drewelow.de\/frauenarzt\/buetzow\/","name":"Frauen\u00e4rzte Drewelow B\u00fctzow - Startseite","isPartOf":{"@id":"https:\/\/www.drewelow.de\/frauenarzt\/buetzow\/#website"},"primaryImageOfPage":{"@id":"https:\/\/www.drewelow.de\/frauenarzt\/buetzow\/#primaryimage"},"image":{"@id":"https:\/\/www.drewelow.de\/frauenarzt\/buetzow\/#primaryimage"},"thumbnailUrl":"https:\/\/www.drewelow.de\/frauenarzt\/buetzow\/wp-content\/uploads\/sites\/2\/2025\/12\/frauenarzt_buetzow.jpg","datePublished":"2021-02-11T13:44:52+00:00","dateModified":"2025-12-09T16:02:03+00:00","description":"Frauenarztpraxis Drewelow in B\u00fctzow - Frauenarzt, Gyn\u00e4kologie, Geburtshilfe, Hormonberatung,Kinderwunsch, Operationen, Mifegyne, Frauen\u00e4rztin","breadcrumb":{"@id":"https:\/\/www.drewelow.de\/frauenarzt\/buetzow\/#breadcrumb"},"inLanguage":"de","potentialAction":[{"@type":"ReadAction","target":["https:\/\/www.drewelow.de\/frauenarzt\/buetzow\/"]}]},{"@type":"ImageObject","inLanguage":"de","@id":"https:\/\/www.drewelow.de\/frauenarzt\/buetzow\/#primaryimage","url":"https:\/\/www.drewelow.de\/frauenarzt\/buetzow\/wp-content\/uploads\/sites\/2\/2025\/12\/frauenarzt_buetzow.jpg","contentUrl":"https:\/\/www.drewelow.de\/frauenarzt\/buetzow\/wp-content\/uploads\/sites\/2\/2025\/12\/frauenarzt_buetzow.jpg","width":1200,"height":500,"caption":"Frauenaerzte in B\u00fctzow"},{"@type":"BreadcrumbList","@id":"https:\/\/www.drewelow.de\/frauenarzt\/buetzow\/#breadcrumb","itemListElement":[{"@type":"ListItem","position":1,"name":"Startseite","item":"https:\/\/www.drewelow.de\/frauenarzt\/buetzow\/"},{"@type":"ListItem","position":2,"name":"Startseite"}]},{"@type":"WebSite","@id":"https:\/\/www.drewelow.de\/frauenarzt\/buetzow\/#website","url":"https:\/\/www.drewelow.de\/frauenarzt\/buetzow\/","name":"Frauen\u00e4rzte Drewelow B\u00fctzow","description":"","publisher":{"@id":"https:\/\/www.drewelow.de\/frauenarzt\/buetzow\/#organization"},"potentialAction":[{"@type":"SearchAction","target":{"@type":"EntryPoint","urlTemplate":"https:\/\/www.drewelow.de\/frauenarzt\/buetzow\/?s={search_term_string}"},"query-input":{"@type":"PropertyValueSpecification","valueRequired":true,"valueName":"search_term_string"}}],"inLanguage":"de"},{"@type":"Organization","@id":"https:\/\/www.drewelow.de\/frauenarzt\/buetzow\/#organization","name":"Frauen\u00e4rzte Drewelow B\u00fctzow","url":"https:\/\/www.drewelow.de\/frauenarzt\/buetzow\/","logo":{"@type":"ImageObject","inLanguage":"de","@id":"https:\/\/www.drewelow.de\/frauenarzt\/buetzow\/#\/schema\/logo\/image\/","url":"https:\/\/www.drewelow.de\/frauenarzt\/buetzow\/wp-content\/uploads\/sites\/2\/2021\/02\/logo_header.png","contentUrl":"https:\/\/www.drewelow.de\/frauenarzt\/buetzow\/wp-content\/uploads\/sites\/2\/2021\/02\/logo_header.png","width":600,"height":230,"caption":"Frauen\u00e4rzte Drewelow B\u00fctzow"},"image":{"@id":"https:\/\/www.drewelow.de\/frauenarzt\/buetzow\/#\/schema\/logo\/image\/"}}]}},"_links":{"self":[{"href":"https:\/\/www.drewelow.de\/frauenarzt\/buetzow\/wp-json\/wp\/v2\/pages\/2","targetHints":{"allow":["GET"]}}],"collection":[{"href":"https:\/\/www.drewelow.de\/frauenarzt\/buetzow\/wp-json\/wp\/v2\/pages"}],"about":[{"href":"https:\/\/www.drewelow.de\/frauenarzt\/buetzow\/wp-json\/wp\/v2\/types\/page"}],"author":[{"embeddable":true,"href":"https:\/\/www.drewelow.de\/frauenarzt\/buetzow\/wp-json\/wp\/v2\/users\/1"}],"replies":[{"embeddable":true,"href":"https:\/\/www.drewelow.de\/frauenarzt\/buetzow\/wp-json\/wp\/v2\/comments?post=2"}],"version-history":[{"count":46,"href":"https:\/\/www.drewelow.de\/frauenarzt\/buetzow\/wp-json\/wp\/v2\/pages\/2\/revisions"}],"predecessor-version":[{"id":1164,"href":"https:\/\/www.drewelow.de\/frauenarzt\/buetzow\/wp-json\/wp\/v2\/pages\/2\/revisions\/1164"}],"wp:featuredmedia":[{"embeddable":true,"href":"https:\/\/www.drewelow.de\/frauenarzt\/buetzow\/wp-json\/wp\/v2\/media\/1171"}],"wp:attachment":[{"href":"https:\/\/www.drewelow.de\/frauenarzt\/buetzow\/wp-json\/wp\/v2\/media?parent=2"}],"curies":[{"name":"wp","href":"https:\/\/api.w.org\/{rel}","templated":true}]}}