{"id":332,"date":"2021-03-01T16:13:02","date_gmt":"2021-03-01T15:13:02","guid":{"rendered":"https:\/\/www.drewelow.de\/frauenarzt\/buetzow\/?page_id=332"},"modified":"2021-04-15T17:37:24","modified_gmt":"2021-04-15T15:37:24","slug":"schwangerenbetreuung","status":"publish","type":"page","link":"https:\/\/www.drewelow.de\/frauenarzt\/buetzow\/leistungen\/schwangerenbetreuung\/","title":{"rendered":"Schwangerenbetreuung"},"content":{"rendered":"<div class=\"su-row\"><div class=\"su-column su-column-size-3-4 spalte1\"><div class=\"su-column-inner su-u-clearfix su-u-trim\">\n<h2>Wir versprechen Ihnen eine umfassende Betreuung, um Sie sicher durch die Schwangerschaft zu f\u00fchren.<\/h2>\n<p>Die Betreuung Ihre Schwangerschaft stellt einen unserer Behandlungsschwerpunkte dar und erfolgt nat\u00fcrlich entsprechend Mutterschaftsvorsorge-Richtlinie- auf Wunsch auch im Wechsel mit Ihrer betreuenden Hebamme<br \/>\nZus\u00e4tzlich zur gesetzlichen Mutterschaftsvorsorge bieten wir Ihnen Zusatzuntersuchungen an, die eine noch bessere und sicherere \u00dcberwachung Ihrer Schwangerschaft gew\u00e4hrleisten k\u00f6nnen.<\/p>\n<h3>Diese individuell erweiterte Schwangerschaftsvorsorge umfasst u.a. folgende Punkte:<\/h3>\n<ul>\n<li>Kombiniertes Ersttrimester-Screening (inkl. Nackentransparenzmessung), Triple-Test, NIPT (nicht invasiver Pr\u00e4natal-Test)<\/li>\n<li>Diagnostik schwangerschaftsrelevanter Infektionen (Streptokokken Gr. B, Cytomegalie, Toxoplasmose, Ringelr\u00f6teln)<\/li>\n<li>3D\/ 4D Ultraschall bei medizinischer Notwendigkeit<\/li>\n<\/ul>\n<\/div><\/div><div class=\"su-column su-column-size-1-4\"><div class=\"su-column-inner su-u-clearfix su-u-trim\"><img loading=\"lazy\" decoding=\"async\" src=\"https:\/\/www.drewelow.de\/frauenarzt\/buetzow\/wp-content\/uploads\/sites\/2\/2021\/04\/frauenarzt-buetzow_02.jpg\" alt=\"\" width=\"600\" height=\"400\" class=\"alignnone size-full wp-image-837\" srcset=\"https:\/\/www.drewelow.de\/frauenarzt\/buetzow\/wp-content\/uploads\/sites\/2\/2021\/04\/frauenarzt-buetzow_02.jpg 600w, https:\/\/www.drewelow.de\/frauenarzt\/buetzow\/wp-content\/uploads\/sites\/2\/2021\/04\/frauenarzt-buetzow_02-300x200.jpg 300w\" sizes=\"auto, (max-width: 600px) 100vw, 600px\" \/> <\/p>\n<p><img loading=\"lazy\" decoding=\"async\" src=\"https:\/\/www.drewelow.de\/frauenarzt\/buetzow\/wp-content\/uploads\/sites\/2\/2021\/03\/01.jpg\" alt=\"\" width=\"600\" height=\"400\" class=\"alignnone size-full wp-image-396\" srcset=\"https:\/\/www.drewelow.de\/frauenarzt\/buetzow\/wp-content\/uploads\/sites\/2\/2021\/03\/01.jpg 600w, https:\/\/www.drewelow.de\/frauenarzt\/buetzow\/wp-content\/uploads\/sites\/2\/2021\/03\/01-300x200.jpg 300w\" sizes=\"auto, (max-width: 600px) 100vw, 600px\" \/><\/div><\/div>\n<\/div>\n","protected":false},"excerpt":{"rendered":"","protected":false},"author":1,"featured_media":843,"parent":14,"menu_order":0,"comment_status":"closed","ping_status":"closed","template":"","meta":{"footnotes":""},"class_list":["post-332","page","type-page","status-publish","has-post-thumbnail","hentry"],"yoast_head":"<!-- This site is optimized with the Yoast SEO plugin v26.5 - https:\/\/yoast.com\/wordpress\/plugins\/seo\/ -->\n<title>Frauen\u00e4rzte Drewelow B\u00fctzow - Schwangerenbetreuung<\/title>\n<meta name=\"description\" content=\"Frauenarztpraxis Drewelow in B\u00fctzow - Frauenarzt, Gyn\u00e4kologie, Geburtshilfe, Hormonberatung,Kinderwunsch, Operationen, Mifegyne, Frauen\u00e4rztin\" \/>\n<meta name=\"robots\" content=\"index, follow, max-snippet:-1, max-image-preview:large, max-video-preview:-1\" \/>\n<link rel=\"canonical\" href=\"https:\/\/www.drewelow.de\/frauenarzt\/buetzow\/leistungen\/schwangerenbetreuung\/\" \/>\n<meta property=\"og:locale\" content=\"de_DE\" \/>\n<meta property=\"og:type\" content=\"article\" \/>\n<meta property=\"og:title\" content=\"Frauen\u00e4rzte Drewelow B\u00fctzow - Schwangerenbetreuung\" \/>\n<meta property=\"og:description\" content=\"Frauenarztpraxis Drewelow in B\u00fctzow - Frauenarzt, Gyn\u00e4kologie, Geburtshilfe, Hormonberatung,Kinderwunsch, Operationen, Mifegyne, Frauen\u00e4rztin\" \/>\n<meta property=\"og:url\" content=\"https:\/\/www.drewelow.de\/frauenarzt\/buetzow\/leistungen\/schwangerenbetreuung\/\" \/>\n<meta property=\"og:site_name\" content=\"Frauen\u00e4rzte Drewelow B\u00fctzow\" \/>\n<meta property=\"article:modified_time\" content=\"2021-04-15T15:37:24+00:00\" \/>\n<meta property=\"og:image\" content=\"https:\/\/www.drewelow.de\/frauenarzt\/buetzow\/wp-content\/uploads\/sites\/2\/2021\/04\/schwangerschaft-buetzow.jpg\" \/>\n\t<meta property=\"og:image:width\" content=\"1200\" \/>\n\t<meta property=\"og:image:height\" content=\"500\" \/>\n\t<meta property=\"og:image:type\" content=\"image\/jpeg\" \/>\n<meta name=\"twitter:card\" content=\"summary_large_image\" \/>\n<meta name=\"twitter:label1\" content=\"Gesch\u00e4tzte Lesezeit\" \/>\n\t<meta name=\"twitter:data1\" content=\"1\u00a0Minute\" \/>\n<script type=\"application\/ld+json\" class=\"yoast-schema-graph\">{\"@context\":\"https:\/\/schema.org\",\"@graph\":[{\"@type\":\"WebPage\",\"@id\":\"https:\/\/www.drewelow.de\/frauenarzt\/buetzow\/leistungen\/schwangerenbetreuung\/\",\"url\":\"https:\/\/www.drewelow.de\/frauenarzt\/buetzow\/leistungen\/schwangerenbetreuung\/\",\"name\":\"Frauen\u00e4rzte Drewelow B\u00fctzow - Schwangerenbetreuung\",\"isPartOf\":{\"@id\":\"https:\/\/www.drewelow.de\/frauenarzt\/buetzow\/#website\"},\"primaryImageOfPage\":{\"@id\":\"https:\/\/www.drewelow.de\/frauenarzt\/buetzow\/leistungen\/schwangerenbetreuung\/#primaryimage\"},\"image\":{\"@id\":\"https:\/\/www.drewelow.de\/frauenarzt\/buetzow\/leistungen\/schwangerenbetreuung\/#primaryimage\"},\"thumbnailUrl\":\"https:\/\/www.drewelow.de\/frauenarzt\/buetzow\/wp-content\/uploads\/sites\/2\/2021\/04\/schwangerschaft-buetzow.jpg\",\"datePublished\":\"2021-03-01T15:13:02+00:00\",\"dateModified\":\"2021-04-15T15:37:24+00:00\",\"description\":\"Frauenarztpraxis Drewelow in B\u00fctzow - Frauenarzt, Gyn\u00e4kologie, Geburtshilfe, Hormonberatung,Kinderwunsch, Operationen, Mifegyne, Frauen\u00e4rztin\",\"breadcrumb\":{\"@id\":\"https:\/\/www.drewelow.de\/frauenarzt\/buetzow\/leistungen\/schwangerenbetreuung\/#breadcrumb\"},\"inLanguage\":\"de\",\"potentialAction\":[{\"@type\":\"ReadAction\",\"target\":[\"https:\/\/www.drewelow.de\/frauenarzt\/buetzow\/leistungen\/schwangerenbetreuung\/\"]}]},{\"@type\":\"ImageObject\",\"inLanguage\":\"de\",\"@id\":\"https:\/\/www.drewelow.de\/frauenarzt\/buetzow\/leistungen\/schwangerenbetreuung\/#primaryimage\",\"url\":\"https:\/\/www.drewelow.de\/frauenarzt\/buetzow\/wp-content\/uploads\/sites\/2\/2021\/04\/schwangerschaft-buetzow.jpg\",\"contentUrl\":\"https:\/\/www.drewelow.de\/frauenarzt\/buetzow\/wp-content\/uploads\/sites\/2\/2021\/04\/schwangerschaft-buetzow.jpg\",\"width\":1200,\"height\":500},{\"@type\":\"BreadcrumbList\",\"@id\":\"https:\/\/www.drewelow.de\/frauenarzt\/buetzow\/leistungen\/schwangerenbetreuung\/#breadcrumb\",\"itemListElement\":[{\"@type\":\"ListItem\",\"position\":1,\"name\":\"Startseite\",\"item\":\"https:\/\/www.drewelow.de\/frauenarzt\/buetzow\/\"},{\"@type\":\"ListItem\",\"position\":2,\"name\":\"Leistungen\",\"item\":\"https:\/\/www.drewelow.de\/frauenarzt\/buetzow\/leistungen\/\"},{\"@type\":\"ListItem\",\"position\":3,\"name\":\"Schwangerenbetreuung\"}]},{\"@type\":\"WebSite\",\"@id\":\"https:\/\/www.drewelow.de\/frauenarzt\/buetzow\/#website\",\"url\":\"https:\/\/www.drewelow.de\/frauenarzt\/buetzow\/\",\"name\":\"Frauen\u00e4rzte Drewelow B\u00fctzow\",\"description\":\"\",\"publisher\":{\"@id\":\"https:\/\/www.drewelow.de\/frauenarzt\/buetzow\/#organization\"},\"potentialAction\":[{\"@type\":\"SearchAction\",\"target\":{\"@type\":\"EntryPoint\",\"urlTemplate\":\"https:\/\/www.drewelow.de\/frauenarzt\/buetzow\/?s={search_term_string}\"},\"query-input\":{\"@type\":\"PropertyValueSpecification\",\"valueRequired\":true,\"valueName\":\"search_term_string\"}}],\"inLanguage\":\"de\"},{\"@type\":\"Organization\",\"@id\":\"https:\/\/www.drewelow.de\/frauenarzt\/buetzow\/#organization\",\"name\":\"Frauen\u00e4rzte Drewelow B\u00fctzow\",\"url\":\"https:\/\/www.drewelow.de\/frauenarzt\/buetzow\/\",\"logo\":{\"@type\":\"ImageObject\",\"inLanguage\":\"de\",\"@id\":\"https:\/\/www.drewelow.de\/frauenarzt\/buetzow\/#\/schema\/logo\/image\/\",\"url\":\"https:\/\/www.drewelow.de\/frauenarzt\/buetzow\/wp-content\/uploads\/sites\/2\/2021\/02\/logo_header.png\",\"contentUrl\":\"https:\/\/www.drewelow.de\/frauenarzt\/buetzow\/wp-content\/uploads\/sites\/2\/2021\/02\/logo_header.png\",\"width\":600,\"height\":230,\"caption\":\"Frauen\u00e4rzte Drewelow B\u00fctzow\"},\"image\":{\"@id\":\"https:\/\/www.drewelow.de\/frauenarzt\/buetzow\/#\/schema\/logo\/image\/\"}}]}<\/script>\n<!-- \/ Yoast SEO plugin. -->","yoast_head_json":{"title":"Frauen\u00e4rzte Drewelow B\u00fctzow - Schwangerenbetreuung","description":"Frauenarztpraxis Drewelow in B\u00fctzow - Frauenarzt, Gyn\u00e4kologie, Geburtshilfe, Hormonberatung,Kinderwunsch, Operationen, Mifegyne, Frauen\u00e4rztin","robots":{"index":"index","follow":"follow","max-snippet":"max-snippet:-1","max-image-preview":"max-image-preview:large","max-video-preview":"max-video-preview:-1"},"canonical":"https:\/\/www.drewelow.de\/frauenarzt\/buetzow\/leistungen\/schwangerenbetreuung\/","og_locale":"de_DE","og_type":"article","og_title":"Frauen\u00e4rzte Drewelow B\u00fctzow - Schwangerenbetreuung","og_description":"Frauenarztpraxis Drewelow in B\u00fctzow - Frauenarzt, Gyn\u00e4kologie, Geburtshilfe, Hormonberatung,Kinderwunsch, Operationen, Mifegyne, Frauen\u00e4rztin","og_url":"https:\/\/www.drewelow.de\/frauenarzt\/buetzow\/leistungen\/schwangerenbetreuung\/","og_site_name":"Frauen\u00e4rzte Drewelow B\u00fctzow","article_modified_time":"2021-04-15T15:37:24+00:00","og_image":[{"width":1200,"height":500,"url":"https:\/\/www.drewelow.de\/frauenarzt\/buetzow\/wp-content\/uploads\/sites\/2\/2021\/04\/schwangerschaft-buetzow.jpg","type":"image\/jpeg"}],"twitter_card":"summary_large_image","twitter_misc":{"Gesch\u00e4tzte Lesezeit":"1\u00a0Minute"},"schema":{"@context":"https:\/\/schema.org","@graph":[{"@type":"WebPage","@id":"https:\/\/www.drewelow.de\/frauenarzt\/buetzow\/leistungen\/schwangerenbetreuung\/","url":"https:\/\/www.drewelow.de\/frauenarzt\/buetzow\/leistungen\/schwangerenbetreuung\/","name":"Frauen\u00e4rzte Drewelow B\u00fctzow - Schwangerenbetreuung","isPartOf":{"@id":"https:\/\/www.drewelow.de\/frauenarzt\/buetzow\/#website"},"primaryImageOfPage":{"@id":"https:\/\/www.drewelow.de\/frauenarzt\/buetzow\/leistungen\/schwangerenbetreuung\/#primaryimage"},"image":{"@id":"https:\/\/www.drewelow.de\/frauenarzt\/buetzow\/leistungen\/schwangerenbetreuung\/#primaryimage"},"thumbnailUrl":"https:\/\/www.drewelow.de\/frauenarzt\/buetzow\/wp-content\/uploads\/sites\/2\/2021\/04\/schwangerschaft-buetzow.jpg","datePublished":"2021-03-01T15:13:02+00:00","dateModified":"2021-04-15T15:37:24+00:00","description":"Frauenarztpraxis Drewelow in B\u00fctzow - Frauenarzt, Gyn\u00e4kologie, Geburtshilfe, Hormonberatung,Kinderwunsch, Operationen, Mifegyne, Frauen\u00e4rztin","breadcrumb":{"@id":"https:\/\/www.drewelow.de\/frauenarzt\/buetzow\/leistungen\/schwangerenbetreuung\/#breadcrumb"},"inLanguage":"de","potentialAction":[{"@type":"ReadAction","target":["https:\/\/www.drewelow.de\/frauenarzt\/buetzow\/leistungen\/schwangerenbetreuung\/"]}]},{"@type":"ImageObject","inLanguage":"de","@id":"https:\/\/www.drewelow.de\/frauenarzt\/buetzow\/leistungen\/schwangerenbetreuung\/#primaryimage","url":"https:\/\/www.drewelow.de\/frauenarzt\/buetzow\/wp-content\/uploads\/sites\/2\/2021\/04\/schwangerschaft-buetzow.jpg","contentUrl":"https:\/\/www.drewelow.de\/frauenarzt\/buetzow\/wp-content\/uploads\/sites\/2\/2021\/04\/schwangerschaft-buetzow.jpg","width":1200,"height":500},{"@type":"BreadcrumbList","@id":"https:\/\/www.drewelow.de\/frauenarzt\/buetzow\/leistungen\/schwangerenbetreuung\/#breadcrumb","itemListElement":[{"@type":"ListItem","position":1,"name":"Startseite","item":"https:\/\/www.drewelow.de\/frauenarzt\/buetzow\/"},{"@type":"ListItem","position":2,"name":"Leistungen","item":"https:\/\/www.drewelow.de\/frauenarzt\/buetzow\/leistungen\/"},{"@type":"ListItem","position":3,"name":"Schwangerenbetreuung"}]},{"@type":"WebSite","@id":"https:\/\/www.drewelow.de\/frauenarzt\/buetzow\/#website","url":"https:\/\/www.drewelow.de\/frauenarzt\/buetzow\/","name":"Frauen\u00e4rzte Drewelow B\u00fctzow","description":"","publisher":{"@id":"https:\/\/www.drewelow.de\/frauenarzt\/buetzow\/#organization"},"potentialAction":[{"@type":"SearchAction","target":{"@type":"EntryPoint","urlTemplate":"https:\/\/www.drewelow.de\/frauenarzt\/buetzow\/?s={search_term_string}"},"query-input":{"@type":"PropertyValueSpecification","valueRequired":true,"valueName":"search_term_string"}}],"inLanguage":"de"},{"@type":"Organization","@id":"https:\/\/www.drewelow.de\/frauenarzt\/buetzow\/#organization","name":"Frauen\u00e4rzte Drewelow B\u00fctzow","url":"https:\/\/www.drewelow.de\/frauenarzt\/buetzow\/","logo":{"@type":"ImageObject","inLanguage":"de","@id":"https:\/\/www.drewelow.de\/frauenarzt\/buetzow\/#\/schema\/logo\/image\/","url":"https:\/\/www.drewelow.de\/frauenarzt\/buetzow\/wp-content\/uploads\/sites\/2\/2021\/02\/logo_header.png","contentUrl":"https:\/\/www.drewelow.de\/frauenarzt\/buetzow\/wp-content\/uploads\/sites\/2\/2021\/02\/logo_header.png","width":600,"height":230,"caption":"Frauen\u00e4rzte Drewelow B\u00fctzow"},"image":{"@id":"https:\/\/www.drewelow.de\/frauenarzt\/buetzow\/#\/schema\/logo\/image\/"}}]}},"_links":{"self":[{"href":"https:\/\/www.drewelow.de\/frauenarzt\/buetzow\/wp-json\/wp\/v2\/pages\/332","targetHints":{"allow":["GET"]}}],"collection":[{"href":"https:\/\/www.drewelow.de\/frauenarzt\/buetzow\/wp-json\/wp\/v2\/pages"}],"about":[{"href":"https:\/\/www.drewelow.de\/frauenarzt\/buetzow\/wp-json\/wp\/v2\/types\/page"}],"author":[{"embeddable":true,"href":"https:\/\/www.drewelow.de\/frauenarzt\/buetzow\/wp-json\/wp\/v2\/users\/1"}],"replies":[{"embeddable":true,"href":"https:\/\/www.drewelow.de\/frauenarzt\/buetzow\/wp-json\/wp\/v2\/comments?post=332"}],"version-history":[{"count":38,"href":"https:\/\/www.drewelow.de\/frauenarzt\/buetzow\/wp-json\/wp\/v2\/pages\/332\/revisions"}],"predecessor-version":[{"id":844,"href":"https:\/\/www.drewelow.de\/frauenarzt\/buetzow\/wp-json\/wp\/v2\/pages\/332\/revisions\/844"}],"up":[{"embeddable":true,"href":"https:\/\/www.drewelow.de\/frauenarzt\/buetzow\/wp-json\/wp\/v2\/pages\/14"}],"wp:featuredmedia":[{"embeddable":true,"href":"https:\/\/www.drewelow.de\/frauenarzt\/buetzow\/wp-json\/wp\/v2\/media\/843"}],"wp:attachment":[{"href":"https:\/\/www.drewelow.de\/frauenarzt\/buetzow\/wp-json\/wp\/v2\/media?parent=332"}],"curies":[{"name":"wp","href":"https:\/\/api.w.org\/{rel}","templated":true}]}}