{"id":335,"date":"2021-03-01T16:14:27","date_gmt":"2021-03-01T15:14:27","guid":{"rendered":"https:\/\/www.drewelow.de\/frauenarzt\/buetzow\/?page_id=335"},"modified":"2025-12-09T12:23:27","modified_gmt":"2025-12-09T11:23:27","slug":"dysplasiesprechstunde","status":"publish","type":"page","link":"https:\/\/www.drewelow.de\/frauenarzt\/buetzow\/leistungen\/dysplasiesprechstunde\/","title":{"rendered":"Dysplasiesprechstunde"},"content":{"rendered":"<p>Die Dysplasiesprechstunde ist eine Spezialsprechstunde f\u00fcr Patientinnen mit Erkrankungen der Zervix (Geb\u00e4rmutterhals), Portio (Muttermund), Vagina (Scheide) und Vulva (Schamlippen). Es kann sich um entz\u00fcndliche Ver\u00e4nderungen sowie Infektionen (z.B. Condylome, sog. Feigwarzen) oder aber auch um dysplastische Ver\u00e4nderungen handeln.<\/p>\n<p>Eine Dysplasie ist eine Zellver\u00e4nderung der genitalen Haut, die nicht unbedingt b\u00f6sartig ist, jedoch Vorstufen von Krebserkrankungen darstellen kann. Sehr oft ist die Ursache eine Infektion mit sogenannten Humanen Papillomviren (HPV). Nicht alle Dysplasien entwickeln sich weiter zu Krebs. Die leichtgradigen Ver\u00e4nderungen heilen durch das Immunsystem in den meisten F\u00e4llen wieder aus. Eine genaue Beobachtung mit optischer Vergr\u00f6\u00dferung (Kolposkopie) stellt sicher, dass kein \u00dcbergang in schwerere Dysplasien \u00fcbersehen wird. Wenn erforderlich, kann dabei eine gezielte Biopsie entnommen werden. Mit steigendem Schweregrad der Dysplasie wird eine spontane R\u00fcckbildung unwahrscheinlicher. Meist dauert es viele Monate bis Jahre, bis sich aus einer Dysplasie Krebs entwickelt. Sie haben also meist Zeit, sich in Ruhe \u00fcber die Therapieoptionen zu informieren und eine an Ihre Lebenssituation angepasste Therapieentscheidung zu treffen.<\/p>\n<p>Nach \u00dcberweisung durch Ihre*n Gyn\u00e4kologin*Gyn\u00e4kologen \u2013 beispielsweise nach auff\u00e4lligen Abstrichen bei den Krebsvorsorgeuntersuchungen \u2013 k\u00f6nnen Sie einen ambulanten Untersuchungstermin bei uns vereinbaren.<\/p>\n","protected":false},"excerpt":{"rendered":"<p>Die Dysplasiesprechstunde ist eine Spezialsprechstunde f\u00fcr Patientinnen mit Erkrankungen der Zervix (Geb\u00e4rmutterhals), Portio (Muttermund), Vagina (Scheide) und Vulva (Schamlippen). Es kann sich um entz\u00fcndliche Ver\u00e4nderungen sowie Infektionen (z.B. Condylome, sog. Feigwarzen) oder aber auch um dysplastische Ver\u00e4nderungen handeln. Eine Dysplasie ist eine Zellver\u00e4nderung der genitalen Haut, die nicht unbedingt b\u00f6sartig ist, jedoch Vorstufen von Krebserkrankungen<a class=\"more-link\" href=\"https:\/\/www.drewelow.de\/frauenarzt\/buetzow\/leistungen\/dysplasiesprechstunde\/\">weiterlesen&#8230;<\/a><\/p>\n","protected":false},"author":1,"featured_media":1168,"parent":14,"menu_order":40,"comment_status":"closed","ping_status":"closed","template":"","meta":{"footnotes":""},"class_list":["post-335","page","type-page","status-publish","has-post-thumbnail","hentry"],"yoast_head":"<!-- This site is optimized with the Yoast SEO plugin v26.5 - https:\/\/yoast.com\/wordpress\/plugins\/seo\/ -->\n<title>Frauen\u00e4rzte Drewelow B\u00fctzow - Dysplasiesprechstunde<\/title>\n<meta name=\"description\" content=\"Frauenarztpraxis Drewelow in B\u00fctzow - Frauenarzt, Gyn\u00e4kologie, Geburtshilfe, Hormonberatung,Kinderwunsch, Operationen, Mifegyne, Frauen\u00e4rztin\" \/>\n<meta name=\"robots\" content=\"index, follow, max-snippet:-1, max-image-preview:large, max-video-preview:-1\" \/>\n<link rel=\"canonical\" href=\"https:\/\/www.drewelow.de\/frauenarzt\/buetzow\/leistungen\/dysplasiesprechstunde\/\" \/>\n<meta property=\"og:locale\" content=\"de_DE\" \/>\n<meta property=\"og:type\" content=\"article\" \/>\n<meta property=\"og:title\" content=\"Frauen\u00e4rzte Drewelow B\u00fctzow - Dysplasiesprechstunde\" \/>\n<meta property=\"og:description\" content=\"Frauenarztpraxis Drewelow in B\u00fctzow - Frauenarzt, Gyn\u00e4kologie, Geburtshilfe, Hormonberatung,Kinderwunsch, Operationen, Mifegyne, Frauen\u00e4rztin\" \/>\n<meta property=\"og:url\" content=\"https:\/\/www.drewelow.de\/frauenarzt\/buetzow\/leistungen\/dysplasiesprechstunde\/\" \/>\n<meta property=\"og:site_name\" content=\"Frauen\u00e4rzte Drewelow B\u00fctzow\" \/>\n<meta property=\"article:modified_time\" content=\"2025-12-09T11:23:27+00:00\" \/>\n<meta property=\"og:image\" content=\"https:\/\/www.drewelow.de\/frauenarzt\/buetzow\/wp-content\/uploads\/sites\/2\/2025\/12\/dysplasiesprechstunde.webp\" \/>\n\t<meta property=\"og:image:width\" content=\"1200\" \/>\n\t<meta property=\"og:image:height\" content=\"500\" \/>\n\t<meta property=\"og:image:type\" content=\"image\/webp\" \/>\n<meta name=\"twitter:card\" content=\"summary_large_image\" \/>\n<meta name=\"twitter:label1\" content=\"Gesch\u00e4tzte Lesezeit\" \/>\n\t<meta name=\"twitter:data1\" content=\"2\u00a0Minuten\" \/>\n<script type=\"application\/ld+json\" class=\"yoast-schema-graph\">{\"@context\":\"https:\/\/schema.org\",\"@graph\":[{\"@type\":\"WebPage\",\"@id\":\"https:\/\/www.drewelow.de\/frauenarzt\/buetzow\/leistungen\/dysplasiesprechstunde\/\",\"url\":\"https:\/\/www.drewelow.de\/frauenarzt\/buetzow\/leistungen\/dysplasiesprechstunde\/\",\"name\":\"Frauen\u00e4rzte Drewelow B\u00fctzow - Dysplasiesprechstunde\",\"isPartOf\":{\"@id\":\"https:\/\/www.drewelow.de\/frauenarzt\/buetzow\/#website\"},\"primaryImageOfPage\":{\"@id\":\"https:\/\/www.drewelow.de\/frauenarzt\/buetzow\/leistungen\/dysplasiesprechstunde\/#primaryimage\"},\"image\":{\"@id\":\"https:\/\/www.drewelow.de\/frauenarzt\/buetzow\/leistungen\/dysplasiesprechstunde\/#primaryimage\"},\"thumbnailUrl\":\"https:\/\/www.drewelow.de\/frauenarzt\/buetzow\/wp-content\/uploads\/sites\/2\/2025\/12\/dysplasiesprechstunde.webp\",\"datePublished\":\"2021-03-01T15:14:27+00:00\",\"dateModified\":\"2025-12-09T11:23:27+00:00\",\"description\":\"Frauenarztpraxis Drewelow in B\u00fctzow - Frauenarzt, Gyn\u00e4kologie, Geburtshilfe, Hormonberatung,Kinderwunsch, Operationen, Mifegyne, Frauen\u00e4rztin\",\"breadcrumb\":{\"@id\":\"https:\/\/www.drewelow.de\/frauenarzt\/buetzow\/leistungen\/dysplasiesprechstunde\/#breadcrumb\"},\"inLanguage\":\"de\",\"potentialAction\":[{\"@type\":\"ReadAction\",\"target\":[\"https:\/\/www.drewelow.de\/frauenarzt\/buetzow\/leistungen\/dysplasiesprechstunde\/\"]}]},{\"@type\":\"ImageObject\",\"inLanguage\":\"de\",\"@id\":\"https:\/\/www.drewelow.de\/frauenarzt\/buetzow\/leistungen\/dysplasiesprechstunde\/#primaryimage\",\"url\":\"https:\/\/www.drewelow.de\/frauenarzt\/buetzow\/wp-content\/uploads\/sites\/2\/2025\/12\/dysplasiesprechstunde.webp\",\"contentUrl\":\"https:\/\/www.drewelow.de\/frauenarzt\/buetzow\/wp-content\/uploads\/sites\/2\/2025\/12\/dysplasiesprechstunde.webp\",\"width\":1200,\"height\":500,\"caption\":\"Dysplasiesprechstunde\"},{\"@type\":\"BreadcrumbList\",\"@id\":\"https:\/\/www.drewelow.de\/frauenarzt\/buetzow\/leistungen\/dysplasiesprechstunde\/#breadcrumb\",\"itemListElement\":[{\"@type\":\"ListItem\",\"position\":1,\"name\":\"Startseite\",\"item\":\"https:\/\/www.drewelow.de\/frauenarzt\/buetzow\/\"},{\"@type\":\"ListItem\",\"position\":2,\"name\":\"Leistungen\",\"item\":\"https:\/\/www.drewelow.de\/frauenarzt\/buetzow\/leistungen\/\"},{\"@type\":\"ListItem\",\"position\":3,\"name\":\"Dysplasiesprechstunde\"}]},{\"@type\":\"WebSite\",\"@id\":\"https:\/\/www.drewelow.de\/frauenarzt\/buetzow\/#website\",\"url\":\"https:\/\/www.drewelow.de\/frauenarzt\/buetzow\/\",\"name\":\"Frauen\u00e4rzte Drewelow B\u00fctzow\",\"description\":\"\",\"publisher\":{\"@id\":\"https:\/\/www.drewelow.de\/frauenarzt\/buetzow\/#organization\"},\"potentialAction\":[{\"@type\":\"SearchAction\",\"target\":{\"@type\":\"EntryPoint\",\"urlTemplate\":\"https:\/\/www.drewelow.de\/frauenarzt\/buetzow\/?s={search_term_string}\"},\"query-input\":{\"@type\":\"PropertyValueSpecification\",\"valueRequired\":true,\"valueName\":\"search_term_string\"}}],\"inLanguage\":\"de\"},{\"@type\":\"Organization\",\"@id\":\"https:\/\/www.drewelow.de\/frauenarzt\/buetzow\/#organization\",\"name\":\"Frauen\u00e4rzte Drewelow B\u00fctzow\",\"url\":\"https:\/\/www.drewelow.de\/frauenarzt\/buetzow\/\",\"logo\":{\"@type\":\"ImageObject\",\"inLanguage\":\"de\",\"@id\":\"https:\/\/www.drewelow.de\/frauenarzt\/buetzow\/#\/schema\/logo\/image\/\",\"url\":\"https:\/\/www.drewelow.de\/frauenarzt\/buetzow\/wp-content\/uploads\/sites\/2\/2021\/02\/logo_header.png\",\"contentUrl\":\"https:\/\/www.drewelow.de\/frauenarzt\/buetzow\/wp-content\/uploads\/sites\/2\/2021\/02\/logo_header.png\",\"width\":600,\"height\":230,\"caption\":\"Frauen\u00e4rzte Drewelow B\u00fctzow\"},\"image\":{\"@id\":\"https:\/\/www.drewelow.de\/frauenarzt\/buetzow\/#\/schema\/logo\/image\/\"}}]}<\/script>\n<!-- \/ Yoast SEO plugin. -->","yoast_head_json":{"title":"Frauen\u00e4rzte Drewelow B\u00fctzow - Dysplasiesprechstunde","description":"Frauenarztpraxis Drewelow in B\u00fctzow - Frauenarzt, Gyn\u00e4kologie, Geburtshilfe, Hormonberatung,Kinderwunsch, Operationen, Mifegyne, Frauen\u00e4rztin","robots":{"index":"index","follow":"follow","max-snippet":"max-snippet:-1","max-image-preview":"max-image-preview:large","max-video-preview":"max-video-preview:-1"},"canonical":"https:\/\/www.drewelow.de\/frauenarzt\/buetzow\/leistungen\/dysplasiesprechstunde\/","og_locale":"de_DE","og_type":"article","og_title":"Frauen\u00e4rzte Drewelow B\u00fctzow - Dysplasiesprechstunde","og_description":"Frauenarztpraxis Drewelow in B\u00fctzow - Frauenarzt, Gyn\u00e4kologie, Geburtshilfe, Hormonberatung,Kinderwunsch, Operationen, Mifegyne, Frauen\u00e4rztin","og_url":"https:\/\/www.drewelow.de\/frauenarzt\/buetzow\/leistungen\/dysplasiesprechstunde\/","og_site_name":"Frauen\u00e4rzte Drewelow B\u00fctzow","article_modified_time":"2025-12-09T11:23:27+00:00","og_image":[{"width":1200,"height":500,"url":"https:\/\/www.drewelow.de\/frauenarzt\/buetzow\/wp-content\/uploads\/sites\/2\/2025\/12\/dysplasiesprechstunde.webp","type":"image\/webp"}],"twitter_card":"summary_large_image","twitter_misc":{"Gesch\u00e4tzte Lesezeit":"2\u00a0Minuten"},"schema":{"@context":"https:\/\/schema.org","@graph":[{"@type":"WebPage","@id":"https:\/\/www.drewelow.de\/frauenarzt\/buetzow\/leistungen\/dysplasiesprechstunde\/","url":"https:\/\/www.drewelow.de\/frauenarzt\/buetzow\/leistungen\/dysplasiesprechstunde\/","name":"Frauen\u00e4rzte Drewelow B\u00fctzow - Dysplasiesprechstunde","isPartOf":{"@id":"https:\/\/www.drewelow.de\/frauenarzt\/buetzow\/#website"},"primaryImageOfPage":{"@id":"https:\/\/www.drewelow.de\/frauenarzt\/buetzow\/leistungen\/dysplasiesprechstunde\/#primaryimage"},"image":{"@id":"https:\/\/www.drewelow.de\/frauenarzt\/buetzow\/leistungen\/dysplasiesprechstunde\/#primaryimage"},"thumbnailUrl":"https:\/\/www.drewelow.de\/frauenarzt\/buetzow\/wp-content\/uploads\/sites\/2\/2025\/12\/dysplasiesprechstunde.webp","datePublished":"2021-03-01T15:14:27+00:00","dateModified":"2025-12-09T11:23:27+00:00","description":"Frauenarztpraxis Drewelow in B\u00fctzow - Frauenarzt, Gyn\u00e4kologie, Geburtshilfe, Hormonberatung,Kinderwunsch, Operationen, Mifegyne, Frauen\u00e4rztin","breadcrumb":{"@id":"https:\/\/www.drewelow.de\/frauenarzt\/buetzow\/leistungen\/dysplasiesprechstunde\/#breadcrumb"},"inLanguage":"de","potentialAction":[{"@type":"ReadAction","target":["https:\/\/www.drewelow.de\/frauenarzt\/buetzow\/leistungen\/dysplasiesprechstunde\/"]}]},{"@type":"ImageObject","inLanguage":"de","@id":"https:\/\/www.drewelow.de\/frauenarzt\/buetzow\/leistungen\/dysplasiesprechstunde\/#primaryimage","url":"https:\/\/www.drewelow.de\/frauenarzt\/buetzow\/wp-content\/uploads\/sites\/2\/2025\/12\/dysplasiesprechstunde.webp","contentUrl":"https:\/\/www.drewelow.de\/frauenarzt\/buetzow\/wp-content\/uploads\/sites\/2\/2025\/12\/dysplasiesprechstunde.webp","width":1200,"height":500,"caption":"Dysplasiesprechstunde"},{"@type":"BreadcrumbList","@id":"https:\/\/www.drewelow.de\/frauenarzt\/buetzow\/leistungen\/dysplasiesprechstunde\/#breadcrumb","itemListElement":[{"@type":"ListItem","position":1,"name":"Startseite","item":"https:\/\/www.drewelow.de\/frauenarzt\/buetzow\/"},{"@type":"ListItem","position":2,"name":"Leistungen","item":"https:\/\/www.drewelow.de\/frauenarzt\/buetzow\/leistungen\/"},{"@type":"ListItem","position":3,"name":"Dysplasiesprechstunde"}]},{"@type":"WebSite","@id":"https:\/\/www.drewelow.de\/frauenarzt\/buetzow\/#website","url":"https:\/\/www.drewelow.de\/frauenarzt\/buetzow\/","name":"Frauen\u00e4rzte Drewelow B\u00fctzow","description":"","publisher":{"@id":"https:\/\/www.drewelow.de\/frauenarzt\/buetzow\/#organization"},"potentialAction":[{"@type":"SearchAction","target":{"@type":"EntryPoint","urlTemplate":"https:\/\/www.drewelow.de\/frauenarzt\/buetzow\/?s={search_term_string}"},"query-input":{"@type":"PropertyValueSpecification","valueRequired":true,"valueName":"search_term_string"}}],"inLanguage":"de"},{"@type":"Organization","@id":"https:\/\/www.drewelow.de\/frauenarzt\/buetzow\/#organization","name":"Frauen\u00e4rzte Drewelow B\u00fctzow","url":"https:\/\/www.drewelow.de\/frauenarzt\/buetzow\/","logo":{"@type":"ImageObject","inLanguage":"de","@id":"https:\/\/www.drewelow.de\/frauenarzt\/buetzow\/#\/schema\/logo\/image\/","url":"https:\/\/www.drewelow.de\/frauenarzt\/buetzow\/wp-content\/uploads\/sites\/2\/2021\/02\/logo_header.png","contentUrl":"https:\/\/www.drewelow.de\/frauenarzt\/buetzow\/wp-content\/uploads\/sites\/2\/2021\/02\/logo_header.png","width":600,"height":230,"caption":"Frauen\u00e4rzte Drewelow B\u00fctzow"},"image":{"@id":"https:\/\/www.drewelow.de\/frauenarzt\/buetzow\/#\/schema\/logo\/image\/"}}]}},"_links":{"self":[{"href":"https:\/\/www.drewelow.de\/frauenarzt\/buetzow\/wp-json\/wp\/v2\/pages\/335","targetHints":{"allow":["GET"]}}],"collection":[{"href":"https:\/\/www.drewelow.de\/frauenarzt\/buetzow\/wp-json\/wp\/v2\/pages"}],"about":[{"href":"https:\/\/www.drewelow.de\/frauenarzt\/buetzow\/wp-json\/wp\/v2\/types\/page"}],"author":[{"embeddable":true,"href":"https:\/\/www.drewelow.de\/frauenarzt\/buetzow\/wp-json\/wp\/v2\/users\/1"}],"replies":[{"embeddable":true,"href":"https:\/\/www.drewelow.de\/frauenarzt\/buetzow\/wp-json\/wp\/v2\/comments?post=335"}],"version-history":[{"count":8,"href":"https:\/\/www.drewelow.de\/frauenarzt\/buetzow\/wp-json\/wp\/v2\/pages\/335\/revisions"}],"predecessor-version":[{"id":1167,"href":"https:\/\/www.drewelow.de\/frauenarzt\/buetzow\/wp-json\/wp\/v2\/pages\/335\/revisions\/1167"}],"up":[{"embeddable":true,"href":"https:\/\/www.drewelow.de\/frauenarzt\/buetzow\/wp-json\/wp\/v2\/pages\/14"}],"wp:featuredmedia":[{"embeddable":true,"href":"https:\/\/www.drewelow.de\/frauenarzt\/buetzow\/wp-json\/wp\/v2\/media\/1168"}],"wp:attachment":[{"href":"https:\/\/www.drewelow.de\/frauenarzt\/buetzow\/wp-json\/wp\/v2\/media?parent=335"}],"curies":[{"name":"wp","href":"https:\/\/api.w.org\/{rel}","templated":true}]}}