{"id":341,"date":"2021-03-01T16:17:38","date_gmt":"2021-03-01T15:17:38","guid":{"rendered":"https:\/\/www.drewelow.de\/frauenarzt\/buetzow\/?page_id=341"},"modified":"2021-04-13T20:05:07","modified_gmt":"2021-04-13T18:05:07","slug":"krebsnachsorge-tumortherapie","status":"publish","type":"page","link":"https:\/\/www.drewelow.de\/frauenarzt\/buetzow\/leistungen\/krebsnachsorge-tumortherapie\/","title":{"rendered":"Krebsnachsorge \/ Tumortherapie"},"content":{"rendered":"<div class=\"su-row\"><div class=\"su-column su-column-size-3-4\"><div class=\"su-column-inner su-u-clearfix su-u-trim\">\n<h2>Zu den Herausforderungen der t\u00e4glichen frauen\u00e4rztlichen Praxis geh\u00f6ren auch die Therapie und Nachsorge gyn\u00e4kologischer Krebserkrankungen.<\/h2>\n<p>Hier arbeiten wir den aktuellen wissenschaftlichen Leitlinien der Fachgesellschaften folgend mit dem obersten Ziel der Wiederherstellung Ihrer Gesundheit oder des Erhalts derselben. <\/p>\n<p>Sie erwartet eine der Schwere Ihrer Erkrankung angemessene, umfassende und einf\u00fchlsame Betreuung sowie eine enge Kooperation mit den behandelnden Kollegen der anderen Fachrichtungen.<br \/>\n<\/div><\/div>\n<div class=\"su-column su-column-size-1-4\"><div class=\"su-column-inner su-u-clearfix su-u-trim\"><img loading=\"lazy\" decoding=\"async\" src=\"https:\/\/www.drewelow.de\/frauenarzt\/buetzow\/wp-content\/uploads\/sites\/2\/2021\/04\/urkunde2.jpeg\" alt=\"\" width=\"303\" height=\"398\" class=\"alignnone size-full wp-image-789\" srcset=\"https:\/\/www.drewelow.de\/frauenarzt\/buetzow\/wp-content\/uploads\/sites\/2\/2021\/04\/urkunde2.jpeg 303w, https:\/\/www.drewelow.de\/frauenarzt\/buetzow\/wp-content\/uploads\/sites\/2\/2021\/04\/urkunde2-228x300.jpeg 228w\" sizes=\"auto, (max-width: 303px) 100vw, 303px\" \/><br \/>\n<\/div><\/div>\n<\/div>\n","protected":false},"excerpt":{"rendered":"","protected":false},"author":1,"featured_media":784,"parent":14,"menu_order":15,"comment_status":"closed","ping_status":"closed","template":"","meta":{"footnotes":""},"class_list":["post-341","page","type-page","status-publish","has-post-thumbnail","hentry"],"yoast_head":"<!-- This site is optimized with the Yoast SEO plugin v26.5 - https:\/\/yoast.com\/wordpress\/plugins\/seo\/ -->\n<title>Frauen\u00e4rzte Drewelow B\u00fctzow - Krebsnachsorge \/ Tumortherapie<\/title>\n<meta name=\"description\" content=\"Frauenarztpraxis Drewelow in B\u00fctzow - Frauenarzt, Gyn\u00e4kologie, Geburtshilfe, Hormonberatung,Kinderwunsch, Operationen, Mifegyne, Frauen\u00e4rztin\" \/>\n<meta name=\"robots\" content=\"index, follow, max-snippet:-1, max-image-preview:large, max-video-preview:-1\" \/>\n<link rel=\"canonical\" href=\"https:\/\/www.drewelow.de\/frauenarzt\/buetzow\/leistungen\/krebsnachsorge-tumortherapie\/\" \/>\n<meta property=\"og:locale\" content=\"de_DE\" \/>\n<meta property=\"og:type\" content=\"article\" \/>\n<meta property=\"og:title\" content=\"Frauen\u00e4rzte Drewelow B\u00fctzow - Krebsnachsorge \/ Tumortherapie\" \/>\n<meta property=\"og:description\" content=\"Frauenarztpraxis Drewelow in B\u00fctzow - Frauenarzt, Gyn\u00e4kologie, Geburtshilfe, Hormonberatung,Kinderwunsch, Operationen, Mifegyne, Frauen\u00e4rztin\" \/>\n<meta property=\"og:url\" content=\"https:\/\/www.drewelow.de\/frauenarzt\/buetzow\/leistungen\/krebsnachsorge-tumortherapie\/\" \/>\n<meta property=\"og:site_name\" content=\"Frauen\u00e4rzte Drewelow B\u00fctzow\" \/>\n<meta property=\"article:modified_time\" content=\"2021-04-13T18:05:07+00:00\" \/>\n<meta property=\"og:image\" content=\"https:\/\/www.drewelow.de\/frauenarzt\/buetzow\/wp-content\/uploads\/sites\/2\/2021\/04\/nachsorge.jpeg\" \/>\n\t<meta property=\"og:image:width\" content=\"1200\" \/>\n\t<meta property=\"og:image:height\" content=\"500\" \/>\n\t<meta property=\"og:image:type\" content=\"image\/jpeg\" \/>\n<meta name=\"twitter:card\" content=\"summary_large_image\" \/>\n<meta name=\"twitter:label1\" content=\"Gesch\u00e4tzte Lesezeit\" \/>\n\t<meta name=\"twitter:data1\" content=\"1\u00a0Minute\" \/>\n<script type=\"application\/ld+json\" class=\"yoast-schema-graph\">{\"@context\":\"https:\/\/schema.org\",\"@graph\":[{\"@type\":\"WebPage\",\"@id\":\"https:\/\/www.drewelow.de\/frauenarzt\/buetzow\/leistungen\/krebsnachsorge-tumortherapie\/\",\"url\":\"https:\/\/www.drewelow.de\/frauenarzt\/buetzow\/leistungen\/krebsnachsorge-tumortherapie\/\",\"name\":\"Frauen\u00e4rzte Drewelow B\u00fctzow - Krebsnachsorge \/ Tumortherapie\",\"isPartOf\":{\"@id\":\"https:\/\/www.drewelow.de\/frauenarzt\/buetzow\/#website\"},\"primaryImageOfPage\":{\"@id\":\"https:\/\/www.drewelow.de\/frauenarzt\/buetzow\/leistungen\/krebsnachsorge-tumortherapie\/#primaryimage\"},\"image\":{\"@id\":\"https:\/\/www.drewelow.de\/frauenarzt\/buetzow\/leistungen\/krebsnachsorge-tumortherapie\/#primaryimage\"},\"thumbnailUrl\":\"https:\/\/www.drewelow.de\/frauenarzt\/buetzow\/wp-content\/uploads\/sites\/2\/2021\/04\/nachsorge.jpeg\",\"datePublished\":\"2021-03-01T15:17:38+00:00\",\"dateModified\":\"2021-04-13T18:05:07+00:00\",\"description\":\"Frauenarztpraxis Drewelow in B\u00fctzow - Frauenarzt, Gyn\u00e4kologie, Geburtshilfe, Hormonberatung,Kinderwunsch, Operationen, Mifegyne, Frauen\u00e4rztin\",\"breadcrumb\":{\"@id\":\"https:\/\/www.drewelow.de\/frauenarzt\/buetzow\/leistungen\/krebsnachsorge-tumortherapie\/#breadcrumb\"},\"inLanguage\":\"de\",\"potentialAction\":[{\"@type\":\"ReadAction\",\"target\":[\"https:\/\/www.drewelow.de\/frauenarzt\/buetzow\/leistungen\/krebsnachsorge-tumortherapie\/\"]}]},{\"@type\":\"ImageObject\",\"inLanguage\":\"de\",\"@id\":\"https:\/\/www.drewelow.de\/frauenarzt\/buetzow\/leistungen\/krebsnachsorge-tumortherapie\/#primaryimage\",\"url\":\"https:\/\/www.drewelow.de\/frauenarzt\/buetzow\/wp-content\/uploads\/sites\/2\/2021\/04\/nachsorge.jpeg\",\"contentUrl\":\"https:\/\/www.drewelow.de\/frauenarzt\/buetzow\/wp-content\/uploads\/sites\/2\/2021\/04\/nachsorge.jpeg\",\"width\":1200,\"height\":500,\"caption\":\"\u00a9 jd-photodesign \/ AdobeStock\"},{\"@type\":\"BreadcrumbList\",\"@id\":\"https:\/\/www.drewelow.de\/frauenarzt\/buetzow\/leistungen\/krebsnachsorge-tumortherapie\/#breadcrumb\",\"itemListElement\":[{\"@type\":\"ListItem\",\"position\":1,\"name\":\"Startseite\",\"item\":\"https:\/\/www.drewelow.de\/frauenarzt\/buetzow\/\"},{\"@type\":\"ListItem\",\"position\":2,\"name\":\"Leistungen\",\"item\":\"https:\/\/www.drewelow.de\/frauenarzt\/buetzow\/leistungen\/\"},{\"@type\":\"ListItem\",\"position\":3,\"name\":\"Krebsnachsorge \/ Tumortherapie\"}]},{\"@type\":\"WebSite\",\"@id\":\"https:\/\/www.drewelow.de\/frauenarzt\/buetzow\/#website\",\"url\":\"https:\/\/www.drewelow.de\/frauenarzt\/buetzow\/\",\"name\":\"Frauen\u00e4rzte Drewelow B\u00fctzow\",\"description\":\"\",\"publisher\":{\"@id\":\"https:\/\/www.drewelow.de\/frauenarzt\/buetzow\/#organization\"},\"potentialAction\":[{\"@type\":\"SearchAction\",\"target\":{\"@type\":\"EntryPoint\",\"urlTemplate\":\"https:\/\/www.drewelow.de\/frauenarzt\/buetzow\/?s={search_term_string}\"},\"query-input\":{\"@type\":\"PropertyValueSpecification\",\"valueRequired\":true,\"valueName\":\"search_term_string\"}}],\"inLanguage\":\"de\"},{\"@type\":\"Organization\",\"@id\":\"https:\/\/www.drewelow.de\/frauenarzt\/buetzow\/#organization\",\"name\":\"Frauen\u00e4rzte Drewelow B\u00fctzow\",\"url\":\"https:\/\/www.drewelow.de\/frauenarzt\/buetzow\/\",\"logo\":{\"@type\":\"ImageObject\",\"inLanguage\":\"de\",\"@id\":\"https:\/\/www.drewelow.de\/frauenarzt\/buetzow\/#\/schema\/logo\/image\/\",\"url\":\"https:\/\/www.drewelow.de\/frauenarzt\/buetzow\/wp-content\/uploads\/sites\/2\/2021\/02\/logo_header.png\",\"contentUrl\":\"https:\/\/www.drewelow.de\/frauenarzt\/buetzow\/wp-content\/uploads\/sites\/2\/2021\/02\/logo_header.png\",\"width\":600,\"height\":230,\"caption\":\"Frauen\u00e4rzte Drewelow B\u00fctzow\"},\"image\":{\"@id\":\"https:\/\/www.drewelow.de\/frauenarzt\/buetzow\/#\/schema\/logo\/image\/\"}}]}<\/script>\n<!-- \/ Yoast SEO plugin. -->","yoast_head_json":{"title":"Frauen\u00e4rzte Drewelow B\u00fctzow - Krebsnachsorge \/ Tumortherapie","description":"Frauenarztpraxis Drewelow in B\u00fctzow - Frauenarzt, Gyn\u00e4kologie, Geburtshilfe, Hormonberatung,Kinderwunsch, Operationen, Mifegyne, Frauen\u00e4rztin","robots":{"index":"index","follow":"follow","max-snippet":"max-snippet:-1","max-image-preview":"max-image-preview:large","max-video-preview":"max-video-preview:-1"},"canonical":"https:\/\/www.drewelow.de\/frauenarzt\/buetzow\/leistungen\/krebsnachsorge-tumortherapie\/","og_locale":"de_DE","og_type":"article","og_title":"Frauen\u00e4rzte Drewelow B\u00fctzow - Krebsnachsorge \/ Tumortherapie","og_description":"Frauenarztpraxis Drewelow in B\u00fctzow - Frauenarzt, Gyn\u00e4kologie, Geburtshilfe, Hormonberatung,Kinderwunsch, Operationen, Mifegyne, Frauen\u00e4rztin","og_url":"https:\/\/www.drewelow.de\/frauenarzt\/buetzow\/leistungen\/krebsnachsorge-tumortherapie\/","og_site_name":"Frauen\u00e4rzte Drewelow B\u00fctzow","article_modified_time":"2021-04-13T18:05:07+00:00","og_image":[{"width":1200,"height":500,"url":"https:\/\/www.drewelow.de\/frauenarzt\/buetzow\/wp-content\/uploads\/sites\/2\/2021\/04\/nachsorge.jpeg","type":"image\/jpeg"}],"twitter_card":"summary_large_image","twitter_misc":{"Gesch\u00e4tzte Lesezeit":"1\u00a0Minute"},"schema":{"@context":"https:\/\/schema.org","@graph":[{"@type":"WebPage","@id":"https:\/\/www.drewelow.de\/frauenarzt\/buetzow\/leistungen\/krebsnachsorge-tumortherapie\/","url":"https:\/\/www.drewelow.de\/frauenarzt\/buetzow\/leistungen\/krebsnachsorge-tumortherapie\/","name":"Frauen\u00e4rzte Drewelow B\u00fctzow - Krebsnachsorge \/ Tumortherapie","isPartOf":{"@id":"https:\/\/www.drewelow.de\/frauenarzt\/buetzow\/#website"},"primaryImageOfPage":{"@id":"https:\/\/www.drewelow.de\/frauenarzt\/buetzow\/leistungen\/krebsnachsorge-tumortherapie\/#primaryimage"},"image":{"@id":"https:\/\/www.drewelow.de\/frauenarzt\/buetzow\/leistungen\/krebsnachsorge-tumortherapie\/#primaryimage"},"thumbnailUrl":"https:\/\/www.drewelow.de\/frauenarzt\/buetzow\/wp-content\/uploads\/sites\/2\/2021\/04\/nachsorge.jpeg","datePublished":"2021-03-01T15:17:38+00:00","dateModified":"2021-04-13T18:05:07+00:00","description":"Frauenarztpraxis Drewelow in B\u00fctzow - Frauenarzt, Gyn\u00e4kologie, Geburtshilfe, Hormonberatung,Kinderwunsch, Operationen, Mifegyne, Frauen\u00e4rztin","breadcrumb":{"@id":"https:\/\/www.drewelow.de\/frauenarzt\/buetzow\/leistungen\/krebsnachsorge-tumortherapie\/#breadcrumb"},"inLanguage":"de","potentialAction":[{"@type":"ReadAction","target":["https:\/\/www.drewelow.de\/frauenarzt\/buetzow\/leistungen\/krebsnachsorge-tumortherapie\/"]}]},{"@type":"ImageObject","inLanguage":"de","@id":"https:\/\/www.drewelow.de\/frauenarzt\/buetzow\/leistungen\/krebsnachsorge-tumortherapie\/#primaryimage","url":"https:\/\/www.drewelow.de\/frauenarzt\/buetzow\/wp-content\/uploads\/sites\/2\/2021\/04\/nachsorge.jpeg","contentUrl":"https:\/\/www.drewelow.de\/frauenarzt\/buetzow\/wp-content\/uploads\/sites\/2\/2021\/04\/nachsorge.jpeg","width":1200,"height":500,"caption":"\u00a9 jd-photodesign \/ AdobeStock"},{"@type":"BreadcrumbList","@id":"https:\/\/www.drewelow.de\/frauenarzt\/buetzow\/leistungen\/krebsnachsorge-tumortherapie\/#breadcrumb","itemListElement":[{"@type":"ListItem","position":1,"name":"Startseite","item":"https:\/\/www.drewelow.de\/frauenarzt\/buetzow\/"},{"@type":"ListItem","position":2,"name":"Leistungen","item":"https:\/\/www.drewelow.de\/frauenarzt\/buetzow\/leistungen\/"},{"@type":"ListItem","position":3,"name":"Krebsnachsorge \/ Tumortherapie"}]},{"@type":"WebSite","@id":"https:\/\/www.drewelow.de\/frauenarzt\/buetzow\/#website","url":"https:\/\/www.drewelow.de\/frauenarzt\/buetzow\/","name":"Frauen\u00e4rzte Drewelow B\u00fctzow","description":"","publisher":{"@id":"https:\/\/www.drewelow.de\/frauenarzt\/buetzow\/#organization"},"potentialAction":[{"@type":"SearchAction","target":{"@type":"EntryPoint","urlTemplate":"https:\/\/www.drewelow.de\/frauenarzt\/buetzow\/?s={search_term_string}"},"query-input":{"@type":"PropertyValueSpecification","valueRequired":true,"valueName":"search_term_string"}}],"inLanguage":"de"},{"@type":"Organization","@id":"https:\/\/www.drewelow.de\/frauenarzt\/buetzow\/#organization","name":"Frauen\u00e4rzte Drewelow B\u00fctzow","url":"https:\/\/www.drewelow.de\/frauenarzt\/buetzow\/","logo":{"@type":"ImageObject","inLanguage":"de","@id":"https:\/\/www.drewelow.de\/frauenarzt\/buetzow\/#\/schema\/logo\/image\/","url":"https:\/\/www.drewelow.de\/frauenarzt\/buetzow\/wp-content\/uploads\/sites\/2\/2021\/02\/logo_header.png","contentUrl":"https:\/\/www.drewelow.de\/frauenarzt\/buetzow\/wp-content\/uploads\/sites\/2\/2021\/02\/logo_header.png","width":600,"height":230,"caption":"Frauen\u00e4rzte Drewelow B\u00fctzow"},"image":{"@id":"https:\/\/www.drewelow.de\/frauenarzt\/buetzow\/#\/schema\/logo\/image\/"}}]}},"_links":{"self":[{"href":"https:\/\/www.drewelow.de\/frauenarzt\/buetzow\/wp-json\/wp\/v2\/pages\/341","targetHints":{"allow":["GET"]}}],"collection":[{"href":"https:\/\/www.drewelow.de\/frauenarzt\/buetzow\/wp-json\/wp\/v2\/pages"}],"about":[{"href":"https:\/\/www.drewelow.de\/frauenarzt\/buetzow\/wp-json\/wp\/v2\/types\/page"}],"author":[{"embeddable":true,"href":"https:\/\/www.drewelow.de\/frauenarzt\/buetzow\/wp-json\/wp\/v2\/users\/1"}],"replies":[{"embeddable":true,"href":"https:\/\/www.drewelow.de\/frauenarzt\/buetzow\/wp-json\/wp\/v2\/comments?post=341"}],"version-history":[{"count":8,"href":"https:\/\/www.drewelow.de\/frauenarzt\/buetzow\/wp-json\/wp\/v2\/pages\/341\/revisions"}],"predecessor-version":[{"id":793,"href":"https:\/\/www.drewelow.de\/frauenarzt\/buetzow\/wp-json\/wp\/v2\/pages\/341\/revisions\/793"}],"up":[{"embeddable":true,"href":"https:\/\/www.drewelow.de\/frauenarzt\/buetzow\/wp-json\/wp\/v2\/pages\/14"}],"wp:featuredmedia":[{"embeddable":true,"href":"https:\/\/www.drewelow.de\/frauenarzt\/buetzow\/wp-json\/wp\/v2\/media\/784"}],"wp:attachment":[{"href":"https:\/\/www.drewelow.de\/frauenarzt\/buetzow\/wp-json\/wp\/v2\/media?parent=341"}],"curies":[{"name":"wp","href":"https:\/\/api.w.org\/{rel}","templated":true}]}}