{"id":343,"date":"2021-03-01T16:18:55","date_gmt":"2021-03-01T15:18:55","guid":{"rendered":"https:\/\/www.drewelow.de\/frauenarzt\/buetzow\/?page_id=343"},"modified":"2021-04-12T21:24:40","modified_gmt":"2021-04-12T19:24:40","slug":"kinderwunsch","status":"publish","type":"page","link":"https:\/\/www.drewelow.de\/frauenarzt\/buetzow\/leistungen\/kinderwunsch\/","title":{"rendered":"Kinderwunsch"},"content":{"rendered":"<h2>Kinder sind f\u00fcr viele Paare ein gro\u00dfer Wunsch.<\/h2>\n<p>Damit Sie gut auf Ihre Schwangerschaft vorbereitet sind, beraten wir Sie gern im Hinblick auf im Vorfeld empfohlene Impfungen, Nahrungserg\u00e4nzung und Verhalten.<\/p>\n<p>Kommt es bei einem Paar nach etwa 12 Monaten ungesch\u00fctztem Verkehr nicht zu einer Schwangerschaft, so sprechen wir von Sterilit\u00e4t und sp\u00e4testens jetzt stehen wir dem immer h\u00e4ufiger anzutreffenden Thema des unerf\u00fcllten Kinderwunsches gegen\u00fcber. Die Belastung- psychisch, aber auch k\u00f6rperlich, die dieser unerf\u00fcllte Wunsch auf Dauer ausl\u00f6st, wird oft untersch\u00e4tzt. Wir m\u00f6chten Unsicherheit nehmen, Gewissheit und Perspektiven schaffen mithilfe der inzwischen vielf\u00e4ltigen medizinischen Hilfen und Techniken.<\/p>\n<p>Kinderlosigkeit hat viele Ursachen. Dem Alter der Frau, die sich ein Kind w\u00fcnscht, kommt eine nicht unerhebliche Bedeutung zu. Das Durchschnittsalter aber, in dem sich Frauen f\u00fcr eine Realisierung des gemeinsamen Kinderwunsches entscheiden, hat sich in den vergangenen Jahren nach oben verschoben. Die Zeugungsf\u00e4higkeit des Mannes bleibt zwar l\u00e4nger erhalten, dennoch findet sich in der Ursachensuche f\u00fcr eine ungewollte Kinderlosigkeit in bis zu 40 % der F\u00e4lle eine Unfruchtbarkeit des Mannes. Da die Diagnose beim Mann \u00fcber ein Spermiogramm sehr leicht zu stellen ist, werden wir Ihren Partner auch immer schon recht fr\u00fch in die Diagnostik mit einbinden.<\/p>\n<p>Hormonanalyse, Fertilit\u00e4tsbestimmung, Zyklusmonitoring und weitere Ma\u00dfnahmen f\u00fchren wir in unserer Praxis durch. Dar\u00fcber hinaus kommen sowohl naturheilkundliche Empfehlungen wie auch medikament\u00f6se Stimulationstherapien zum Einsatz. Eine enge pers\u00f6nliche und kollegiale Zusammenarbeit mit den erreichbaren Kinderwunschzentren ist f\u00fcr uns selbstverst\u00e4ndlich.<\/p>\n","protected":false},"excerpt":{"rendered":"<p>Kinder sind f\u00fcr viele Paare ein gro\u00dfer Wunsch. Damit Sie gut auf Ihre Schwangerschaft vorbereitet sind, beraten wir Sie gern im Hinblick auf im Vorfeld empfohlene Impfungen, Nahrungserg\u00e4nzung und Verhalten. Kommt es bei einem Paar nach etwa 12 Monaten ungesch\u00fctztem Verkehr nicht zu einer Schwangerschaft, so sprechen wir von Sterilit\u00e4t und sp\u00e4testens jetzt stehen wir<a class=\"more-link\" href=\"https:\/\/www.drewelow.de\/frauenarzt\/buetzow\/leistungen\/kinderwunsch\/\">weiterlesen&#8230;<\/a><\/p>\n","protected":false},"author":1,"featured_media":382,"parent":14,"menu_order":20,"comment_status":"closed","ping_status":"closed","template":"","meta":{"footnotes":""},"class_list":["post-343","page","type-page","status-publish","has-post-thumbnail","hentry"],"yoast_head":"<!-- This site is optimized with the Yoast SEO plugin v26.5 - https:\/\/yoast.com\/wordpress\/plugins\/seo\/ -->\n<title>Frauen\u00e4rzte Drewelow B\u00fctzow - Kinderwunsch<\/title>\n<meta name=\"description\" content=\"Frauenarztpraxis Drewelow in B\u00fctzow - Frauenarzt, Gyn\u00e4kologie, Geburtshilfe, Hormonberatung,Kinderwunsch, Operationen, Mifegyne, Frauen\u00e4rztin\" \/>\n<meta name=\"robots\" content=\"index, follow, max-snippet:-1, max-image-preview:large, max-video-preview:-1\" \/>\n<link rel=\"canonical\" href=\"https:\/\/www.drewelow.de\/frauenarzt\/buetzow\/leistungen\/kinderwunsch\/\" \/>\n<meta property=\"og:locale\" content=\"de_DE\" \/>\n<meta property=\"og:type\" content=\"article\" \/>\n<meta property=\"og:title\" content=\"Frauen\u00e4rzte Drewelow B\u00fctzow - Kinderwunsch\" \/>\n<meta property=\"og:description\" content=\"Frauenarztpraxis Drewelow in B\u00fctzow - Frauenarzt, Gyn\u00e4kologie, Geburtshilfe, Hormonberatung,Kinderwunsch, Operationen, Mifegyne, Frauen\u00e4rztin\" \/>\n<meta property=\"og:url\" content=\"https:\/\/www.drewelow.de\/frauenarzt\/buetzow\/leistungen\/kinderwunsch\/\" \/>\n<meta property=\"og:site_name\" content=\"Frauen\u00e4rzte Drewelow B\u00fctzow\" \/>\n<meta property=\"article:modified_time\" content=\"2021-04-12T19:24:40+00:00\" \/>\n<meta property=\"og:image\" content=\"https:\/\/www.drewelow.de\/frauenarzt\/buetzow\/wp-content\/uploads\/sites\/2\/2021\/03\/kinderwunsch.jpg\" \/>\n\t<meta property=\"og:image:width\" content=\"1200\" \/>\n\t<meta property=\"og:image:height\" content=\"500\" \/>\n\t<meta property=\"og:image:type\" content=\"image\/jpeg\" \/>\n<meta name=\"twitter:card\" content=\"summary_large_image\" \/>\n<meta name=\"twitter:label1\" content=\"Gesch\u00e4tzte Lesezeit\" \/>\n\t<meta name=\"twitter:data1\" content=\"2\u00a0Minuten\" \/>\n<script type=\"application\/ld+json\" class=\"yoast-schema-graph\">{\"@context\":\"https:\/\/schema.org\",\"@graph\":[{\"@type\":\"WebPage\",\"@id\":\"https:\/\/www.drewelow.de\/frauenarzt\/buetzow\/leistungen\/kinderwunsch\/\",\"url\":\"https:\/\/www.drewelow.de\/frauenarzt\/buetzow\/leistungen\/kinderwunsch\/\",\"name\":\"Frauen\u00e4rzte Drewelow B\u00fctzow - Kinderwunsch\",\"isPartOf\":{\"@id\":\"https:\/\/www.drewelow.de\/frauenarzt\/buetzow\/#website\"},\"primaryImageOfPage\":{\"@id\":\"https:\/\/www.drewelow.de\/frauenarzt\/buetzow\/leistungen\/kinderwunsch\/#primaryimage\"},\"image\":{\"@id\":\"https:\/\/www.drewelow.de\/frauenarzt\/buetzow\/leistungen\/kinderwunsch\/#primaryimage\"},\"thumbnailUrl\":\"https:\/\/www.drewelow.de\/frauenarzt\/buetzow\/wp-content\/uploads\/sites\/2\/2021\/03\/kinderwunsch.jpg\",\"datePublished\":\"2021-03-01T15:18:55+00:00\",\"dateModified\":\"2021-04-12T19:24:40+00:00\",\"description\":\"Frauenarztpraxis Drewelow in B\u00fctzow - Frauenarzt, Gyn\u00e4kologie, Geburtshilfe, Hormonberatung,Kinderwunsch, Operationen, Mifegyne, Frauen\u00e4rztin\",\"breadcrumb\":{\"@id\":\"https:\/\/www.drewelow.de\/frauenarzt\/buetzow\/leistungen\/kinderwunsch\/#breadcrumb\"},\"inLanguage\":\"de\",\"potentialAction\":[{\"@type\":\"ReadAction\",\"target\":[\"https:\/\/www.drewelow.de\/frauenarzt\/buetzow\/leistungen\/kinderwunsch\/\"]}]},{\"@type\":\"ImageObject\",\"inLanguage\":\"de\",\"@id\":\"https:\/\/www.drewelow.de\/frauenarzt\/buetzow\/leistungen\/kinderwunsch\/#primaryimage\",\"url\":\"https:\/\/www.drewelow.de\/frauenarzt\/buetzow\/wp-content\/uploads\/sites\/2\/2021\/03\/kinderwunsch.jpg\",\"contentUrl\":\"https:\/\/www.drewelow.de\/frauenarzt\/buetzow\/wp-content\/uploads\/sites\/2\/2021\/03\/kinderwunsch.jpg\",\"width\":1200,\"height\":500},{\"@type\":\"BreadcrumbList\",\"@id\":\"https:\/\/www.drewelow.de\/frauenarzt\/buetzow\/leistungen\/kinderwunsch\/#breadcrumb\",\"itemListElement\":[{\"@type\":\"ListItem\",\"position\":1,\"name\":\"Startseite\",\"item\":\"https:\/\/www.drewelow.de\/frauenarzt\/buetzow\/\"},{\"@type\":\"ListItem\",\"position\":2,\"name\":\"Leistungen\",\"item\":\"https:\/\/www.drewelow.de\/frauenarzt\/buetzow\/leistungen\/\"},{\"@type\":\"ListItem\",\"position\":3,\"name\":\"Kinderwunsch\"}]},{\"@type\":\"WebSite\",\"@id\":\"https:\/\/www.drewelow.de\/frauenarzt\/buetzow\/#website\",\"url\":\"https:\/\/www.drewelow.de\/frauenarzt\/buetzow\/\",\"name\":\"Frauen\u00e4rzte Drewelow B\u00fctzow\",\"description\":\"\",\"publisher\":{\"@id\":\"https:\/\/www.drewelow.de\/frauenarzt\/buetzow\/#organization\"},\"potentialAction\":[{\"@type\":\"SearchAction\",\"target\":{\"@type\":\"EntryPoint\",\"urlTemplate\":\"https:\/\/www.drewelow.de\/frauenarzt\/buetzow\/?s={search_term_string}\"},\"query-input\":{\"@type\":\"PropertyValueSpecification\",\"valueRequired\":true,\"valueName\":\"search_term_string\"}}],\"inLanguage\":\"de\"},{\"@type\":\"Organization\",\"@id\":\"https:\/\/www.drewelow.de\/frauenarzt\/buetzow\/#organization\",\"name\":\"Frauen\u00e4rzte Drewelow B\u00fctzow\",\"url\":\"https:\/\/www.drewelow.de\/frauenarzt\/buetzow\/\",\"logo\":{\"@type\":\"ImageObject\",\"inLanguage\":\"de\",\"@id\":\"https:\/\/www.drewelow.de\/frauenarzt\/buetzow\/#\/schema\/logo\/image\/\",\"url\":\"https:\/\/www.drewelow.de\/frauenarzt\/buetzow\/wp-content\/uploads\/sites\/2\/2021\/02\/logo_header.png\",\"contentUrl\":\"https:\/\/www.drewelow.de\/frauenarzt\/buetzow\/wp-content\/uploads\/sites\/2\/2021\/02\/logo_header.png\",\"width\":600,\"height\":230,\"caption\":\"Frauen\u00e4rzte Drewelow B\u00fctzow\"},\"image\":{\"@id\":\"https:\/\/www.drewelow.de\/frauenarzt\/buetzow\/#\/schema\/logo\/image\/\"}}]}<\/script>\n<!-- \/ Yoast SEO plugin. -->","yoast_head_json":{"title":"Frauen\u00e4rzte Drewelow B\u00fctzow - Kinderwunsch","description":"Frauenarztpraxis Drewelow in B\u00fctzow - Frauenarzt, Gyn\u00e4kologie, Geburtshilfe, Hormonberatung,Kinderwunsch, Operationen, Mifegyne, Frauen\u00e4rztin","robots":{"index":"index","follow":"follow","max-snippet":"max-snippet:-1","max-image-preview":"max-image-preview:large","max-video-preview":"max-video-preview:-1"},"canonical":"https:\/\/www.drewelow.de\/frauenarzt\/buetzow\/leistungen\/kinderwunsch\/","og_locale":"de_DE","og_type":"article","og_title":"Frauen\u00e4rzte Drewelow B\u00fctzow - Kinderwunsch","og_description":"Frauenarztpraxis Drewelow in B\u00fctzow - Frauenarzt, Gyn\u00e4kologie, Geburtshilfe, Hormonberatung,Kinderwunsch, Operationen, Mifegyne, Frauen\u00e4rztin","og_url":"https:\/\/www.drewelow.de\/frauenarzt\/buetzow\/leistungen\/kinderwunsch\/","og_site_name":"Frauen\u00e4rzte Drewelow B\u00fctzow","article_modified_time":"2021-04-12T19:24:40+00:00","og_image":[{"width":1200,"height":500,"url":"https:\/\/www.drewelow.de\/frauenarzt\/buetzow\/wp-content\/uploads\/sites\/2\/2021\/03\/kinderwunsch.jpg","type":"image\/jpeg"}],"twitter_card":"summary_large_image","twitter_misc":{"Gesch\u00e4tzte Lesezeit":"2\u00a0Minuten"},"schema":{"@context":"https:\/\/schema.org","@graph":[{"@type":"WebPage","@id":"https:\/\/www.drewelow.de\/frauenarzt\/buetzow\/leistungen\/kinderwunsch\/","url":"https:\/\/www.drewelow.de\/frauenarzt\/buetzow\/leistungen\/kinderwunsch\/","name":"Frauen\u00e4rzte Drewelow B\u00fctzow - Kinderwunsch","isPartOf":{"@id":"https:\/\/www.drewelow.de\/frauenarzt\/buetzow\/#website"},"primaryImageOfPage":{"@id":"https:\/\/www.drewelow.de\/frauenarzt\/buetzow\/leistungen\/kinderwunsch\/#primaryimage"},"image":{"@id":"https:\/\/www.drewelow.de\/frauenarzt\/buetzow\/leistungen\/kinderwunsch\/#primaryimage"},"thumbnailUrl":"https:\/\/www.drewelow.de\/frauenarzt\/buetzow\/wp-content\/uploads\/sites\/2\/2021\/03\/kinderwunsch.jpg","datePublished":"2021-03-01T15:18:55+00:00","dateModified":"2021-04-12T19:24:40+00:00","description":"Frauenarztpraxis Drewelow in B\u00fctzow - Frauenarzt, Gyn\u00e4kologie, Geburtshilfe, Hormonberatung,Kinderwunsch, Operationen, Mifegyne, Frauen\u00e4rztin","breadcrumb":{"@id":"https:\/\/www.drewelow.de\/frauenarzt\/buetzow\/leistungen\/kinderwunsch\/#breadcrumb"},"inLanguage":"de","potentialAction":[{"@type":"ReadAction","target":["https:\/\/www.drewelow.de\/frauenarzt\/buetzow\/leistungen\/kinderwunsch\/"]}]},{"@type":"ImageObject","inLanguage":"de","@id":"https:\/\/www.drewelow.de\/frauenarzt\/buetzow\/leistungen\/kinderwunsch\/#primaryimage","url":"https:\/\/www.drewelow.de\/frauenarzt\/buetzow\/wp-content\/uploads\/sites\/2\/2021\/03\/kinderwunsch.jpg","contentUrl":"https:\/\/www.drewelow.de\/frauenarzt\/buetzow\/wp-content\/uploads\/sites\/2\/2021\/03\/kinderwunsch.jpg","width":1200,"height":500},{"@type":"BreadcrumbList","@id":"https:\/\/www.drewelow.de\/frauenarzt\/buetzow\/leistungen\/kinderwunsch\/#breadcrumb","itemListElement":[{"@type":"ListItem","position":1,"name":"Startseite","item":"https:\/\/www.drewelow.de\/frauenarzt\/buetzow\/"},{"@type":"ListItem","position":2,"name":"Leistungen","item":"https:\/\/www.drewelow.de\/frauenarzt\/buetzow\/leistungen\/"},{"@type":"ListItem","position":3,"name":"Kinderwunsch"}]},{"@type":"WebSite","@id":"https:\/\/www.drewelow.de\/frauenarzt\/buetzow\/#website","url":"https:\/\/www.drewelow.de\/frauenarzt\/buetzow\/","name":"Frauen\u00e4rzte Drewelow B\u00fctzow","description":"","publisher":{"@id":"https:\/\/www.drewelow.de\/frauenarzt\/buetzow\/#organization"},"potentialAction":[{"@type":"SearchAction","target":{"@type":"EntryPoint","urlTemplate":"https:\/\/www.drewelow.de\/frauenarzt\/buetzow\/?s={search_term_string}"},"query-input":{"@type":"PropertyValueSpecification","valueRequired":true,"valueName":"search_term_string"}}],"inLanguage":"de"},{"@type":"Organization","@id":"https:\/\/www.drewelow.de\/frauenarzt\/buetzow\/#organization","name":"Frauen\u00e4rzte Drewelow B\u00fctzow","url":"https:\/\/www.drewelow.de\/frauenarzt\/buetzow\/","logo":{"@type":"ImageObject","inLanguage":"de","@id":"https:\/\/www.drewelow.de\/frauenarzt\/buetzow\/#\/schema\/logo\/image\/","url":"https:\/\/www.drewelow.de\/frauenarzt\/buetzow\/wp-content\/uploads\/sites\/2\/2021\/02\/logo_header.png","contentUrl":"https:\/\/www.drewelow.de\/frauenarzt\/buetzow\/wp-content\/uploads\/sites\/2\/2021\/02\/logo_header.png","width":600,"height":230,"caption":"Frauen\u00e4rzte Drewelow B\u00fctzow"},"image":{"@id":"https:\/\/www.drewelow.de\/frauenarzt\/buetzow\/#\/schema\/logo\/image\/"}}]}},"_links":{"self":[{"href":"https:\/\/www.drewelow.de\/frauenarzt\/buetzow\/wp-json\/wp\/v2\/pages\/343","targetHints":{"allow":["GET"]}}],"collection":[{"href":"https:\/\/www.drewelow.de\/frauenarzt\/buetzow\/wp-json\/wp\/v2\/pages"}],"about":[{"href":"https:\/\/www.drewelow.de\/frauenarzt\/buetzow\/wp-json\/wp\/v2\/types\/page"}],"author":[{"embeddable":true,"href":"https:\/\/www.drewelow.de\/frauenarzt\/buetzow\/wp-json\/wp\/v2\/users\/1"}],"replies":[{"embeddable":true,"href":"https:\/\/www.drewelow.de\/frauenarzt\/buetzow\/wp-json\/wp\/v2\/comments?post=343"}],"version-history":[{"count":2,"href":"https:\/\/www.drewelow.de\/frauenarzt\/buetzow\/wp-json\/wp\/v2\/pages\/343\/revisions"}],"predecessor-version":[{"id":545,"href":"https:\/\/www.drewelow.de\/frauenarzt\/buetzow\/wp-json\/wp\/v2\/pages\/343\/revisions\/545"}],"up":[{"embeddable":true,"href":"https:\/\/www.drewelow.de\/frauenarzt\/buetzow\/wp-json\/wp\/v2\/pages\/14"}],"wp:featuredmedia":[{"embeddable":true,"href":"https:\/\/www.drewelow.de\/frauenarzt\/buetzow\/wp-json\/wp\/v2\/media\/382"}],"wp:attachment":[{"href":"https:\/\/www.drewelow.de\/frauenarzt\/buetzow\/wp-json\/wp\/v2\/media?parent=343"}],"curies":[{"name":"wp","href":"https:\/\/api.w.org\/{rel}","templated":true}]}}