{"id":347,"date":"2021-03-01T16:24:47","date_gmt":"2021-03-01T15:24:47","guid":{"rendered":"https:\/\/www.drewelow.de\/frauenarzt\/buetzow\/?page_id=347"},"modified":"2021-04-15T17:33:14","modified_gmt":"2021-04-15T15:33:14","slug":"gynaekologie","status":"publish","type":"page","link":"https:\/\/www.drewelow.de\/frauenarzt\/buetzow\/leistungen\/gynaekologie\/","title":{"rendered":"Gyn\u00e4kologie"},"content":{"rendered":"<h2>Gesundheit und Medizin sind hochkomplexe Themen<\/h2>\n<p>So haben wir uns auf mehrere Gebiete spezialisiert, damit wir Sie stets kompetent und auf dem neuesten Stand der Wissenschaft behandeln k\u00f6nnen. Regelm\u00e4\u00dfige Weiterbildungen auf diesem Gebiet sind selbstverst\u00e4ndlicher Bestandteil unseres professionellen Anspruchs. In unserer gyn\u00e4kologischen Praxis bekommen Sie als Frau jeder Altersstufe individuell, nach Ihren W\u00fcnschen und Sorgen, eine umfassende Beratung und Behandlung.<\/p>\n<p>Eine hochmoderne technische Ausstattung an allen Standorten ist dabei f\u00fcr uns selbstverst\u00e4ndlich und dient unserer Diagnosesicherheit und Ihrer Gesundheit.<\/p>\n<h3>Unser t\u00e4gliches gyn\u00e4kologisches Leistungsspektrum beinhaltet viele Facetten:<\/h3>\n<ul>\n<li>Frauen\u00e4rztliche Kern-Kompetenz: Die Verh\u00fctung.<\/li>\n<li>Klassische Pille, Minipille, Verh\u00fctungs-Ring, Hormonimplantat, 3-Monats-Spritze, klassische Spirale: s\u00e4mtliche Kupferpr\u00e4parate inkl. Intrauterinball und Kupferkette \/ Gynefix, Hormonspiralen?<\/li>\n<li>Oder doch Zyklusmonitoring, Verh\u00fctungscomputer, Ovulationstest, Kondom, Pessar?<\/li>\n<\/ul>\n<p>Die Wahl der Verh\u00fctungsmethode ist in erster Line abh\u00e4ngig vom Patientenwunsch &#8211; wir beraten Sie entsprechend Ihrer Krankheitsvorgeschichte und der selbst erhobenen Untersuchungsbefunde ausf\u00fchrlich und individuell.<\/p>\n<h3>Daneben umfasst die gyn\u00e4kologische Sprechstunde:<\/h3>\n<ul>\n<li>Durchf\u00fchrung der Krebsfr\u00fcherkennung entsprechend gesetzlicher Richtlinie<\/li>\n<li>Erweiterte Fr\u00fcherkennungsma\u00dfnahmen &#8211; wir beraten Sie auf Wunsch ausf\u00fchrlich und individuell<\/li>\n<li>Diagnostik und Therapie von Geb\u00e4rmutterver\u00e4nderungen (Diagnostik und Therapie von Myomen, Endometriose, Adenomyosis uteri usw.)<\/li>\n<\/ul>\n<h2>Senkungsbeschwerden und Inkontinenz<\/h2>\n<p>Selbst erlerntes Beckenbodentraining, Physiotherapie, Verordnung medizinischer Hilfsmittel, medikament\u00f6se Therapie, Pessar-Therapie. Nat\u00fcrlich beraten wir Sie nach Aussch\u00f6pfung der konservativen Ma\u00dfnahmen auch \u00fcber die Durchf\u00fchrung operativer Ma\u00dfnahmen. Durch unsere langj\u00e4hrige ambulante T\u00e4tigkeit stehen wir in engem Kontakt mit den operativen urogyn\u00e4kologischen Abteilungen der Kliniken im engen und erweiterten Umkreis und werden Sie gern beraten.<\/p>\n<h2>Impfungen<\/h2>\n<p>Unsere Impfberatung umfasst nat\u00fcrlich nicht nur die Impfung gegen Geb\u00e4rmutterhalskrebs (HPV-Impfung) sondern auch anstehende Impfungen vor einer geplanten oder w\u00e4hrend einer Schwangerschaft. Auch die saisonale Grippeschutzimpfung wird in unserer Praxis durchgef\u00fchrt, daneben auch Impfungen bei wiederkehrender Blasen- oder Scheiden-Infektion.<\/p>\n","protected":false},"excerpt":{"rendered":"<p>Gesundheit und Medizin sind hochkomplexe Themen So haben wir uns auf mehrere Gebiete spezialisiert, damit wir Sie stets kompetent und auf dem neuesten Stand der Wissenschaft behandeln k\u00f6nnen. Regelm\u00e4\u00dfige Weiterbildungen auf diesem Gebiet sind selbstverst\u00e4ndlicher Bestandteil unseres professionellen Anspruchs. In unserer gyn\u00e4kologischen Praxis bekommen Sie als Frau jeder Altersstufe individuell, nach Ihren W\u00fcnschen und Sorgen,<a class=\"more-link\" href=\"https:\/\/www.drewelow.de\/frauenarzt\/buetzow\/leistungen\/gynaekologie\/\">weiterlesen&#8230;<\/a><\/p>\n","protected":false},"author":1,"featured_media":842,"parent":14,"menu_order":30,"comment_status":"closed","ping_status":"closed","template":"","meta":{"footnotes":""},"class_list":["post-347","page","type-page","status-publish","has-post-thumbnail","hentry"],"yoast_head":"<!-- This site is optimized with the Yoast SEO plugin v26.5 - https:\/\/yoast.com\/wordpress\/plugins\/seo\/ -->\n<title>Frauen\u00e4rzte Drewelow B\u00fctzow - Gyn\u00e4kologie<\/title>\n<meta name=\"description\" content=\"Frauenarztpraxis Drewelow in B\u00fctzow - Frauenarzt, Gyn\u00e4kologie, Geburtshilfe, Hormonberatung,Kinderwunsch, Operationen, Mifegyne, Frauen\u00e4rztin\" \/>\n<meta name=\"robots\" content=\"index, follow, max-snippet:-1, max-image-preview:large, max-video-preview:-1\" \/>\n<link rel=\"canonical\" href=\"https:\/\/www.drewelow.de\/frauenarzt\/buetzow\/leistungen\/gynaekologie\/\" \/>\n<meta property=\"og:locale\" content=\"de_DE\" \/>\n<meta property=\"og:type\" content=\"article\" \/>\n<meta property=\"og:title\" content=\"Frauen\u00e4rzte Drewelow B\u00fctzow - Gyn\u00e4kologie\" \/>\n<meta property=\"og:description\" content=\"Frauenarztpraxis Drewelow in B\u00fctzow - Frauenarzt, Gyn\u00e4kologie, Geburtshilfe, Hormonberatung,Kinderwunsch, Operationen, Mifegyne, Frauen\u00e4rztin\" \/>\n<meta property=\"og:url\" content=\"https:\/\/www.drewelow.de\/frauenarzt\/buetzow\/leistungen\/gynaekologie\/\" \/>\n<meta property=\"og:site_name\" content=\"Frauen\u00e4rzte Drewelow B\u00fctzow\" \/>\n<meta property=\"article:modified_time\" content=\"2021-04-15T15:33:14+00:00\" \/>\n<meta property=\"og:image\" content=\"https:\/\/www.drewelow.de\/frauenarzt\/buetzow\/wp-content\/uploads\/sites\/2\/2021\/04\/gynaekologie-buetzow.jpg\" \/>\n\t<meta property=\"og:image:width\" content=\"1200\" \/>\n\t<meta property=\"og:image:height\" content=\"500\" \/>\n\t<meta property=\"og:image:type\" content=\"image\/jpeg\" \/>\n<meta name=\"twitter:card\" content=\"summary_large_image\" \/>\n<meta name=\"twitter:label1\" content=\"Gesch\u00e4tzte Lesezeit\" \/>\n\t<meta name=\"twitter:data1\" content=\"2\u00a0Minuten\" \/>\n<script type=\"application\/ld+json\" class=\"yoast-schema-graph\">{\"@context\":\"https:\/\/schema.org\",\"@graph\":[{\"@type\":\"WebPage\",\"@id\":\"https:\/\/www.drewelow.de\/frauenarzt\/buetzow\/leistungen\/gynaekologie\/\",\"url\":\"https:\/\/www.drewelow.de\/frauenarzt\/buetzow\/leistungen\/gynaekologie\/\",\"name\":\"Frauen\u00e4rzte Drewelow B\u00fctzow - Gyn\u00e4kologie\",\"isPartOf\":{\"@id\":\"https:\/\/www.drewelow.de\/frauenarzt\/buetzow\/#website\"},\"primaryImageOfPage\":{\"@id\":\"https:\/\/www.drewelow.de\/frauenarzt\/buetzow\/leistungen\/gynaekologie\/#primaryimage\"},\"image\":{\"@id\":\"https:\/\/www.drewelow.de\/frauenarzt\/buetzow\/leistungen\/gynaekologie\/#primaryimage\"},\"thumbnailUrl\":\"https:\/\/www.drewelow.de\/frauenarzt\/buetzow\/wp-content\/uploads\/sites\/2\/2021\/04\/gynaekologie-buetzow.jpg\",\"datePublished\":\"2021-03-01T15:24:47+00:00\",\"dateModified\":\"2021-04-15T15:33:14+00:00\",\"description\":\"Frauenarztpraxis Drewelow in B\u00fctzow - Frauenarzt, Gyn\u00e4kologie, Geburtshilfe, Hormonberatung,Kinderwunsch, Operationen, Mifegyne, Frauen\u00e4rztin\",\"breadcrumb\":{\"@id\":\"https:\/\/www.drewelow.de\/frauenarzt\/buetzow\/leistungen\/gynaekologie\/#breadcrumb\"},\"inLanguage\":\"de\",\"potentialAction\":[{\"@type\":\"ReadAction\",\"target\":[\"https:\/\/www.drewelow.de\/frauenarzt\/buetzow\/leistungen\/gynaekologie\/\"]}]},{\"@type\":\"ImageObject\",\"inLanguage\":\"de\",\"@id\":\"https:\/\/www.drewelow.de\/frauenarzt\/buetzow\/leistungen\/gynaekologie\/#primaryimage\",\"url\":\"https:\/\/www.drewelow.de\/frauenarzt\/buetzow\/wp-content\/uploads\/sites\/2\/2021\/04\/gynaekologie-buetzow.jpg\",\"contentUrl\":\"https:\/\/www.drewelow.de\/frauenarzt\/buetzow\/wp-content\/uploads\/sites\/2\/2021\/04\/gynaekologie-buetzow.jpg\",\"width\":1200,\"height\":500},{\"@type\":\"BreadcrumbList\",\"@id\":\"https:\/\/www.drewelow.de\/frauenarzt\/buetzow\/leistungen\/gynaekologie\/#breadcrumb\",\"itemListElement\":[{\"@type\":\"ListItem\",\"position\":1,\"name\":\"Startseite\",\"item\":\"https:\/\/www.drewelow.de\/frauenarzt\/buetzow\/\"},{\"@type\":\"ListItem\",\"position\":2,\"name\":\"Leistungen\",\"item\":\"https:\/\/www.drewelow.de\/frauenarzt\/buetzow\/leistungen\/\"},{\"@type\":\"ListItem\",\"position\":3,\"name\":\"Gyn\u00e4kologie\"}]},{\"@type\":\"WebSite\",\"@id\":\"https:\/\/www.drewelow.de\/frauenarzt\/buetzow\/#website\",\"url\":\"https:\/\/www.drewelow.de\/frauenarzt\/buetzow\/\",\"name\":\"Frauen\u00e4rzte Drewelow B\u00fctzow\",\"description\":\"\",\"publisher\":{\"@id\":\"https:\/\/www.drewelow.de\/frauenarzt\/buetzow\/#organization\"},\"potentialAction\":[{\"@type\":\"SearchAction\",\"target\":{\"@type\":\"EntryPoint\",\"urlTemplate\":\"https:\/\/www.drewelow.de\/frauenarzt\/buetzow\/?s={search_term_string}\"},\"query-input\":{\"@type\":\"PropertyValueSpecification\",\"valueRequired\":true,\"valueName\":\"search_term_string\"}}],\"inLanguage\":\"de\"},{\"@type\":\"Organization\",\"@id\":\"https:\/\/www.drewelow.de\/frauenarzt\/buetzow\/#organization\",\"name\":\"Frauen\u00e4rzte Drewelow B\u00fctzow\",\"url\":\"https:\/\/www.drewelow.de\/frauenarzt\/buetzow\/\",\"logo\":{\"@type\":\"ImageObject\",\"inLanguage\":\"de\",\"@id\":\"https:\/\/www.drewelow.de\/frauenarzt\/buetzow\/#\/schema\/logo\/image\/\",\"url\":\"https:\/\/www.drewelow.de\/frauenarzt\/buetzow\/wp-content\/uploads\/sites\/2\/2021\/02\/logo_header.png\",\"contentUrl\":\"https:\/\/www.drewelow.de\/frauenarzt\/buetzow\/wp-content\/uploads\/sites\/2\/2021\/02\/logo_header.png\",\"width\":600,\"height\":230,\"caption\":\"Frauen\u00e4rzte Drewelow B\u00fctzow\"},\"image\":{\"@id\":\"https:\/\/www.drewelow.de\/frauenarzt\/buetzow\/#\/schema\/logo\/image\/\"}}]}<\/script>\n<!-- \/ Yoast SEO plugin. -->","yoast_head_json":{"title":"Frauen\u00e4rzte Drewelow B\u00fctzow - Gyn\u00e4kologie","description":"Frauenarztpraxis Drewelow in B\u00fctzow - Frauenarzt, Gyn\u00e4kologie, Geburtshilfe, Hormonberatung,Kinderwunsch, Operationen, Mifegyne, Frauen\u00e4rztin","robots":{"index":"index","follow":"follow","max-snippet":"max-snippet:-1","max-image-preview":"max-image-preview:large","max-video-preview":"max-video-preview:-1"},"canonical":"https:\/\/www.drewelow.de\/frauenarzt\/buetzow\/leistungen\/gynaekologie\/","og_locale":"de_DE","og_type":"article","og_title":"Frauen\u00e4rzte Drewelow B\u00fctzow - Gyn\u00e4kologie","og_description":"Frauenarztpraxis Drewelow in B\u00fctzow - Frauenarzt, Gyn\u00e4kologie, Geburtshilfe, Hormonberatung,Kinderwunsch, Operationen, Mifegyne, Frauen\u00e4rztin","og_url":"https:\/\/www.drewelow.de\/frauenarzt\/buetzow\/leistungen\/gynaekologie\/","og_site_name":"Frauen\u00e4rzte Drewelow B\u00fctzow","article_modified_time":"2021-04-15T15:33:14+00:00","og_image":[{"width":1200,"height":500,"url":"https:\/\/www.drewelow.de\/frauenarzt\/buetzow\/wp-content\/uploads\/sites\/2\/2021\/04\/gynaekologie-buetzow.jpg","type":"image\/jpeg"}],"twitter_card":"summary_large_image","twitter_misc":{"Gesch\u00e4tzte Lesezeit":"2\u00a0Minuten"},"schema":{"@context":"https:\/\/schema.org","@graph":[{"@type":"WebPage","@id":"https:\/\/www.drewelow.de\/frauenarzt\/buetzow\/leistungen\/gynaekologie\/","url":"https:\/\/www.drewelow.de\/frauenarzt\/buetzow\/leistungen\/gynaekologie\/","name":"Frauen\u00e4rzte Drewelow B\u00fctzow - Gyn\u00e4kologie","isPartOf":{"@id":"https:\/\/www.drewelow.de\/frauenarzt\/buetzow\/#website"},"primaryImageOfPage":{"@id":"https:\/\/www.drewelow.de\/frauenarzt\/buetzow\/leistungen\/gynaekologie\/#primaryimage"},"image":{"@id":"https:\/\/www.drewelow.de\/frauenarzt\/buetzow\/leistungen\/gynaekologie\/#primaryimage"},"thumbnailUrl":"https:\/\/www.drewelow.de\/frauenarzt\/buetzow\/wp-content\/uploads\/sites\/2\/2021\/04\/gynaekologie-buetzow.jpg","datePublished":"2021-03-01T15:24:47+00:00","dateModified":"2021-04-15T15:33:14+00:00","description":"Frauenarztpraxis Drewelow in B\u00fctzow - Frauenarzt, Gyn\u00e4kologie, Geburtshilfe, Hormonberatung,Kinderwunsch, Operationen, Mifegyne, Frauen\u00e4rztin","breadcrumb":{"@id":"https:\/\/www.drewelow.de\/frauenarzt\/buetzow\/leistungen\/gynaekologie\/#breadcrumb"},"inLanguage":"de","potentialAction":[{"@type":"ReadAction","target":["https:\/\/www.drewelow.de\/frauenarzt\/buetzow\/leistungen\/gynaekologie\/"]}]},{"@type":"ImageObject","inLanguage":"de","@id":"https:\/\/www.drewelow.de\/frauenarzt\/buetzow\/leistungen\/gynaekologie\/#primaryimage","url":"https:\/\/www.drewelow.de\/frauenarzt\/buetzow\/wp-content\/uploads\/sites\/2\/2021\/04\/gynaekologie-buetzow.jpg","contentUrl":"https:\/\/www.drewelow.de\/frauenarzt\/buetzow\/wp-content\/uploads\/sites\/2\/2021\/04\/gynaekologie-buetzow.jpg","width":1200,"height":500},{"@type":"BreadcrumbList","@id":"https:\/\/www.drewelow.de\/frauenarzt\/buetzow\/leistungen\/gynaekologie\/#breadcrumb","itemListElement":[{"@type":"ListItem","position":1,"name":"Startseite","item":"https:\/\/www.drewelow.de\/frauenarzt\/buetzow\/"},{"@type":"ListItem","position":2,"name":"Leistungen","item":"https:\/\/www.drewelow.de\/frauenarzt\/buetzow\/leistungen\/"},{"@type":"ListItem","position":3,"name":"Gyn\u00e4kologie"}]},{"@type":"WebSite","@id":"https:\/\/www.drewelow.de\/frauenarzt\/buetzow\/#website","url":"https:\/\/www.drewelow.de\/frauenarzt\/buetzow\/","name":"Frauen\u00e4rzte Drewelow B\u00fctzow","description":"","publisher":{"@id":"https:\/\/www.drewelow.de\/frauenarzt\/buetzow\/#organization"},"potentialAction":[{"@type":"SearchAction","target":{"@type":"EntryPoint","urlTemplate":"https:\/\/www.drewelow.de\/frauenarzt\/buetzow\/?s={search_term_string}"},"query-input":{"@type":"PropertyValueSpecification","valueRequired":true,"valueName":"search_term_string"}}],"inLanguage":"de"},{"@type":"Organization","@id":"https:\/\/www.drewelow.de\/frauenarzt\/buetzow\/#organization","name":"Frauen\u00e4rzte Drewelow B\u00fctzow","url":"https:\/\/www.drewelow.de\/frauenarzt\/buetzow\/","logo":{"@type":"ImageObject","inLanguage":"de","@id":"https:\/\/www.drewelow.de\/frauenarzt\/buetzow\/#\/schema\/logo\/image\/","url":"https:\/\/www.drewelow.de\/frauenarzt\/buetzow\/wp-content\/uploads\/sites\/2\/2021\/02\/logo_header.png","contentUrl":"https:\/\/www.drewelow.de\/frauenarzt\/buetzow\/wp-content\/uploads\/sites\/2\/2021\/02\/logo_header.png","width":600,"height":230,"caption":"Frauen\u00e4rzte Drewelow B\u00fctzow"},"image":{"@id":"https:\/\/www.drewelow.de\/frauenarzt\/buetzow\/#\/schema\/logo\/image\/"}}]}},"_links":{"self":[{"href":"https:\/\/www.drewelow.de\/frauenarzt\/buetzow\/wp-json\/wp\/v2\/pages\/347","targetHints":{"allow":["GET"]}}],"collection":[{"href":"https:\/\/www.drewelow.de\/frauenarzt\/buetzow\/wp-json\/wp\/v2\/pages"}],"about":[{"href":"https:\/\/www.drewelow.de\/frauenarzt\/buetzow\/wp-json\/wp\/v2\/types\/page"}],"author":[{"embeddable":true,"href":"https:\/\/www.drewelow.de\/frauenarzt\/buetzow\/wp-json\/wp\/v2\/users\/1"}],"replies":[{"embeddable":true,"href":"https:\/\/www.drewelow.de\/frauenarzt\/buetzow\/wp-json\/wp\/v2\/comments?post=347"}],"version-history":[{"count":3,"href":"https:\/\/www.drewelow.de\/frauenarzt\/buetzow\/wp-json\/wp\/v2\/pages\/347\/revisions"}],"predecessor-version":[{"id":780,"href":"https:\/\/www.drewelow.de\/frauenarzt\/buetzow\/wp-json\/wp\/v2\/pages\/347\/revisions\/780"}],"up":[{"embeddable":true,"href":"https:\/\/www.drewelow.de\/frauenarzt\/buetzow\/wp-json\/wp\/v2\/pages\/14"}],"wp:featuredmedia":[{"embeddable":true,"href":"https:\/\/www.drewelow.de\/frauenarzt\/buetzow\/wp-json\/wp\/v2\/media\/842"}],"wp:attachment":[{"href":"https:\/\/www.drewelow.de\/frauenarzt\/buetzow\/wp-json\/wp\/v2\/media?parent=347"}],"curies":[{"name":"wp","href":"https:\/\/api.w.org\/{rel}","templated":true}]}}