{"id":27,"date":"2021-02-11T18:09:54","date_gmt":"2021-02-11T17:09:54","guid":{"rendered":"https:\/\/www.drewelow.de\/frauenarzt\/rostock\/?page_id=27"},"modified":"2025-03-19T12:35:02","modified_gmt":"2025-03-19T11:35:02","slug":"kontakt","status":"publish","type":"page","link":"https:\/\/www.drewelow.de\/frauenarzt\/rostock\/kontakt\/","title":{"rendered":"Kontakt"},"content":{"rendered":"<div class=\"su-row\"><div class=\"su-column su-column-size-1-3\"><div class=\"su-column-inner su-u-clearfix su-u-trim\">\n<div class=\"center\">\n<h2>So erreichen Sie uns<\/h2>\n<p>Gro\u00dfe Wasserstra\u00dfe 2\/3<br \/>\n18055 Rostock<\/p>\n<p>Tel: 0381-499 64 08<br \/>\nFax: 0381-493 46 19<br \/>\n<a href=\"mailto:rostock@drewelow.de\">rostock@drewelow.de<\/a>\n<\/div>\n<\/div><\/div>\n<div class=\"su-column su-column-size-1-3\"><div class=\"su-column-inner su-u-clearfix su-u-trim\"><img decoding=\"async\" src=\"https:\/\/www.drewelow.de\/frauenarzt\/warnemuende\/wp-content\/uploads\/sites\/3\/2023\/01\/frauenarzt-rostock_02.jpg\" alt=\"Kontakt Frauenarzt in Rostock\"  class=\"rostock\" \/><\/div><\/div><div class=\"su-column su-column-size-1-3\"><div class=\"su-column-inner su-u-clearfix su-u-trim\"><img decoding=\"async\" src=\"https:\/\/www.drewelow.de\/frauenarzt\/warnemuende\/wp-content\/uploads\/sites\/3\/2023\/01\/frauenarzt-rostock_01.jpg\" alt=\"\" class=\"rostock\" \/><\/div><\/div>\n<\/div>\n<div class=\"su-row\"><div class=\"su-column su-column-size-1-3\"><div class=\"su-column-inner su-u-clearfix su-u-trim\"><img decoding=\"async\" src=\"https:\/\/www.drewelow.de\/frauenarzt\/warnemuende\/wp-content\/uploads\/sites\/3\/2023\/01\/frauenarzt-rostock_03.jpg\" alt=\"Kontakt Frauenarzt in Rostock\"  class=\"rostock\" \/><\/div><\/div>\n<div class=\"su-column su-column-size-1-3\"><div class=\"su-column-inner su-u-clearfix su-u-trim\"><img decoding=\"async\" src=\"https:\/\/www.drewelow.de\/frauenarzt\/warnemuende\/wp-content\/uploads\/sites\/3\/2023\/01\/frauenarzt-rostock_04.jpg\" alt=\"Kontakt Frauenarzt in Rostock\"  class=\"rostock\" \/><\/div><\/div>\n<div class=\"su-column su-column-size-1-3\"><div class=\"su-column-inner su-u-clearfix su-u-trim\"><img decoding=\"async\" src=\"https:\/\/www.drewelow.de\/frauenarzt\/rostock\/wp-content\/uploads\/sites\/3\/2021\/04\/galerie_frauenarzt-rostock_01.jpg\" alt=\"Kontakt Frauenarzt in Rostock\"  class=\"rostock\" \/><\/div><\/div>\n<\/div>\n","protected":false},"excerpt":{"rendered":"","protected":false},"author":1,"featured_media":0,"parent":0,"menu_order":0,"comment_status":"closed","ping_status":"closed","template":"","meta":{"footnotes":""},"class_list":["post-27","page","type-page","status-publish","hentry"],"yoast_head":"<!-- This site is optimized with the Yoast SEO plugin v26.5 - https:\/\/yoast.com\/wordpress\/plugins\/seo\/ -->\n<title>Frauen\u00e4rzte Drewelow Rostock - Kontakt<\/title>\n<meta name=\"description\" content=\"Frauenarztpraxis Drewelow in Rostock - Frauen\u00e4rztin, Gyn\u00e4kologie, Geburtshilfe, Hormonberatung,Kinderwunsch, Operationen, Mifegyne, Frauenarzt\" \/>\n<meta name=\"robots\" content=\"index, follow, max-snippet:-1, max-image-preview:large, max-video-preview:-1\" \/>\n<link rel=\"canonical\" href=\"https:\/\/www.drewelow.de\/frauenarzt\/rostock\/kontakt\/\" \/>\n<meta property=\"og:locale\" content=\"de_DE\" \/>\n<meta property=\"og:type\" content=\"article\" \/>\n<meta property=\"og:title\" content=\"Frauen\u00e4rzte Drewelow Rostock - Kontakt\" \/>\n<meta property=\"og:description\" content=\"Frauenarztpraxis Drewelow in Rostock - Frauen\u00e4rztin, Gyn\u00e4kologie, Geburtshilfe, Hormonberatung,Kinderwunsch, Operationen, Mifegyne, Frauenarzt\" \/>\n<meta property=\"og:url\" content=\"https:\/\/www.drewelow.de\/frauenarzt\/rostock\/kontakt\/\" \/>\n<meta property=\"og:site_name\" content=\"Frauen\u00e4rzte Drewelow Rostock\" \/>\n<meta property=\"article:modified_time\" content=\"2025-03-19T11:35:02+00:00\" \/>\n<meta property=\"og:image\" content=\"https:\/\/www.drewelow.de\/frauenarzt\/warnemuende\/wp-content\/uploads\/sites\/3\/2023\/01\/frauenarzt-rostock_02.jpg\" \/>\n<meta name=\"twitter:card\" content=\"summary_large_image\" \/>\n<meta name=\"twitter:label1\" content=\"Gesch\u00e4tzte Lesezeit\" \/>\n\t<meta name=\"twitter:data1\" content=\"2\u00a0Minuten\" \/>\n<script type=\"application\/ld+json\" class=\"yoast-schema-graph\">{\"@context\":\"https:\/\/schema.org\",\"@graph\":[{\"@type\":\"WebPage\",\"@id\":\"https:\/\/www.drewelow.de\/frauenarzt\/rostock\/kontakt\/\",\"url\":\"https:\/\/www.drewelow.de\/frauenarzt\/rostock\/kontakt\/\",\"name\":\"Frauen\u00e4rzte Drewelow Rostock - Kontakt\",\"isPartOf\":{\"@id\":\"https:\/\/www.drewelow.de\/frauenarzt\/rostock\/#website\"},\"primaryImageOfPage\":{\"@id\":\"https:\/\/www.drewelow.de\/frauenarzt\/rostock\/kontakt\/#primaryimage\"},\"image\":{\"@id\":\"https:\/\/www.drewelow.de\/frauenarzt\/rostock\/kontakt\/#primaryimage\"},\"thumbnailUrl\":\"https:\/\/www.drewelow.de\/frauenarzt\/warnemuende\/wp-content\/uploads\/sites\/3\/2023\/01\/frauenarzt-rostock_02.jpg\",\"datePublished\":\"2021-02-11T17:09:54+00:00\",\"dateModified\":\"2025-03-19T11:35:02+00:00\",\"description\":\"Frauenarztpraxis Drewelow in Rostock - Frauen\u00e4rztin, Gyn\u00e4kologie, Geburtshilfe, Hormonberatung,Kinderwunsch, Operationen, Mifegyne, Frauenarzt\",\"breadcrumb\":{\"@id\":\"https:\/\/www.drewelow.de\/frauenarzt\/rostock\/kontakt\/#breadcrumb\"},\"inLanguage\":\"de\",\"potentialAction\":[{\"@type\":\"ReadAction\",\"target\":[\"https:\/\/www.drewelow.de\/frauenarzt\/rostock\/kontakt\/\"]}]},{\"@type\":\"ImageObject\",\"inLanguage\":\"de\",\"@id\":\"https:\/\/www.drewelow.de\/frauenarzt\/rostock\/kontakt\/#primaryimage\",\"url\":\"https:\/\/www.drewelow.de\/frauenarzt\/warnemuende\/wp-content\/uploads\/sites\/3\/2023\/01\/frauenarzt-rostock_02.jpg\",\"contentUrl\":\"https:\/\/www.drewelow.de\/frauenarzt\/warnemuende\/wp-content\/uploads\/sites\/3\/2023\/01\/frauenarzt-rostock_02.jpg\"},{\"@type\":\"BreadcrumbList\",\"@id\":\"https:\/\/www.drewelow.de\/frauenarzt\/rostock\/kontakt\/#breadcrumb\",\"itemListElement\":[{\"@type\":\"ListItem\",\"position\":1,\"name\":\"Startseite\",\"item\":\"https:\/\/www.drewelow.de\/frauenarzt\/rostock\/\"},{\"@type\":\"ListItem\",\"position\":2,\"name\":\"Kontakt\"}]},{\"@type\":\"WebSite\",\"@id\":\"https:\/\/www.drewelow.de\/frauenarzt\/rostock\/#website\",\"url\":\"https:\/\/www.drewelow.de\/frauenarzt\/rostock\/\",\"name\":\"Frauen\u00e4rzte Drewelow Rostock\",\"description\":\"\",\"publisher\":{\"@id\":\"https:\/\/www.drewelow.de\/frauenarzt\/rostock\/#organization\"},\"potentialAction\":[{\"@type\":\"SearchAction\",\"target\":{\"@type\":\"EntryPoint\",\"urlTemplate\":\"https:\/\/www.drewelow.de\/frauenarzt\/rostock\/?s={search_term_string}\"},\"query-input\":{\"@type\":\"PropertyValueSpecification\",\"valueRequired\":true,\"valueName\":\"search_term_string\"}}],\"inLanguage\":\"de\"},{\"@type\":\"Organization\",\"@id\":\"https:\/\/www.drewelow.de\/frauenarzt\/rostock\/#organization\",\"name\":\"Frauen\u00e4rzte Drewelow Rostock\",\"url\":\"https:\/\/www.drewelow.de\/frauenarzt\/rostock\/\",\"logo\":{\"@type\":\"ImageObject\",\"inLanguage\":\"de\",\"@id\":\"https:\/\/www.drewelow.de\/frauenarzt\/rostock\/#\/schema\/logo\/image\/\",\"url\":\"https:\/\/www.drewelow.de\/frauenarzt\/rostock\/wp-content\/uploads\/sites\/3\/2021\/02\/logo_header.png\",\"contentUrl\":\"https:\/\/www.drewelow.de\/frauenarzt\/rostock\/wp-content\/uploads\/sites\/3\/2021\/02\/logo_header.png\",\"width\":600,\"height\":230,\"caption\":\"Frauen\u00e4rzte Drewelow Rostock\"},\"image\":{\"@id\":\"https:\/\/www.drewelow.de\/frauenarzt\/rostock\/#\/schema\/logo\/image\/\"}}]}<\/script>\n<!-- \/ Yoast SEO plugin. -->","yoast_head_json":{"title":"Frauen\u00e4rzte Drewelow Rostock - Kontakt","description":"Frauenarztpraxis Drewelow in Rostock - Frauen\u00e4rztin, Gyn\u00e4kologie, Geburtshilfe, Hormonberatung,Kinderwunsch, Operationen, Mifegyne, Frauenarzt","robots":{"index":"index","follow":"follow","max-snippet":"max-snippet:-1","max-image-preview":"max-image-preview:large","max-video-preview":"max-video-preview:-1"},"canonical":"https:\/\/www.drewelow.de\/frauenarzt\/rostock\/kontakt\/","og_locale":"de_DE","og_type":"article","og_title":"Frauen\u00e4rzte Drewelow Rostock - Kontakt","og_description":"Frauenarztpraxis Drewelow in Rostock - Frauen\u00e4rztin, Gyn\u00e4kologie, Geburtshilfe, Hormonberatung,Kinderwunsch, Operationen, Mifegyne, Frauenarzt","og_url":"https:\/\/www.drewelow.de\/frauenarzt\/rostock\/kontakt\/","og_site_name":"Frauen\u00e4rzte Drewelow Rostock","article_modified_time":"2025-03-19T11:35:02+00:00","og_image":[{"url":"https:\/\/www.drewelow.de\/frauenarzt\/warnemuende\/wp-content\/uploads\/sites\/3\/2023\/01\/frauenarzt-rostock_02.jpg","type":"","width":"","height":""}],"twitter_card":"summary_large_image","twitter_misc":{"Gesch\u00e4tzte Lesezeit":"2\u00a0Minuten"},"schema":{"@context":"https:\/\/schema.org","@graph":[{"@type":"WebPage","@id":"https:\/\/www.drewelow.de\/frauenarzt\/rostock\/kontakt\/","url":"https:\/\/www.drewelow.de\/frauenarzt\/rostock\/kontakt\/","name":"Frauen\u00e4rzte Drewelow Rostock - Kontakt","isPartOf":{"@id":"https:\/\/www.drewelow.de\/frauenarzt\/rostock\/#website"},"primaryImageOfPage":{"@id":"https:\/\/www.drewelow.de\/frauenarzt\/rostock\/kontakt\/#primaryimage"},"image":{"@id":"https:\/\/www.drewelow.de\/frauenarzt\/rostock\/kontakt\/#primaryimage"},"thumbnailUrl":"https:\/\/www.drewelow.de\/frauenarzt\/warnemuende\/wp-content\/uploads\/sites\/3\/2023\/01\/frauenarzt-rostock_02.jpg","datePublished":"2021-02-11T17:09:54+00:00","dateModified":"2025-03-19T11:35:02+00:00","description":"Frauenarztpraxis Drewelow in Rostock - Frauen\u00e4rztin, Gyn\u00e4kologie, Geburtshilfe, Hormonberatung,Kinderwunsch, Operationen, Mifegyne, Frauenarzt","breadcrumb":{"@id":"https:\/\/www.drewelow.de\/frauenarzt\/rostock\/kontakt\/#breadcrumb"},"inLanguage":"de","potentialAction":[{"@type":"ReadAction","target":["https:\/\/www.drewelow.de\/frauenarzt\/rostock\/kontakt\/"]}]},{"@type":"ImageObject","inLanguage":"de","@id":"https:\/\/www.drewelow.de\/frauenarzt\/rostock\/kontakt\/#primaryimage","url":"https:\/\/www.drewelow.de\/frauenarzt\/warnemuende\/wp-content\/uploads\/sites\/3\/2023\/01\/frauenarzt-rostock_02.jpg","contentUrl":"https:\/\/www.drewelow.de\/frauenarzt\/warnemuende\/wp-content\/uploads\/sites\/3\/2023\/01\/frauenarzt-rostock_02.jpg"},{"@type":"BreadcrumbList","@id":"https:\/\/www.drewelow.de\/frauenarzt\/rostock\/kontakt\/#breadcrumb","itemListElement":[{"@type":"ListItem","position":1,"name":"Startseite","item":"https:\/\/www.drewelow.de\/frauenarzt\/rostock\/"},{"@type":"ListItem","position":2,"name":"Kontakt"}]},{"@type":"WebSite","@id":"https:\/\/www.drewelow.de\/frauenarzt\/rostock\/#website","url":"https:\/\/www.drewelow.de\/frauenarzt\/rostock\/","name":"Frauen\u00e4rzte Drewelow Rostock","description":"","publisher":{"@id":"https:\/\/www.drewelow.de\/frauenarzt\/rostock\/#organization"},"potentialAction":[{"@type":"SearchAction","target":{"@type":"EntryPoint","urlTemplate":"https:\/\/www.drewelow.de\/frauenarzt\/rostock\/?s={search_term_string}"},"query-input":{"@type":"PropertyValueSpecification","valueRequired":true,"valueName":"search_term_string"}}],"inLanguage":"de"},{"@type":"Organization","@id":"https:\/\/www.drewelow.de\/frauenarzt\/rostock\/#organization","name":"Frauen\u00e4rzte Drewelow Rostock","url":"https:\/\/www.drewelow.de\/frauenarzt\/rostock\/","logo":{"@type":"ImageObject","inLanguage":"de","@id":"https:\/\/www.drewelow.de\/frauenarzt\/rostock\/#\/schema\/logo\/image\/","url":"https:\/\/www.drewelow.de\/frauenarzt\/rostock\/wp-content\/uploads\/sites\/3\/2021\/02\/logo_header.png","contentUrl":"https:\/\/www.drewelow.de\/frauenarzt\/rostock\/wp-content\/uploads\/sites\/3\/2021\/02\/logo_header.png","width":600,"height":230,"caption":"Frauen\u00e4rzte Drewelow Rostock"},"image":{"@id":"https:\/\/www.drewelow.de\/frauenarzt\/rostock\/#\/schema\/logo\/image\/"}}]}},"_links":{"self":[{"href":"https:\/\/www.drewelow.de\/frauenarzt\/rostock\/wp-json\/wp\/v2\/pages\/27","targetHints":{"allow":["GET"]}}],"collection":[{"href":"https:\/\/www.drewelow.de\/frauenarzt\/rostock\/wp-json\/wp\/v2\/pages"}],"about":[{"href":"https:\/\/www.drewelow.de\/frauenarzt\/rostock\/wp-json\/wp\/v2\/types\/page"}],"author":[{"embeddable":true,"href":"https:\/\/www.drewelow.de\/frauenarzt\/rostock\/wp-json\/wp\/v2\/users\/1"}],"replies":[{"embeddable":true,"href":"https:\/\/www.drewelow.de\/frauenarzt\/rostock\/wp-json\/wp\/v2\/comments?post=27"}],"version-history":[{"count":30,"href":"https:\/\/www.drewelow.de\/frauenarzt\/rostock\/wp-json\/wp\/v2\/pages\/27\/revisions"}],"predecessor-version":[{"id":1300,"href":"https:\/\/www.drewelow.de\/frauenarzt\/rostock\/wp-json\/wp\/v2\/pages\/27\/revisions\/1300"}],"wp:attachment":[{"href":"https:\/\/www.drewelow.de\/frauenarzt\/rostock\/wp-json\/wp\/v2\/media?parent=27"}],"curies":[{"name":"wp","href":"https:\/\/api.w.org\/{rel}","templated":true}]}}