{"id":314,"date":"2021-02-24T15:40:02","date_gmt":"2021-02-24T14:40:02","guid":{"rendered":"https:\/\/www.drewelow.de\/frauenarzt\/rostock\/?page_id=314"},"modified":"2025-12-09T18:43:05","modified_gmt":"2025-12-09T17:43:05","slug":"galerie","status":"publish","type":"page","link":"https:\/\/www.drewelow.de\/frauenarzt\/rostock\/galerie\/","title":{"rendered":"Galerie"},"content":{"rendered":"<div class=\"su-row\"><div class=\"su-column su-column-size-3-4\"><div class=\"su-column-inner su-u-clearfix su-u-trim\">\n<img decoding=\"async\" class=\"galeriebild\" src=\"https:\/\/www.drewelow.de\/frauenarzt\/warnemuende\/wp-content\/uploads\/sites\/3\/2023\/01\/frauenarztpraxis-rostock_01.jpg\" alt=\"Galerie Frauen\u00e4rzte Rostock\" \/><\/p>\n<p><img decoding=\"async\" class=\"galeriebild\" src=\"https:\/\/www.drewelow.de\/frauenarzt\/warnemuende\/wp-content\/uploads\/sites\/3\/2023\/01\/frauenarztpraxis-rostock_02.jpg\" alt=\"Galerie Frauen\u00e4rzte Rostock\" \/><\/p>\n<p><img decoding=\"async\" class=\"galeriebild\" src=\"https:\/\/www.drewelow.de\/frauenarzt\/rostock\/wp-content\/uploads\/sites\/3\/2025\/12\/frauenarzt_rostock_01.jpg\" alt=\"Galerie Frauen\u00e4rzte Rostock\" \/><\/p>\n<p><img decoding=\"async\" class=\"galeriebild\" src=\"https:\/\/www.drewelow.de\/frauenarzt\/warnemuende\/wp-content\/uploads\/sites\/3\/2023\/01\/frauenarztpraxis-rostock_05.jpg\" alt=\"Galerie Frauen\u00e4rzte Rostock\" \/><\/p>\n<p><img decoding=\"async\" class=\"galeriebild\" src=\"https:\/\/www.drewelow.de\/frauenarzt\/warnemuende\/wp-content\/uploads\/sites\/3\/2023\/01\/frauenarztpraxis-rostock_06.jpg\" alt=\"Galerie Frauen\u00e4rzte Rostock\" \/><\/p>\n<p><img decoding=\"async\" class=\"galeriebild\" src=\"https:\/\/www.drewelow.de\/frauenarzt\/warnemuende\/wp-content\/uploads\/sites\/3\/2023\/01\/frauenarztpraxis-rostock_07.jpg\" alt=\"Galerie Frauen\u00e4rzte Rostock\" \/><\/p>\n<p><img decoding=\"async\" class=\"galeriebild\" src=\"https:\/\/www.drewelow.de\/frauenarzt\/warnemuende\/wp-content\/uploads\/sites\/3\/2023\/01\/frauenarztpraxis-rostock_10.jpg\" alt=\"Galerie Frauen\u00e4rzte Rostock\" \/><\/p>\n<p><img decoding=\"async\" class=\"galeriebild\" src=\"https:\/\/www.drewelow.de\/frauenarzt\/rostock\/wp-content\/uploads\/sites\/3\/2025\/12\/frauenarzt_rostock_02.jpg\" alt=\"Galerie Frauen\u00e4rzte Rostock\" \/><\/p>\n<p><img decoding=\"async\" class=\"galeriebild\" src=\"https:\/\/www.drewelow.de\/frauenarzt\/warnemuende\/wp-content\/uploads\/sites\/3\/2023\/01\/frauenarztpraxis-rostock_12.jpg\" alt=\"Galerie Frauen\u00e4rzte Rostock\" \/><\/p>\n<p><img decoding=\"async\" class=\"galeriebild\" src=\"https:\/\/www.drewelow.de\/frauenarzt\/warnemuende\/wp-content\/uploads\/sites\/3\/2023\/01\/frauenarztpraxis-rostock_13.jpg\" alt=\"Galerie Frauen\u00e4rzte Rostock\" \/><\/p>\n<p><img decoding=\"async\" class=\"galeriebild\" src=\"https:\/\/www.drewelow.de\/frauenarzt\/warnemuende\/wp-content\/uploads\/sites\/3\/2023\/01\/frauenarztpraxis-rostock_14.jpg\" alt=\"Galerie Frauen\u00e4rzte Rostock\" \/><\/p>\n<p><img decoding=\"async\" class=\"galeriebild\" src=\"https:\/\/www.drewelow.de\/frauenarzt\/warnemuende\/wp-content\/uploads\/sites\/3\/2023\/01\/frauenarztpraxis-rostock_15.jpg\" alt=\"Galerie Frauen\u00e4rzte Rostock\" \/><\/p>\n<p><img decoding=\"async\" class=\"galeriebild\" src=\"https:\/\/www.drewelow.de\/frauenarzt\/rostock\/wp-content\/uploads\/sites\/3\/2025\/12\/frauenarzt_rostock_03.jpg\" alt=\"Galerie Frauen\u00e4rzte Rostock\" \/><\/p>\n<p><img decoding=\"async\" class=\"galeriebild\" src=\"https:\/\/www.drewelow.de\/frauenarzt\/warnemuende\/wp-content\/uploads\/sites\/3\/2023\/01\/frauenarztpraxis-rostock_17.jpg\" alt=\"Galerie Frauen\u00e4rzte Rostock\" \/><\/p>\n<p><img decoding=\"async\" class=\"galeriebild\" src=\"https:\/\/www.drewelow.de\/frauenarzt\/warnemuende\/wp-content\/uploads\/sites\/3\/2023\/01\/frauenarztpraxis-rostock_18.jpg\" alt=\"Galerie Frauen\u00e4rzte Rostock\" \/><\/div><\/div>\n<div class=\"su-column su-column-size-1-3\"><div class=\"su-column-inner su-u-clearfix su-u-trim\">\n<div class=\"terminfix\">\n<p><a href=\"https:\/\/www.drewelow.de\/frauenarzt\/termin-rostock\" target=\"_blank\" rel=\"noopener\"><img decoding=\"async\" src=\"https:\/\/www.drewelow.de\/frauenarzt\/wp-content\/uploads\/2022\/10\/doctolib-white-transparent.png\" alt=\"\" \/><\/a><\/p>\n<p>Termin online buchen<\/p>\n<p>&nbsp;<\/p>\n<h2>Drewelow Frauen\u00e4rzte<\/h2>\n<p>Gro\u00dfe Wasserstra\u00dfe 2\/3<br \/>\n18055 Rostock<\/p>\n<\/div>\n<\/div><\/div>\n<\/div>\n","protected":false},"excerpt":{"rendered":"","protected":false},"author":1,"featured_media":0,"parent":0,"menu_order":0,"comment_status":"closed","ping_status":"closed","template":"","meta":{"footnotes":""},"class_list":["post-314","page","type-page","status-publish","hentry"],"yoast_head":"<!-- This site is optimized with the Yoast SEO plugin v26.5 - https:\/\/yoast.com\/wordpress\/plugins\/seo\/ -->\n<title>Frauen\u00e4rzte Drewelow Rostock - Galerie<\/title>\n<meta name=\"description\" content=\"Frauenarztpraxis Drewelow in Rostock - Frauen\u00e4rztin, Gyn\u00e4kologie, Geburtshilfe, Hormonberatung,Kinderwunsch, Operationen, Mifegyne, Frauenarzt\" \/>\n<meta name=\"robots\" content=\"index, follow, max-snippet:-1, max-image-preview:large, max-video-preview:-1\" \/>\n<link rel=\"canonical\" href=\"https:\/\/www.drewelow.de\/frauenarzt\/rostock\/galerie\/\" \/>\n<meta property=\"og:locale\" content=\"de_DE\" \/>\n<meta property=\"og:type\" content=\"article\" \/>\n<meta property=\"og:title\" content=\"Frauen\u00e4rzte Drewelow Rostock - Galerie\" \/>\n<meta property=\"og:description\" content=\"Frauenarztpraxis Drewelow in Rostock - Frauen\u00e4rztin, Gyn\u00e4kologie, Geburtshilfe, Hormonberatung,Kinderwunsch, Operationen, Mifegyne, Frauenarzt\" \/>\n<meta property=\"og:url\" content=\"https:\/\/www.drewelow.de\/frauenarzt\/rostock\/galerie\/\" \/>\n<meta property=\"og:site_name\" content=\"Frauen\u00e4rzte Drewelow Rostock\" \/>\n<meta property=\"article:modified_time\" content=\"2025-12-09T17:43:05+00:00\" \/>\n<meta property=\"og:image\" content=\"https:\/\/www.drewelow.de\/frauenarzt\/warnemuende\/wp-content\/uploads\/sites\/3\/2023\/01\/frauenarztpraxis-rostock_01.jpg\" \/>\n<meta name=\"twitter:card\" content=\"summary_large_image\" \/>\n<meta name=\"twitter:label1\" content=\"Gesch\u00e4tzte Lesezeit\" \/>\n\t<meta name=\"twitter:data1\" content=\"4\u00a0Minuten\" \/>\n<script type=\"application\/ld+json\" class=\"yoast-schema-graph\">{\"@context\":\"https:\/\/schema.org\",\"@graph\":[{\"@type\":\"WebPage\",\"@id\":\"https:\/\/www.drewelow.de\/frauenarzt\/rostock\/galerie\/\",\"url\":\"https:\/\/www.drewelow.de\/frauenarzt\/rostock\/galerie\/\",\"name\":\"Frauen\u00e4rzte Drewelow Rostock - Galerie\",\"isPartOf\":{\"@id\":\"https:\/\/www.drewelow.de\/frauenarzt\/rostock\/#website\"},\"primaryImageOfPage\":{\"@id\":\"https:\/\/www.drewelow.de\/frauenarzt\/rostock\/galerie\/#primaryimage\"},\"image\":{\"@id\":\"https:\/\/www.drewelow.de\/frauenarzt\/rostock\/galerie\/#primaryimage\"},\"thumbnailUrl\":\"https:\/\/www.drewelow.de\/frauenarzt\/warnemuende\/wp-content\/uploads\/sites\/3\/2023\/01\/frauenarztpraxis-rostock_01.jpg\",\"datePublished\":\"2021-02-24T14:40:02+00:00\",\"dateModified\":\"2025-12-09T17:43:05+00:00\",\"description\":\"Frauenarztpraxis Drewelow in Rostock - Frauen\u00e4rztin, Gyn\u00e4kologie, Geburtshilfe, Hormonberatung,Kinderwunsch, Operationen, Mifegyne, Frauenarzt\",\"breadcrumb\":{\"@id\":\"https:\/\/www.drewelow.de\/frauenarzt\/rostock\/galerie\/#breadcrumb\"},\"inLanguage\":\"de\",\"potentialAction\":[{\"@type\":\"ReadAction\",\"target\":[\"https:\/\/www.drewelow.de\/frauenarzt\/rostock\/galerie\/\"]}]},{\"@type\":\"ImageObject\",\"inLanguage\":\"de\",\"@id\":\"https:\/\/www.drewelow.de\/frauenarzt\/rostock\/galerie\/#primaryimage\",\"url\":\"https:\/\/www.drewelow.de\/frauenarzt\/warnemuende\/wp-content\/uploads\/sites\/3\/2023\/01\/frauenarztpraxis-rostock_01.jpg\",\"contentUrl\":\"https:\/\/www.drewelow.de\/frauenarzt\/warnemuende\/wp-content\/uploads\/sites\/3\/2023\/01\/frauenarztpraxis-rostock_01.jpg\"},{\"@type\":\"BreadcrumbList\",\"@id\":\"https:\/\/www.drewelow.de\/frauenarzt\/rostock\/galerie\/#breadcrumb\",\"itemListElement\":[{\"@type\":\"ListItem\",\"position\":1,\"name\":\"Startseite\",\"item\":\"https:\/\/www.drewelow.de\/frauenarzt\/rostock\/\"},{\"@type\":\"ListItem\",\"position\":2,\"name\":\"Galerie\"}]},{\"@type\":\"WebSite\",\"@id\":\"https:\/\/www.drewelow.de\/frauenarzt\/rostock\/#website\",\"url\":\"https:\/\/www.drewelow.de\/frauenarzt\/rostock\/\",\"name\":\"Frauen\u00e4rzte Drewelow Rostock\",\"description\":\"\",\"publisher\":{\"@id\":\"https:\/\/www.drewelow.de\/frauenarzt\/rostock\/#organization\"},\"potentialAction\":[{\"@type\":\"SearchAction\",\"target\":{\"@type\":\"EntryPoint\",\"urlTemplate\":\"https:\/\/www.drewelow.de\/frauenarzt\/rostock\/?s={search_term_string}\"},\"query-input\":{\"@type\":\"PropertyValueSpecification\",\"valueRequired\":true,\"valueName\":\"search_term_string\"}}],\"inLanguage\":\"de\"},{\"@type\":\"Organization\",\"@id\":\"https:\/\/www.drewelow.de\/frauenarzt\/rostock\/#organization\",\"name\":\"Frauen\u00e4rzte Drewelow Rostock\",\"url\":\"https:\/\/www.drewelow.de\/frauenarzt\/rostock\/\",\"logo\":{\"@type\":\"ImageObject\",\"inLanguage\":\"de\",\"@id\":\"https:\/\/www.drewelow.de\/frauenarzt\/rostock\/#\/schema\/logo\/image\/\",\"url\":\"https:\/\/www.drewelow.de\/frauenarzt\/rostock\/wp-content\/uploads\/sites\/3\/2021\/02\/logo_header.png\",\"contentUrl\":\"https:\/\/www.drewelow.de\/frauenarzt\/rostock\/wp-content\/uploads\/sites\/3\/2021\/02\/logo_header.png\",\"width\":600,\"height\":230,\"caption\":\"Frauen\u00e4rzte Drewelow Rostock\"},\"image\":{\"@id\":\"https:\/\/www.drewelow.de\/frauenarzt\/rostock\/#\/schema\/logo\/image\/\"}}]}<\/script>\n<!-- \/ Yoast SEO plugin. -->","yoast_head_json":{"title":"Frauen\u00e4rzte Drewelow Rostock - Galerie","description":"Frauenarztpraxis Drewelow in Rostock - Frauen\u00e4rztin, Gyn\u00e4kologie, Geburtshilfe, Hormonberatung,Kinderwunsch, Operationen, Mifegyne, Frauenarzt","robots":{"index":"index","follow":"follow","max-snippet":"max-snippet:-1","max-image-preview":"max-image-preview:large","max-video-preview":"max-video-preview:-1"},"canonical":"https:\/\/www.drewelow.de\/frauenarzt\/rostock\/galerie\/","og_locale":"de_DE","og_type":"article","og_title":"Frauen\u00e4rzte Drewelow Rostock - Galerie","og_description":"Frauenarztpraxis Drewelow in Rostock - Frauen\u00e4rztin, Gyn\u00e4kologie, Geburtshilfe, Hormonberatung,Kinderwunsch, Operationen, Mifegyne, Frauenarzt","og_url":"https:\/\/www.drewelow.de\/frauenarzt\/rostock\/galerie\/","og_site_name":"Frauen\u00e4rzte Drewelow Rostock","article_modified_time":"2025-12-09T17:43:05+00:00","og_image":[{"url":"https:\/\/www.drewelow.de\/frauenarzt\/warnemuende\/wp-content\/uploads\/sites\/3\/2023\/01\/frauenarztpraxis-rostock_01.jpg","type":"","width":"","height":""}],"twitter_card":"summary_large_image","twitter_misc":{"Gesch\u00e4tzte Lesezeit":"4\u00a0Minuten"},"schema":{"@context":"https:\/\/schema.org","@graph":[{"@type":"WebPage","@id":"https:\/\/www.drewelow.de\/frauenarzt\/rostock\/galerie\/","url":"https:\/\/www.drewelow.de\/frauenarzt\/rostock\/galerie\/","name":"Frauen\u00e4rzte Drewelow Rostock - Galerie","isPartOf":{"@id":"https:\/\/www.drewelow.de\/frauenarzt\/rostock\/#website"},"primaryImageOfPage":{"@id":"https:\/\/www.drewelow.de\/frauenarzt\/rostock\/galerie\/#primaryimage"},"image":{"@id":"https:\/\/www.drewelow.de\/frauenarzt\/rostock\/galerie\/#primaryimage"},"thumbnailUrl":"https:\/\/www.drewelow.de\/frauenarzt\/warnemuende\/wp-content\/uploads\/sites\/3\/2023\/01\/frauenarztpraxis-rostock_01.jpg","datePublished":"2021-02-24T14:40:02+00:00","dateModified":"2025-12-09T17:43:05+00:00","description":"Frauenarztpraxis Drewelow in Rostock - Frauen\u00e4rztin, Gyn\u00e4kologie, Geburtshilfe, Hormonberatung,Kinderwunsch, Operationen, Mifegyne, Frauenarzt","breadcrumb":{"@id":"https:\/\/www.drewelow.de\/frauenarzt\/rostock\/galerie\/#breadcrumb"},"inLanguage":"de","potentialAction":[{"@type":"ReadAction","target":["https:\/\/www.drewelow.de\/frauenarzt\/rostock\/galerie\/"]}]},{"@type":"ImageObject","inLanguage":"de","@id":"https:\/\/www.drewelow.de\/frauenarzt\/rostock\/galerie\/#primaryimage","url":"https:\/\/www.drewelow.de\/frauenarzt\/warnemuende\/wp-content\/uploads\/sites\/3\/2023\/01\/frauenarztpraxis-rostock_01.jpg","contentUrl":"https:\/\/www.drewelow.de\/frauenarzt\/warnemuende\/wp-content\/uploads\/sites\/3\/2023\/01\/frauenarztpraxis-rostock_01.jpg"},{"@type":"BreadcrumbList","@id":"https:\/\/www.drewelow.de\/frauenarzt\/rostock\/galerie\/#breadcrumb","itemListElement":[{"@type":"ListItem","position":1,"name":"Startseite","item":"https:\/\/www.drewelow.de\/frauenarzt\/rostock\/"},{"@type":"ListItem","position":2,"name":"Galerie"}]},{"@type":"WebSite","@id":"https:\/\/www.drewelow.de\/frauenarzt\/rostock\/#website","url":"https:\/\/www.drewelow.de\/frauenarzt\/rostock\/","name":"Frauen\u00e4rzte Drewelow Rostock","description":"","publisher":{"@id":"https:\/\/www.drewelow.de\/frauenarzt\/rostock\/#organization"},"potentialAction":[{"@type":"SearchAction","target":{"@type":"EntryPoint","urlTemplate":"https:\/\/www.drewelow.de\/frauenarzt\/rostock\/?s={search_term_string}"},"query-input":{"@type":"PropertyValueSpecification","valueRequired":true,"valueName":"search_term_string"}}],"inLanguage":"de"},{"@type":"Organization","@id":"https:\/\/www.drewelow.de\/frauenarzt\/rostock\/#organization","name":"Frauen\u00e4rzte Drewelow Rostock","url":"https:\/\/www.drewelow.de\/frauenarzt\/rostock\/","logo":{"@type":"ImageObject","inLanguage":"de","@id":"https:\/\/www.drewelow.de\/frauenarzt\/rostock\/#\/schema\/logo\/image\/","url":"https:\/\/www.drewelow.de\/frauenarzt\/rostock\/wp-content\/uploads\/sites\/3\/2021\/02\/logo_header.png","contentUrl":"https:\/\/www.drewelow.de\/frauenarzt\/rostock\/wp-content\/uploads\/sites\/3\/2021\/02\/logo_header.png","width":600,"height":230,"caption":"Frauen\u00e4rzte Drewelow Rostock"},"image":{"@id":"https:\/\/www.drewelow.de\/frauenarzt\/rostock\/#\/schema\/logo\/image\/"}}]}},"_links":{"self":[{"href":"https:\/\/www.drewelow.de\/frauenarzt\/rostock\/wp-json\/wp\/v2\/pages\/314","targetHints":{"allow":["GET"]}}],"collection":[{"href":"https:\/\/www.drewelow.de\/frauenarzt\/rostock\/wp-json\/wp\/v2\/pages"}],"about":[{"href":"https:\/\/www.drewelow.de\/frauenarzt\/rostock\/wp-json\/wp\/v2\/types\/page"}],"author":[{"embeddable":true,"href":"https:\/\/www.drewelow.de\/frauenarzt\/rostock\/wp-json\/wp\/v2\/users\/1"}],"replies":[{"embeddable":true,"href":"https:\/\/www.drewelow.de\/frauenarzt\/rostock\/wp-json\/wp\/v2\/comments?post=314"}],"version-history":[{"count":32,"href":"https:\/\/www.drewelow.de\/frauenarzt\/rostock\/wp-json\/wp\/v2\/pages\/314\/revisions"}],"predecessor-version":[{"id":658,"href":"https:\/\/www.drewelow.de\/frauenarzt\/rostock\/wp-json\/wp\/v2\/pages\/314\/revisions\/658"}],"wp:attachment":[{"href":"https:\/\/www.drewelow.de\/frauenarzt\/rostock\/wp-json\/wp\/v2\/media?parent=314"}],"curies":[{"name":"wp","href":"https:\/\/api.w.org\/{rel}","templated":true}]}}