{"id":27,"date":"2021-02-11T18:09:54","date_gmt":"2021-02-11T17:09:54","guid":{"rendered":"https:\/\/www.drewelow.de\/frauenarzt\/warnemuende\/?page_id=27"},"modified":"2021-07-08T09:40:33","modified_gmt":"2021-07-08T07:40:33","slug":"kontakt","status":"publish","type":"page","link":"https:\/\/www.drewelow.de\/frauenarzt\/warnemuende\/kontakt\/","title":{"rendered":"Kontakt"},"content":{"rendered":"<div class=\"su-row\"><div class=\"su-column su-column-size-1-3\"><div class=\"su-column-inner su-u-clearfix su-u-trim\">\n<div class=\"center\">\n<h2>So erreichen Sie uns<\/h2>\n<p>An der Stadtautobahn 63<br \/>\n18119 Rostock-Warnem\u00fcnde<\/p>\n<p>Tel: 0381-510 668 99<br \/>\nFax: 0381-510 668 90<br \/>\n<a href=\"mailto:warnemuende@drewelow.de\">warnemuende@drewelow.de<\/a><\/p>\n<\/div>\n<\/div><\/div>\n<div class=\"su-column su-column-size-1-3\"><div class=\"su-column-inner su-u-clearfix su-u-trim\"><img decoding=\"async\" class=\"rostock\" src=\"https:\/\/www.drewelow.de\/frauenarzt\/warnemuende\/wp-content\/uploads\/sites\/4\/2021\/07\/warnemuende_03.jpg\" alt=\"Kontakt Frauenarzt in Rostock-Warnem\u00fcnde\" \/><\/div><\/div><div class=\"su-column su-column-size-1-3\"><div class=\"su-column-inner su-u-clearfix su-u-trim\"><img decoding=\"async\" class=\"rostock\" src=\"https:\/\/www.drewelow.de\/frauenarzt\/warnemuende\/wp-content\/uploads\/sites\/4\/2021\/04\/frauenaerzte-warnemuende_07.jpg\" alt=\"\" \/><\/div><\/div>\n<\/div>\n<div id=\"kontakt\">\n<h2>Sie haben eine Anliegen? Schreiben Sie uns!<\/h2>\n<div class=\"caldera-grid\" id=\"caldera_form_1\" data-cf-ver=\"1.9.7\" data-cf-form-id=\"CF60c114e7e4edd\"><div id=\"caldera_notices_1\" data-spinner=\"https:\/\/www.drewelow.de\/frauenarzt\/warnemuende\/wp-admin\/images\/spinner.gif\"><\/div><form data-instance=\"1\" class=\"CF60c114e7e4edd caldera_forms_form cfajax-trigger\" method=\"POST\" enctype=\"multipart\/form-data\" id=\"CF60c114e7e4edd_1\" data-form-id=\"CF60c114e7e4edd\" aria-label=\"Kontakt\" data-target=\"#caldera_notices_1\" data-template=\"#cfajax_CF60c114e7e4edd-tmpl\" data-cfajax=\"CF60c114e7e4edd\" data-load-element=\"_parent\" data-load-class=\"cf_processing\" data-post-disable=\"0\" data-action=\"cf_process_ajax_submit\" data-request=\"https:\/\/www.drewelow.de\/frauenarzt\/warnemuende\/cf-api\/CF60c114e7e4edd\" data-hiderows=\"true\">\r\n<input type=\"hidden\" id=\"_cf_verify_CF60c114e7e4edd\" name=\"_cf_verify\" value=\"bd45344a53\"  data-nonce-time=\"1776937989\" \/><input type=\"hidden\" name=\"_wp_http_referer\" value=\"\/frauenarzt\/warnemuende\/wp-json\/wp\/v2\/pages\/27\" \/><div id=\"cf2-CF60c114e7e4edd_1\"><\/div><input type=\"hidden\" name=\"_cf_frm_id\" value=\"CF60c114e7e4edd\">\r\n<input type=\"hidden\" name=\"_cf_frm_ct\" value=\"1\">\r\n<input type=\"hidden\" name=\"cfajax\" value=\"CF60c114e7e4edd\">\r\n<input type=\"hidden\" name=\"_cf_cr_pst\" value=\"27\">\r\n<div class=\"hide\" style=\"display:none; overflow:hidden;height:0;width:0;\">\r\n<label>Url<\/label><input type=\"text\" name=\"url\" value=\"\" autocomplete=\"off\">\r\n<\/div><div id=\"CF60c114e7e4edd_1-row-1\"  class=\"row  first_row\"><div  class=\"col-sm-6  first_col\"><div data-field-wrapper=\"fld_185917\" class=\"form-group\" id=\"fld_185917_1-wrap\">\r\n\t<label id=\"fld_185917Label\" for=\"fld_185917_1\" class=\"control-label\">Vorname <span aria-hidden=\"true\" role=\"presentation\" class=\"field_required\" style=\"color:#ee0000;\">*<\/span><\/label>\r\n\t<div class=\"\">\r\n\t\t<input   required type=\"text\" data-field=\"fld_185917\" class=\" form-control\" id=\"fld_185917_1\" name=\"fld_185917\" value=\"\" data-type=\"text\" aria-required=\"true\"   aria-labelledby=\"fld_185917Label\" >\t\t\t<\/div>\r\n<\/div>\r\n<\/div><div  class=\"col-sm-6  last_col\"><div data-field-wrapper=\"fld_6892512\" class=\"form-group\" id=\"fld_6892512_1-wrap\">\r\n\t<label id=\"fld_6892512Label\" for=\"fld_6892512_1\" class=\"control-label\">Nachname <span aria-hidden=\"true\" role=\"presentation\" class=\"field_required\" style=\"color:#ee0000;\">*<\/span><\/label>\r\n\t<div class=\"\">\r\n\t\t<input   required type=\"text\" data-field=\"fld_6892512\" class=\" form-control\" id=\"fld_6892512_1\" name=\"fld_6892512\" value=\"\" data-type=\"text\" aria-required=\"true\"   aria-labelledby=\"fld_6892512Label\" >\t\t\t<\/div>\r\n<\/div>\r\n<\/div><\/div><div id=\"CF60c114e7e4edd_1-row-2\"  class=\"row \"><div  class=\"col-sm-6  first_col\"><div data-field-wrapper=\"fld_2254781\" class=\"form-group\" id=\"fld_2254781_1-wrap\">\r\n\t<label id=\"fld_2254781Label\" for=\"fld_2254781_1\" class=\"control-label\">Telefonnumer<\/label>\r\n\t<div class=\"\">\r\n\t\t<input    type=\"text\" data-field=\"fld_2254781\" class=\" form-control\" id=\"fld_2254781_1\" name=\"fld_2254781\" value=\"\" data-type=\"text\"   aria-labelledby=\"fld_2254781Label\" >\t\t\t<\/div>\r\n<\/div>\r\n<div data-field-wrapper=\"fld_5426257\" class=\"form-group\" id=\"fld_5426257_1-wrap\">\r\n\t<label id=\"fld_5426257Label\" for=\"fld_5426257_1\" class=\"control-label\">Mobiltelefonnummer<\/label>\r\n\t<div class=\"\">\r\n\t\t<input    type=\"text\" data-field=\"fld_5426257\" class=\" form-control\" id=\"fld_5426257_1\" name=\"fld_5426257\" value=\"\" data-type=\"text\"   aria-labelledby=\"fld_5426257Label\" >\t\t\t<\/div>\r\n<\/div>\r\n<\/div><div  class=\"col-sm-6  last_col\"><div data-field-wrapper=\"fld_7900587\" class=\"form-group\" id=\"fld_7900587_1-wrap\">\r\n\t<label id=\"fld_7900587Label\" for=\"fld_7900587_1\" class=\"control-label\">Emailadresse <span aria-hidden=\"true\" role=\"presentation\" class=\"field_required\" style=\"color:#ee0000;\">*<\/span><\/label>\r\n\t<div class=\"\">\r\n\t\t<input   required type=\"email\" data-field=\"fld_7900587\" class=\" form-control\" id=\"fld_7900587_1\" name=\"fld_7900587\" value=\"\" data-type=\"email\" aria-required=\"true\"   aria-labelledby=\"fld_7900587Label\" >\t\t\t<\/div>\r\n<\/div>\r\n<\/div><\/div><div id=\"CF60c114e7e4edd_1-row-3\"  class=\"row \"><div  class=\"col-sm-12  single\"><div data-field-wrapper=\"fld_6843267\" class=\"form-group\" id=\"fld_6843267_1-wrap\">\r\n\t<label id=\"fld_6843267Label\" for=\"fld_6843267_1\" class=\"control-label\">Ihr Anliegen<\/label>\r\n\t<div class=\"\">\r\n\t\t<textarea name=\"fld_6843267\" value=\"\" data-field=\"fld_6843267\" class=\"form-control\" id=\"fld_6843267_1\" rows=\"4\"    aria-labelledby=\"fld_6843267Label\" ><\/textarea>\n\t\t\t<\/div>\r\n<\/div>\r\n<\/div><\/div><div id=\"CF60c114e7e4edd_1-row-4\"  class=\"row  last_row\"><div  class=\"col-sm-12  single\"><div data-field-wrapper=\"fld_472512\" class=\"form-group\" id=\"fld_472512_1-wrap\">\r\n\t<label id=\"fld_472512Label\" for=\"fld_472512_1\" class=\"control-label screen-reader-text sr-only\">Datenschutz<\/label>\r\n\t<div class=\"\">\r\n\t\t\t\t\t\t\t\t\t\t\t<div class=\"checkbox\">\n\t\t\t\t\n                <label                         for=\"fld_472512_1_opt1906912\"\n                >\n                            <input\n                                data-parsley-required=\"true\" data-parsley-group=\"fld_472512_1\" data-parsley-multiple=\"fld_472512_1\"                                type=\"checkbox\"\n                                data-label=\"Ich habe die Hinweis zum &lt;a href=&quot;https:\/\/www.drewelow.de\/frauenarzt\/datenschutz&quot; target=&quot;_blank&quot;&gt;Datenschutz&lt;\/a&gt; gelesen und bin damit einverstanden.\"\n                                data-field=\"fld_472512\"\n                                id=\"fld_472512_1_opt1906912\"\n                                class=\"fld_472512_1 option-required\"\n                                name=\"fld_472512[opt1906912]\"\n                                value=\"Ich habe die Hinweis zum &lt;a href=&quot;https:\/\/www.drewelow.de\/frauenarzt\/datenschutz&quot; target=&quot;_blank&quot;&gt;Datenschutz&lt;\/a&gt; gelesen und bin damit einverstanden.\"\n                                                                data-type=\"checkbox\"\n                                data-checkbox-field=\"fld_472512_1\"\n                                                                data-calc-value=\"Ich habe die Hinweis zum &lt;a href=&quot;https:\/\/www.drewelow.de\/frauenarzt\/datenschutz&quot; target=&quot;_blank&quot;&gt;Datenschutz&lt;\/a&gt; gelesen und bin damit einverstanden.\"\n                            >\n                    Ich habe die Hinweis zum <a href=\"https:\/\/www.drewelow.de\/frauenarzt\/datenschutz\" target=\"_blank\">Datenschutz<\/a> gelesen und bin damit einverstanden.                <\/label>\n\n                \t\t\t\t\t<\/div>\n\t\t\t\t\t\t\t\t\t\t\t<\/div>\r\n<\/div>\r\n<div data-field-wrapper=\"fld_2698195\" class=\"form-group\" id=\"fld_2698195_1-wrap\">\r\n\t<label class=\"control-label\">&nbsp;<\/label>\n<div class=\"\">\r\n\t<input  class=\"btn btn-default\" type=\"submit\" name=\"fld_2698195\" id=\"fld_2698195_1\" value=\"Senden\" data-field=\"fld_2698195\"  >\n<\/div>\r\n<\/div>\r\n\t<input class=\"button_trigger_1\" type=\"hidden\" name=\"fld_2698195\" id=\"fld_2698195_1_btn\" value=\"\" data-field=\"fld_2698195\"  \/>\n<\/div><\/div><\/form>\r\n<\/div>\r\n\n<\/div>\n<div class=\"su-row\"><div class=\"su-column su-column-size-1-3\"><div class=\"su-column-inner su-u-clearfix su-u-trim\"><img decoding=\"async\" class=\"rostock\" src=\"https:\/\/www.drewelow.de\/frauenarzt\/warnemuende\/wp-content\/uploads\/sites\/4\/2021\/07\/warnemuende_01.jpg\" alt=\"Kontakt Frauenarzt in Warnem\u00fcnde\" \/><\/div><\/div>\n<div class=\"su-column su-column-size-1-3\"><div class=\"su-column-inner su-u-clearfix su-u-trim\"><img decoding=\"async\" class=\"rostock\" src=\"https:\/\/www.drewelow.de\/frauenarzt\/warnemuende\/wp-content\/uploads\/sites\/4\/2021\/04\/frauenaerzte-warnemuende_06.jpg\" alt=\"Kontakt Frauenarzt in Rostock-Warnem\u00fcnde\" \/><\/div><\/div>\n<div class=\"su-column su-column-size-1-3\"><div class=\"su-column-inner su-u-clearfix su-u-trim\"><img decoding=\"async\" class=\"rostock\" src=\"https:\/\/www.drewelow.de\/frauenarzt\/warnemuende\/wp-content\/uploads\/sites\/4\/2021\/07\/warnemuende_02.jpg\" alt=\"Kontakt Frauenarzt in Rostock-Warnem\u00fcnde\" \/> <\/div><\/div>\n<\/div>\n","protected":false},"excerpt":{"rendered":"<p>Sie haben eine Anliegen? Schreiben Sie uns!<\/p>\n","protected":false},"author":1,"featured_media":0,"parent":0,"menu_order":0,"comment_status":"closed","ping_status":"closed","template":"","meta":{"footnotes":""},"class_list":["post-27","page","type-page","status-publish","hentry"],"yoast_head":"<!-- This site is optimized with the Yoast SEO plugin v26.5 - https:\/\/yoast.com\/wordpress\/plugins\/seo\/ -->\n<title>Frauen\u00e4rzte Drewelow Warnem\u00fcnde - Kontakt<\/title>\n<meta name=\"description\" content=\"Frauenarztpraxis Drewelow in Warnem\u00fcnde - Frauen\u00e4rztin, Gyn\u00e4kologie, Geburtshilfe, Hormonberatung,Kinderwunsch, Operationen, Mifegyne, Frauenarzt\" \/>\n<meta name=\"robots\" content=\"index, follow, max-snippet:-1, max-image-preview:large, max-video-preview:-1\" \/>\n<link rel=\"canonical\" href=\"https:\/\/www.drewelow.de\/frauenarzt\/warnemuende\/kontakt\/\" \/>\n<meta property=\"og:locale\" content=\"de_DE\" \/>\n<meta property=\"og:type\" content=\"article\" \/>\n<meta property=\"og:title\" content=\"Frauen\u00e4rzte Drewelow Warnem\u00fcnde - Kontakt\" \/>\n<meta property=\"og:description\" content=\"Frauenarztpraxis Drewelow in Warnem\u00fcnde - Frauen\u00e4rztin, Gyn\u00e4kologie, Geburtshilfe, Hormonberatung,Kinderwunsch, Operationen, Mifegyne, Frauenarzt\" \/>\n<meta property=\"og:url\" content=\"https:\/\/www.drewelow.de\/frauenarzt\/warnemuende\/kontakt\/\" \/>\n<meta property=\"og:site_name\" content=\"Frauen\u00e4rzte Drewelow Warnem\u00fcnde\" \/>\n<meta property=\"article:modified_time\" content=\"2021-07-08T07:40:33+00:00\" \/>\n<meta property=\"og:image\" content=\"https:\/\/www.drewelow.de\/frauenarzt\/warnemuende\/wp-content\/uploads\/sites\/4\/2021\/07\/warnemuende_03.jpg\" \/>\n<meta name=\"twitter:card\" content=\"summary_large_image\" \/>\n<meta name=\"twitter:label1\" content=\"Gesch\u00e4tzte Lesezeit\" \/>\n\t<meta name=\"twitter:data1\" content=\"2\u00a0Minuten\" \/>\n<script type=\"application\/ld+json\" class=\"yoast-schema-graph\">{\"@context\":\"https:\/\/schema.org\",\"@graph\":[{\"@type\":\"WebPage\",\"@id\":\"https:\/\/www.drewelow.de\/frauenarzt\/warnemuende\/kontakt\/\",\"url\":\"https:\/\/www.drewelow.de\/frauenarzt\/warnemuende\/kontakt\/\",\"name\":\"Frauen\u00e4rzte Drewelow Warnem\u00fcnde - Kontakt\",\"isPartOf\":{\"@id\":\"https:\/\/www.drewelow.de\/frauenarzt\/warnemuende\/#website\"},\"primaryImageOfPage\":{\"@id\":\"https:\/\/www.drewelow.de\/frauenarzt\/warnemuende\/kontakt\/#primaryimage\"},\"image\":{\"@id\":\"https:\/\/www.drewelow.de\/frauenarzt\/warnemuende\/kontakt\/#primaryimage\"},\"thumbnailUrl\":\"https:\/\/www.drewelow.de\/frauenarzt\/warnemuende\/wp-content\/uploads\/sites\/4\/2021\/07\/warnemuende_03.jpg\",\"datePublished\":\"2021-02-11T17:09:54+00:00\",\"dateModified\":\"2021-07-08T07:40:33+00:00\",\"description\":\"Frauenarztpraxis Drewelow in Warnem\u00fcnde - Frauen\u00e4rztin, Gyn\u00e4kologie, Geburtshilfe, Hormonberatung,Kinderwunsch, Operationen, Mifegyne, Frauenarzt\",\"breadcrumb\":{\"@id\":\"https:\/\/www.drewelow.de\/frauenarzt\/warnemuende\/kontakt\/#breadcrumb\"},\"inLanguage\":\"de\",\"potentialAction\":[{\"@type\":\"ReadAction\",\"target\":[\"https:\/\/www.drewelow.de\/frauenarzt\/warnemuende\/kontakt\/\"]}]},{\"@type\":\"ImageObject\",\"inLanguage\":\"de\",\"@id\":\"https:\/\/www.drewelow.de\/frauenarzt\/warnemuende\/kontakt\/#primaryimage\",\"url\":\"https:\/\/www.drewelow.de\/frauenarzt\/warnemuende\/wp-content\/uploads\/sites\/4\/2021\/07\/warnemuende_03.jpg\",\"contentUrl\":\"https:\/\/www.drewelow.de\/frauenarzt\/warnemuende\/wp-content\/uploads\/sites\/4\/2021\/07\/warnemuende_03.jpg\",\"width\":700,\"height\":619},{\"@type\":\"BreadcrumbList\",\"@id\":\"https:\/\/www.drewelow.de\/frauenarzt\/warnemuende\/kontakt\/#breadcrumb\",\"itemListElement\":[{\"@type\":\"ListItem\",\"position\":1,\"name\":\"Startseite\",\"item\":\"https:\/\/www.drewelow.de\/frauenarzt\/warnemuende\/\"},{\"@type\":\"ListItem\",\"position\":2,\"name\":\"Kontakt\"}]},{\"@type\":\"WebSite\",\"@id\":\"https:\/\/www.drewelow.de\/frauenarzt\/warnemuende\/#website\",\"url\":\"https:\/\/www.drewelow.de\/frauenarzt\/warnemuende\/\",\"name\":\"Frauen\u00e4rzte Drewelow Warnem\u00fcnde\",\"description\":\"\",\"publisher\":{\"@id\":\"https:\/\/www.drewelow.de\/frauenarzt\/warnemuende\/#organization\"},\"potentialAction\":[{\"@type\":\"SearchAction\",\"target\":{\"@type\":\"EntryPoint\",\"urlTemplate\":\"https:\/\/www.drewelow.de\/frauenarzt\/warnemuende\/?s={search_term_string}\"},\"query-input\":{\"@type\":\"PropertyValueSpecification\",\"valueRequired\":true,\"valueName\":\"search_term_string\"}}],\"inLanguage\":\"de\"},{\"@type\":\"Organization\",\"@id\":\"https:\/\/www.drewelow.de\/frauenarzt\/warnemuende\/#organization\",\"name\":\"Frauen\u00e4rzte Drewelow Warnem\u00fcnde\",\"url\":\"https:\/\/www.drewelow.de\/frauenarzt\/warnemuende\/\",\"logo\":{\"@type\":\"ImageObject\",\"inLanguage\":\"de\",\"@id\":\"https:\/\/www.drewelow.de\/frauenarzt\/warnemuende\/#\/schema\/logo\/image\/\",\"url\":\"https:\/\/www.drewelow.de\/frauenarzt\/warnemuende\/wp-content\/uploads\/sites\/4\/2021\/02\/logo_header.png\",\"contentUrl\":\"https:\/\/www.drewelow.de\/frauenarzt\/warnemuende\/wp-content\/uploads\/sites\/4\/2021\/02\/logo_header.png\",\"width\":600,\"height\":230,\"caption\":\"Frauen\u00e4rzte Drewelow Warnem\u00fcnde\"},\"image\":{\"@id\":\"https:\/\/www.drewelow.de\/frauenarzt\/warnemuende\/#\/schema\/logo\/image\/\"}}]}<\/script>\n<!-- \/ Yoast SEO plugin. -->","yoast_head_json":{"title":"Frauen\u00e4rzte Drewelow Warnem\u00fcnde - Kontakt","description":"Frauenarztpraxis Drewelow in Warnem\u00fcnde - Frauen\u00e4rztin, Gyn\u00e4kologie, Geburtshilfe, Hormonberatung,Kinderwunsch, Operationen, Mifegyne, Frauenarzt","robots":{"index":"index","follow":"follow","max-snippet":"max-snippet:-1","max-image-preview":"max-image-preview:large","max-video-preview":"max-video-preview:-1"},"canonical":"https:\/\/www.drewelow.de\/frauenarzt\/warnemuende\/kontakt\/","og_locale":"de_DE","og_type":"article","og_title":"Frauen\u00e4rzte Drewelow Warnem\u00fcnde - Kontakt","og_description":"Frauenarztpraxis Drewelow in Warnem\u00fcnde - Frauen\u00e4rztin, Gyn\u00e4kologie, Geburtshilfe, Hormonberatung,Kinderwunsch, Operationen, Mifegyne, Frauenarzt","og_url":"https:\/\/www.drewelow.de\/frauenarzt\/warnemuende\/kontakt\/","og_site_name":"Frauen\u00e4rzte Drewelow Warnem\u00fcnde","article_modified_time":"2021-07-08T07:40:33+00:00","og_image":[{"url":"https:\/\/www.drewelow.de\/frauenarzt\/warnemuende\/wp-content\/uploads\/sites\/4\/2021\/07\/warnemuende_03.jpg","type":"","width":"","height":""}],"twitter_card":"summary_large_image","twitter_misc":{"Gesch\u00e4tzte Lesezeit":"2\u00a0Minuten"},"schema":{"@context":"https:\/\/schema.org","@graph":[{"@type":"WebPage","@id":"https:\/\/www.drewelow.de\/frauenarzt\/warnemuende\/kontakt\/","url":"https:\/\/www.drewelow.de\/frauenarzt\/warnemuende\/kontakt\/","name":"Frauen\u00e4rzte Drewelow Warnem\u00fcnde - Kontakt","isPartOf":{"@id":"https:\/\/www.drewelow.de\/frauenarzt\/warnemuende\/#website"},"primaryImageOfPage":{"@id":"https:\/\/www.drewelow.de\/frauenarzt\/warnemuende\/kontakt\/#primaryimage"},"image":{"@id":"https:\/\/www.drewelow.de\/frauenarzt\/warnemuende\/kontakt\/#primaryimage"},"thumbnailUrl":"https:\/\/www.drewelow.de\/frauenarzt\/warnemuende\/wp-content\/uploads\/sites\/4\/2021\/07\/warnemuende_03.jpg","datePublished":"2021-02-11T17:09:54+00:00","dateModified":"2021-07-08T07:40:33+00:00","description":"Frauenarztpraxis Drewelow in Warnem\u00fcnde - Frauen\u00e4rztin, Gyn\u00e4kologie, Geburtshilfe, Hormonberatung,Kinderwunsch, Operationen, Mifegyne, Frauenarzt","breadcrumb":{"@id":"https:\/\/www.drewelow.de\/frauenarzt\/warnemuende\/kontakt\/#breadcrumb"},"inLanguage":"de","potentialAction":[{"@type":"ReadAction","target":["https:\/\/www.drewelow.de\/frauenarzt\/warnemuende\/kontakt\/"]}]},{"@type":"ImageObject","inLanguage":"de","@id":"https:\/\/www.drewelow.de\/frauenarzt\/warnemuende\/kontakt\/#primaryimage","url":"https:\/\/www.drewelow.de\/frauenarzt\/warnemuende\/wp-content\/uploads\/sites\/4\/2021\/07\/warnemuende_03.jpg","contentUrl":"https:\/\/www.drewelow.de\/frauenarzt\/warnemuende\/wp-content\/uploads\/sites\/4\/2021\/07\/warnemuende_03.jpg","width":700,"height":619},{"@type":"BreadcrumbList","@id":"https:\/\/www.drewelow.de\/frauenarzt\/warnemuende\/kontakt\/#breadcrumb","itemListElement":[{"@type":"ListItem","position":1,"name":"Startseite","item":"https:\/\/www.drewelow.de\/frauenarzt\/warnemuende\/"},{"@type":"ListItem","position":2,"name":"Kontakt"}]},{"@type":"WebSite","@id":"https:\/\/www.drewelow.de\/frauenarzt\/warnemuende\/#website","url":"https:\/\/www.drewelow.de\/frauenarzt\/warnemuende\/","name":"Frauen\u00e4rzte Drewelow Warnem\u00fcnde","description":"","publisher":{"@id":"https:\/\/www.drewelow.de\/frauenarzt\/warnemuende\/#organization"},"potentialAction":[{"@type":"SearchAction","target":{"@type":"EntryPoint","urlTemplate":"https:\/\/www.drewelow.de\/frauenarzt\/warnemuende\/?s={search_term_string}"},"query-input":{"@type":"PropertyValueSpecification","valueRequired":true,"valueName":"search_term_string"}}],"inLanguage":"de"},{"@type":"Organization","@id":"https:\/\/www.drewelow.de\/frauenarzt\/warnemuende\/#organization","name":"Frauen\u00e4rzte Drewelow Warnem\u00fcnde","url":"https:\/\/www.drewelow.de\/frauenarzt\/warnemuende\/","logo":{"@type":"ImageObject","inLanguage":"de","@id":"https:\/\/www.drewelow.de\/frauenarzt\/warnemuende\/#\/schema\/logo\/image\/","url":"https:\/\/www.drewelow.de\/frauenarzt\/warnemuende\/wp-content\/uploads\/sites\/4\/2021\/02\/logo_header.png","contentUrl":"https:\/\/www.drewelow.de\/frauenarzt\/warnemuende\/wp-content\/uploads\/sites\/4\/2021\/02\/logo_header.png","width":600,"height":230,"caption":"Frauen\u00e4rzte Drewelow Warnem\u00fcnde"},"image":{"@id":"https:\/\/www.drewelow.de\/frauenarzt\/warnemuende\/#\/schema\/logo\/image\/"}}]}},"_links":{"self":[{"href":"https:\/\/www.drewelow.de\/frauenarzt\/warnemuende\/wp-json\/wp\/v2\/pages\/27","targetHints":{"allow":["GET"]}}],"collection":[{"href":"https:\/\/www.drewelow.de\/frauenarzt\/warnemuende\/wp-json\/wp\/v2\/pages"}],"about":[{"href":"https:\/\/www.drewelow.de\/frauenarzt\/warnemuende\/wp-json\/wp\/v2\/types\/page"}],"author":[{"embeddable":true,"href":"https:\/\/www.drewelow.de\/frauenarzt\/warnemuende\/wp-json\/wp\/v2\/users\/1"}],"replies":[{"embeddable":true,"href":"https:\/\/www.drewelow.de\/frauenarzt\/warnemuende\/wp-json\/wp\/v2\/comments?post=27"}],"version-history":[{"count":39,"href":"https:\/\/www.drewelow.de\/frauenarzt\/warnemuende\/wp-json\/wp\/v2\/pages\/27\/revisions"}],"predecessor-version":[{"id":928,"href":"https:\/\/www.drewelow.de\/frauenarzt\/warnemuende\/wp-json\/wp\/v2\/pages\/27\/revisions\/928"}],"wp:attachment":[{"href":"https:\/\/www.drewelow.de\/frauenarzt\/warnemuende\/wp-json\/wp\/v2\/media?parent=27"}],"curies":[{"name":"wp","href":"https:\/\/api.w.org\/{rel}","templated":true}]}}