{"id":30,"date":"2021-02-11T18:10:42","date_gmt":"2021-02-11T17:10:42","guid":{"rendered":"https:\/\/www.drewelow.de\/frauenarzt\/warnemuende\/?page_id=30"},"modified":"2025-12-09T18:22:49","modified_gmt":"2025-12-09T17:22:49","slug":"team","status":"publish","type":"page","link":"https:\/\/www.drewelow.de\/frauenarzt\/warnemuende\/team\/","title":{"rendered":"Team"},"content":{"rendered":"<div class=\"teamtermin\">\n<h1>Individuelle Beratung<\/h1>\n<p>&nbsp;<\/p>\n<h2>Ihre Frauenarztpraxis in Warnem\u00fcnde<\/h2>\n<a href=\"https:\/\/www.drewelow.de\/frauenarzt\/termin-warnemuende\" class=\"su-button su-button-style-flat termin\" style=\"color:#FFFFFF;background-color:#900900;border-color:#740800;border-radius:0px\" target=\"__blank\"><span style=\"color:#FFFFFF;padding:0px 18px;font-size:14px;line-height:28px;border-color:#b2534d;border-radius:0px;text-shadow:none\"> Jetzt Termin online buchen <img decoding=\"async\" src=\"https:\/\/www.drewelow.de\/frauenarzt\/wp-content\/uploads\/2022\/10\/doctolib-white-transparent.png\" alt=\"\" \/><\/span><\/a>\n<\/div>\n<div class=\"su-row\"><div class=\"su-column su-column-size-1-2 left\"><div class=\"su-column-inner su-u-clearfix su-u-trim\"><img decoding=\"async\" class=\"teambilder\" src=\"https:\/\/www.drewelow.de\/frauenarzt\/wp-content\/uploads\/2025\/12\/nicole-drewelow_frauenaerztin-warnemuende.webp\" alt=\"Frauen\u00e4rztin Nicole Drewelow, Warnem\u00fcnde\" \/><\/div><\/div>\n<div class=\"su-column su-column-size-1-2 right\"><div class=\"su-column-inner su-u-clearfix su-u-trim\">\n<h2>Nicole Drewelow<\/h2>\n<p>Fach\u00e4rztin f\u00fcr Frauenheilkunde und Geburtshilfee<\/div><\/div>\n<\/div>\n<div class=\"su-row\"><div class=\"su-column su-column-size-1-2 left\"><div class=\"su-column-inner su-u-clearfix su-u-trim\">\n<h2>Ulrike Klewer<\/h2>\n<p>Fach\u00e4rztin f\u00fcr Frauenheilkunde und Geburtshilfe<\/div><\/div>\n<div class=\"su-column su-column-size-1-2 right\"><div class=\"su-column-inner su-u-clearfix su-u-trim\"><img decoding=\"async\" class=\"teambilder\" src=\"https:\/\/www.drewelow.de\/frauenarzt\/warnemuende\/wp-content\/uploads\/sites\/4\/2022\/09\/klewer_ulrike.jpg\" alt=\"Ulrike Klewer, \u00c4rztinin Warnem\u00fcnde\" \/><\/div><\/div>\n<\/div>\n<div class=\"su-row\"><div class=\"su-column su-column-size-1-2 left\"><div class=\"su-column-inner su-u-clearfix su-u-trim\"><img decoding=\"async\" class=\"teambilder\" src=\"https:\/\/www.drewelow.de\/frauenarzt\/warnemuende\/wp-content\/uploads\/sites\/4\/2025\/12\/gerhardt.webp\" alt=\"Team Frauenarztpraxis Warnem\u00fcnde\" \/><\/div><\/div>\n<div class=\"su-column su-column-size-1-2 right\"><div class=\"su-column-inner su-u-clearfix su-u-trim\">\n<h2>Dr. Cornelia Gerhardt<\/h2>\n<p>Fach\u00e4rztin f\u00fcr Frauenheilkunde und Geburtshilfe<br \/>\n<\/div><\/div>\n<\/div>\n<div class=\"su-row\"><div class=\"su-column su-column-size-1-2 left\"><div class=\"su-column-inner su-u-clearfix su-u-trim\">\n<h2>Ines Stamm<\/h2>\n<p>Arzthelferin<br \/>\n<\/div><\/div>\n<div class=\"su-column su-column-size-1-2 right\"><div class=\"su-column-inner su-u-clearfix su-u-trim\"><img decoding=\"async\" class=\"teambilder\" src=\"https:\/\/www.drewelow.de\/frauenarzt\/warnemuende\/wp-content\/uploads\/sites\/4\/2025\/12\/stamm.webp\" alt=\"Frauenarztpraxis Team Warnem\u00fcnde\" \/><\/div><\/div>\n<\/div>\n<div class=\"su-row\"><div class=\"su-column su-column-size-1-2 left\"><div class=\"su-column-inner su-u-clearfix su-u-trim\"><img decoding=\"async\" class=\"teambilder\" src=\"https:\/\/www.drewelow.de\/frauenarzt\/warnemuende\/wp-content\/uploads\/sites\/4\/2025\/12\/sabrina.webp\" alt=\"Team Frauenarztpraxis Warnem\u00fcnde\" \/><\/div><\/div>\n<div class=\"su-column su-column-size-1-2 right\"><div class=\"su-column-inner su-u-clearfix su-u-trim\">\n<h2>Sabrina Feddern<\/h2>\n<p>Arzthelferin<br \/>\n<\/div><\/div>\n<\/div>\n<div class=\"su-row\"><div class=\"su-column su-column-size-1-2 left\"><div class=\"su-column-inner su-u-clearfix su-u-trim\">\n<h2>Julia Lechner-D\u00f6hringer<\/h2>\n<p>Medizinische Fachangestellte (MFA)<br \/>\n<\/div><\/div>\n<div class=\"su-column su-column-size-1-2 right\"><div class=\"su-column-inner su-u-clearfix su-u-trim\"><img decoding=\"async\" class=\"teambilder\" src=\"https:\/\/www.drewelow.de\/frauenarzt\/warnemuende\/wp-content\/uploads\/sites\/4\/2025\/12\/lechner-doehringer.webp\" alt=\"Frauenarztpraxis Team Warnem\u00fcnde\" \/><\/div><\/div>\n<\/div>\n<div class=\"su-row\"><div class=\"su-column su-column-size-1-2 left\"><div class=\"su-column-inner su-u-clearfix su-u-trim\"><img decoding=\"async\" class=\"teambilder\" src=\"https:\/\/www.drewelow.de\/frauenarzt\/warnemuende\/wp-content\/uploads\/sites\/4\/2025\/12\/heike-stief.webp\" alt=\"Team Frauenarztpraxis Warnem\u00fcnde\" \/><\/div><\/div>\n<div class=\"su-column su-column-size-1-2 right\"><div class=\"su-column-inner su-u-clearfix su-u-trim\">\n<h2>Heike Stief<\/h2>\n<p>Medizinische Fachangestellte (MFA)<br \/>\n<\/div><\/div>\n<\/div>\n<div class=\"su-row\"><div class=\"su-column su-column-size-1-2 left\"><div class=\"su-column-inner su-u-clearfix su-u-trim\">\n<h2>Mathias Dirksen<\/h2>\n<p>IT<br \/>\n<\/div><\/div>\n<div class=\"su-column su-column-size-1-2 right\"><div class=\"su-column-inner su-u-clearfix su-u-trim\"><img decoding=\"async\" class=\"teambilder\" src=\"https:\/\/www.drewelow.de\/frauenarzt\/warnemuende\/wp-content\/uploads\/sites\/4\/2025\/12\/dirksen.webp\" alt=\"Frauenarztpraxis Team Warnem\u00fcnde\" \/><\/div><\/div>\n<\/div>\n","protected":false},"excerpt":{"rendered":"<p>Individuelle Beratung &nbsp; Ihre Frauenarztpraxis in Warnem\u00fcnde<\/p>\n","protected":false},"author":1,"featured_media":0,"parent":0,"menu_order":0,"comment_status":"closed","ping_status":"closed","template":"","meta":{"footnotes":""},"class_list":["post-30","page","type-page","status-publish","hentry"],"yoast_head":"<!-- This site is optimized with the Yoast SEO plugin v26.5 - https:\/\/yoast.com\/wordpress\/plugins\/seo\/ -->\n<title>Frauen\u00e4rzte Drewelow Warnem\u00fcnde - Team<\/title>\n<meta name=\"description\" content=\"Frauenarztpraxis Drewelow in Warnem\u00fcnde - Frauen\u00e4rztin, Gyn\u00e4kologie, Geburtshilfe, Hormonberatung,Kinderwunsch, Operationen, Mifegyne, Frauenarzt\" \/>\n<meta name=\"robots\" content=\"index, follow, max-snippet:-1, max-image-preview:large, max-video-preview:-1\" \/>\n<link rel=\"canonical\" href=\"https:\/\/www.drewelow.de\/frauenarzt\/warnemuende\/team\/\" \/>\n<meta property=\"og:locale\" content=\"de_DE\" \/>\n<meta property=\"og:type\" content=\"article\" \/>\n<meta property=\"og:title\" content=\"Frauen\u00e4rzte Drewelow Warnem\u00fcnde - Team\" \/>\n<meta property=\"og:description\" content=\"Frauenarztpraxis Drewelow in Warnem\u00fcnde - Frauen\u00e4rztin, Gyn\u00e4kologie, Geburtshilfe, Hormonberatung,Kinderwunsch, Operationen, Mifegyne, Frauenarzt\" \/>\n<meta property=\"og:url\" content=\"https:\/\/www.drewelow.de\/frauenarzt\/warnemuende\/team\/\" \/>\n<meta property=\"og:site_name\" content=\"Frauen\u00e4rzte Drewelow Warnem\u00fcnde\" \/>\n<meta property=\"article:modified_time\" content=\"2025-12-09T17:22:49+00:00\" \/>\n<meta property=\"og:image\" content=\"https:\/\/www.drewelow.de\/frauenarzt\/wp-content\/uploads\/2022\/10\/doctolib-white-transparent.png\" \/>\n<meta name=\"twitter:card\" content=\"summary_large_image\" \/>\n<meta name=\"twitter:label1\" content=\"Gesch\u00e4tzte Lesezeit\" \/>\n\t<meta name=\"twitter:data1\" content=\"3\u00a0Minuten\" \/>\n<script type=\"application\/ld+json\" class=\"yoast-schema-graph\">{\"@context\":\"https:\/\/schema.org\",\"@graph\":[{\"@type\":\"WebPage\",\"@id\":\"https:\/\/www.drewelow.de\/frauenarzt\/warnemuende\/team\/\",\"url\":\"https:\/\/www.drewelow.de\/frauenarzt\/warnemuende\/team\/\",\"name\":\"Frauen\u00e4rzte Drewelow Warnem\u00fcnde - Team\",\"isPartOf\":{\"@id\":\"https:\/\/www.drewelow.de\/frauenarzt\/warnemuende\/#website\"},\"primaryImageOfPage\":{\"@id\":\"https:\/\/www.drewelow.de\/frauenarzt\/warnemuende\/team\/#primaryimage\"},\"image\":{\"@id\":\"https:\/\/www.drewelow.de\/frauenarzt\/warnemuende\/team\/#primaryimage\"},\"thumbnailUrl\":\"https:\/\/www.drewelow.de\/frauenarzt\/wp-content\/uploads\/2022\/10\/doctolib-white-transparent.png\",\"datePublished\":\"2021-02-11T17:10:42+00:00\",\"dateModified\":\"2025-12-09T17:22:49+00:00\",\"description\":\"Frauenarztpraxis Drewelow in Warnem\u00fcnde - Frauen\u00e4rztin, Gyn\u00e4kologie, Geburtshilfe, Hormonberatung,Kinderwunsch, Operationen, Mifegyne, Frauenarzt\",\"breadcrumb\":{\"@id\":\"https:\/\/www.drewelow.de\/frauenarzt\/warnemuende\/team\/#breadcrumb\"},\"inLanguage\":\"de\",\"potentialAction\":[{\"@type\":\"ReadAction\",\"target\":[\"https:\/\/www.drewelow.de\/frauenarzt\/warnemuende\/team\/\"]}]},{\"@type\":\"ImageObject\",\"inLanguage\":\"de\",\"@id\":\"https:\/\/www.drewelow.de\/frauenarzt\/warnemuende\/team\/#primaryimage\",\"url\":\"https:\/\/www.drewelow.de\/frauenarzt\/wp-content\/uploads\/2022\/10\/doctolib-white-transparent.png\",\"contentUrl\":\"https:\/\/www.drewelow.de\/frauenarzt\/wp-content\/uploads\/2022\/10\/doctolib-white-transparent.png\"},{\"@type\":\"BreadcrumbList\",\"@id\":\"https:\/\/www.drewelow.de\/frauenarzt\/warnemuende\/team\/#breadcrumb\",\"itemListElement\":[{\"@type\":\"ListItem\",\"position\":1,\"name\":\"Startseite\",\"item\":\"https:\/\/www.drewelow.de\/frauenarzt\/warnemuende\/\"},{\"@type\":\"ListItem\",\"position\":2,\"name\":\"Team\"}]},{\"@type\":\"WebSite\",\"@id\":\"https:\/\/www.drewelow.de\/frauenarzt\/warnemuende\/#website\",\"url\":\"https:\/\/www.drewelow.de\/frauenarzt\/warnemuende\/\",\"name\":\"Frauen\u00e4rzte Drewelow Warnem\u00fcnde\",\"description\":\"\",\"publisher\":{\"@id\":\"https:\/\/www.drewelow.de\/frauenarzt\/warnemuende\/#organization\"},\"potentialAction\":[{\"@type\":\"SearchAction\",\"target\":{\"@type\":\"EntryPoint\",\"urlTemplate\":\"https:\/\/www.drewelow.de\/frauenarzt\/warnemuende\/?s={search_term_string}\"},\"query-input\":{\"@type\":\"PropertyValueSpecification\",\"valueRequired\":true,\"valueName\":\"search_term_string\"}}],\"inLanguage\":\"de\"},{\"@type\":\"Organization\",\"@id\":\"https:\/\/www.drewelow.de\/frauenarzt\/warnemuende\/#organization\",\"name\":\"Frauen\u00e4rzte Drewelow Warnem\u00fcnde\",\"url\":\"https:\/\/www.drewelow.de\/frauenarzt\/warnemuende\/\",\"logo\":{\"@type\":\"ImageObject\",\"inLanguage\":\"de\",\"@id\":\"https:\/\/www.drewelow.de\/frauenarzt\/warnemuende\/#\/schema\/logo\/image\/\",\"url\":\"https:\/\/www.drewelow.de\/frauenarzt\/warnemuende\/wp-content\/uploads\/sites\/4\/2021\/02\/logo_header.png\",\"contentUrl\":\"https:\/\/www.drewelow.de\/frauenarzt\/warnemuende\/wp-content\/uploads\/sites\/4\/2021\/02\/logo_header.png\",\"width\":600,\"height\":230,\"caption\":\"Frauen\u00e4rzte Drewelow Warnem\u00fcnde\"},\"image\":{\"@id\":\"https:\/\/www.drewelow.de\/frauenarzt\/warnemuende\/#\/schema\/logo\/image\/\"}}]}<\/script>\n<!-- \/ Yoast SEO plugin. -->","yoast_head_json":{"title":"Frauen\u00e4rzte Drewelow Warnem\u00fcnde - Team","description":"Frauenarztpraxis Drewelow in Warnem\u00fcnde - Frauen\u00e4rztin, Gyn\u00e4kologie, Geburtshilfe, Hormonberatung,Kinderwunsch, Operationen, Mifegyne, Frauenarzt","robots":{"index":"index","follow":"follow","max-snippet":"max-snippet:-1","max-image-preview":"max-image-preview:large","max-video-preview":"max-video-preview:-1"},"canonical":"https:\/\/www.drewelow.de\/frauenarzt\/warnemuende\/team\/","og_locale":"de_DE","og_type":"article","og_title":"Frauen\u00e4rzte Drewelow Warnem\u00fcnde - Team","og_description":"Frauenarztpraxis Drewelow in Warnem\u00fcnde - Frauen\u00e4rztin, Gyn\u00e4kologie, Geburtshilfe, Hormonberatung,Kinderwunsch, Operationen, Mifegyne, Frauenarzt","og_url":"https:\/\/www.drewelow.de\/frauenarzt\/warnemuende\/team\/","og_site_name":"Frauen\u00e4rzte Drewelow Warnem\u00fcnde","article_modified_time":"2025-12-09T17:22:49+00:00","og_image":[{"url":"https:\/\/www.drewelow.de\/frauenarzt\/wp-content\/uploads\/2022\/10\/doctolib-white-transparent.png","type":"","width":"","height":""}],"twitter_card":"summary_large_image","twitter_misc":{"Gesch\u00e4tzte Lesezeit":"3\u00a0Minuten"},"schema":{"@context":"https:\/\/schema.org","@graph":[{"@type":"WebPage","@id":"https:\/\/www.drewelow.de\/frauenarzt\/warnemuende\/team\/","url":"https:\/\/www.drewelow.de\/frauenarzt\/warnemuende\/team\/","name":"Frauen\u00e4rzte Drewelow Warnem\u00fcnde - Team","isPartOf":{"@id":"https:\/\/www.drewelow.de\/frauenarzt\/warnemuende\/#website"},"primaryImageOfPage":{"@id":"https:\/\/www.drewelow.de\/frauenarzt\/warnemuende\/team\/#primaryimage"},"image":{"@id":"https:\/\/www.drewelow.de\/frauenarzt\/warnemuende\/team\/#primaryimage"},"thumbnailUrl":"https:\/\/www.drewelow.de\/frauenarzt\/wp-content\/uploads\/2022\/10\/doctolib-white-transparent.png","datePublished":"2021-02-11T17:10:42+00:00","dateModified":"2025-12-09T17:22:49+00:00","description":"Frauenarztpraxis Drewelow in Warnem\u00fcnde - Frauen\u00e4rztin, Gyn\u00e4kologie, Geburtshilfe, Hormonberatung,Kinderwunsch, Operationen, Mifegyne, Frauenarzt","breadcrumb":{"@id":"https:\/\/www.drewelow.de\/frauenarzt\/warnemuende\/team\/#breadcrumb"},"inLanguage":"de","potentialAction":[{"@type":"ReadAction","target":["https:\/\/www.drewelow.de\/frauenarzt\/warnemuende\/team\/"]}]},{"@type":"ImageObject","inLanguage":"de","@id":"https:\/\/www.drewelow.de\/frauenarzt\/warnemuende\/team\/#primaryimage","url":"https:\/\/www.drewelow.de\/frauenarzt\/wp-content\/uploads\/2022\/10\/doctolib-white-transparent.png","contentUrl":"https:\/\/www.drewelow.de\/frauenarzt\/wp-content\/uploads\/2022\/10\/doctolib-white-transparent.png"},{"@type":"BreadcrumbList","@id":"https:\/\/www.drewelow.de\/frauenarzt\/warnemuende\/team\/#breadcrumb","itemListElement":[{"@type":"ListItem","position":1,"name":"Startseite","item":"https:\/\/www.drewelow.de\/frauenarzt\/warnemuende\/"},{"@type":"ListItem","position":2,"name":"Team"}]},{"@type":"WebSite","@id":"https:\/\/www.drewelow.de\/frauenarzt\/warnemuende\/#website","url":"https:\/\/www.drewelow.de\/frauenarzt\/warnemuende\/","name":"Frauen\u00e4rzte Drewelow Warnem\u00fcnde","description":"","publisher":{"@id":"https:\/\/www.drewelow.de\/frauenarzt\/warnemuende\/#organization"},"potentialAction":[{"@type":"SearchAction","target":{"@type":"EntryPoint","urlTemplate":"https:\/\/www.drewelow.de\/frauenarzt\/warnemuende\/?s={search_term_string}"},"query-input":{"@type":"PropertyValueSpecification","valueRequired":true,"valueName":"search_term_string"}}],"inLanguage":"de"},{"@type":"Organization","@id":"https:\/\/www.drewelow.de\/frauenarzt\/warnemuende\/#organization","name":"Frauen\u00e4rzte Drewelow Warnem\u00fcnde","url":"https:\/\/www.drewelow.de\/frauenarzt\/warnemuende\/","logo":{"@type":"ImageObject","inLanguage":"de","@id":"https:\/\/www.drewelow.de\/frauenarzt\/warnemuende\/#\/schema\/logo\/image\/","url":"https:\/\/www.drewelow.de\/frauenarzt\/warnemuende\/wp-content\/uploads\/sites\/4\/2021\/02\/logo_header.png","contentUrl":"https:\/\/www.drewelow.de\/frauenarzt\/warnemuende\/wp-content\/uploads\/sites\/4\/2021\/02\/logo_header.png","width":600,"height":230,"caption":"Frauen\u00e4rzte Drewelow Warnem\u00fcnde"},"image":{"@id":"https:\/\/www.drewelow.de\/frauenarzt\/warnemuende\/#\/schema\/logo\/image\/"}}]}},"_links":{"self":[{"href":"https:\/\/www.drewelow.de\/frauenarzt\/warnemuende\/wp-json\/wp\/v2\/pages\/30","targetHints":{"allow":["GET"]}}],"collection":[{"href":"https:\/\/www.drewelow.de\/frauenarzt\/warnemuende\/wp-json\/wp\/v2\/pages"}],"about":[{"href":"https:\/\/www.drewelow.de\/frauenarzt\/warnemuende\/wp-json\/wp\/v2\/types\/page"}],"author":[{"embeddable":true,"href":"https:\/\/www.drewelow.de\/frauenarzt\/warnemuende\/wp-json\/wp\/v2\/users\/1"}],"replies":[{"embeddable":true,"href":"https:\/\/www.drewelow.de\/frauenarzt\/warnemuende\/wp-json\/wp\/v2\/comments?post=30"}],"version-history":[{"count":30,"href":"https:\/\/www.drewelow.de\/frauenarzt\/warnemuende\/wp-json\/wp\/v2\/pages\/30\/revisions"}],"predecessor-version":[{"id":2240,"href":"https:\/\/www.drewelow.de\/frauenarzt\/warnemuende\/wp-json\/wp\/v2\/pages\/30\/revisions\/2240"}],"wp:attachment":[{"href":"https:\/\/www.drewelow.de\/frauenarzt\/warnemuende\/wp-json\/wp\/v2\/media?parent=30"}],"curies":[{"name":"wp","href":"https:\/\/api.w.org\/{rel}","templated":true}]}}