{"id":2,"date":"2021-02-11T14:44:52","date_gmt":"2021-02-11T13:44:52","guid":{"rendered":"https:\/\/www.drewelow.de\/frauenarzt\/?page_id=2"},"modified":"2025-12-09T18:47:15","modified_gmt":"2025-12-09T17:47:15","slug":"startseite","status":"publish","type":"page","link":"https:\/\/www.drewelow.de\/frauenarzt\/","title":{"rendered":"Startseite"},"content":{"rendered":"<h1>Frauen\u00e4rzte Drewelow<\/h1>\n<p><i class=\"far fa-smile\"><\/i><\/p>\n<h2>Wir freuen uns auf Sie in <a href=\"https:\/\/www.drewelow.de\/frauenarzt\/rostock\" title=\"Frauenarztpraxis in Rostock\">Rostock<\/a>, <a href=\"https:\/\/www.drewelow.de\/frauenarzt\/warnemuende\" title=\"Frauenarztpraxis in Warnem\u00fcnde\">Warnem\u00fcnde<\/a> und <a href=\"https:\/\/www.drewelow.de\/frauenarzt\/buetzow\" title=\"Frauenarztpraxis in B\u00fctzow\">B\u00fctzow<\/a><\/h2>\n<div class=\"su-row\">\n<div class=\"su-column su-column-size-1-3\"><div class=\"su-column-inner su-u-clearfix su-u-trim\"><img loading=\"lazy\" decoding=\"async\" src=\"https:\/\/www.drewelow.de\/frauenarzt\/wp-content\/uploads\/2025\/12\/nicole-drewelow_frauenaerztin-warnemuende.webp\" alt=\"\" width=\"600\" height=\"900\" class=\"alignnone size-full wp-image-488\" \/><br \/>\n<strong>Nicole Drewelow<\/strong><br \/>\nFach\u00e4rztin f\u00fcr Gyn\u00e4kologie und Geburtshilfe in <a href=\"https:\/\/www.drewelow.de\/frauenarzt\/warnemuende\">Warnem\u00fcnde<\/a><\/div><\/div>\n<div class=\"su-column su-column-size-1-3\"><div class=\"su-column-inner su-u-clearfix su-u-trim\"><img loading=\"lazy\" decoding=\"async\" src=\"https:\/\/www.drewelow.de\/frauenarzt\/buetzow\/wp-content\/uploads\/sites\/2\/2025\/12\/frauenarzt-frank-drewelow.webp\" alt=\"\" width=\"600\" height=\"900\" class=\"alignnone size-full wp-image-488\" \/><br \/>\n<strong>Frank Drewelow<\/strong><br \/>\nFacharzt f\u00fcr Gyn\u00e4kologie und Geburtshilfe in <a href=\"https:\/\/www.drewelow.de\/frauenarzt\/rostock\/\">Rostock<\/a> und <a href=\"https:\/\/www.drewelow.de\/frauenarzt\/buetzow\">B\u00fctzow<\/a><\/div><\/div>\n<div class=\"su-column su-column-size-1-3\"><div class=\"su-column-inner su-u-clearfix su-u-trim\"><img loading=\"lazy\" decoding=\"async\" src=\"https:\/\/www.drewelow.de\/frauenarzt\/buetzow\/wp-content\/uploads\/sites\/2\/2025\/12\/iris-engbert-frauenaerztin-buetzow.webp\" alt=\"\" width=\"600\" height=\"900\" class=\"alignnone size-full wp-image-488\" \/><br \/>\n<strong>Dr. med. Iris Engbert<\/strong><br \/>\nFach\u00e4rztin f\u00fcr Gyn\u00e4kologie und Geburtshilfe in <a href=\"https:\/\/www.drewelow.de\/frauenarzt\/buetzow\">B\u00fctzow<\/a><\/div><\/div>\n<\/div>\n<div class=\"su-row\">\n<div class=\"su-column su-column-size-1-3\"><div class=\"su-column-inner su-u-clearfix su-u-trim\"><img loading=\"lazy\" decoding=\"async\" src=\"https:\/\/www.drewelow.de\/frauenarzt\/wp-content\/uploads\/2025\/12\/anna-sanftleben.webp\" alt=\"\" width=\"600\" height=\"900\" class=\"alignnone size-full\" \/><br \/>\n<strong>Dr. med. Anna Sanftleben<\/strong><br \/>\nFach\u00e4rztin f\u00fcr Gyn\u00e4kologie und Geburtshilfe in <a href=\"https:\/\/www.drewelow.de\/frauenarzt\/rostock\">Rostock<\/a><\/div><\/div>\n<div class=\"su-column su-column-size-1-3\"><div class=\"su-column-inner su-u-clearfix su-u-trim\"><img loading=\"lazy\" decoding=\"async\" src=\"https:\/\/www.drewelow.de\/frauenarzt\/warnemuende\/wp-content\/uploads\/sites\/4\/2022\/09\/klewer_ulrike.jpg\" alt=\"\" width=\"600\" height=\"900\" class=\"alignnone size-full wp-image-488\" \/><br \/>\n<strong>Ulrike Klewer<\/strong><br \/>\nFach\u00e4rztin f\u00fcr Gyn\u00e4kologie und Geburtshilfe in <a href=\"https:\/\/www.drewelow.de\/frauenarzt\/warnemuende\">Warnem\u00fcnde<\/a><\/div><\/div>\n<div class=\"su-column su-column-size-1-3\"><div class=\"su-column-inner su-u-clearfix su-u-trim\"><img loading=\"lazy\" decoding=\"async\" src=\"https:\/\/www.drewelow.de\/frauenarzt\/warnemuende\/wp-content\/uploads\/sites\/4\/2025\/12\/gerhardt.webp\" alt=\"\" width=\"600\" height=\"900\" class=\"alignnone size-full\" \/><br \/>\n<strong>Dr. med. Cornelia Gerhardt<\/strong><br \/>\nFach\u00e4rztin f\u00fcr Gyn\u00e4kologie und Geburtshilfe in <a href=\"https:\/\/www.drewelow.de\/frauenarzt\/rostock\">Rostock<\/a> und <a href=\"https:\/\/www.drewelow.de\/frauenarzt\/warnemuende\">Warnem\u00fcnde<\/a><\/div><\/div><\/div>\n<p><i class=\"fas fa-map-marker-alt\"><\/i><\/p>\n<h3>Bitte w\u00e4hlen Sie Ihre Frauenarztpraxis<\/h3>\n<div class=\"su-row\"><div class=\"su-column su-column-size-1-3 frauenarzt\"><div class=\"su-column-inner su-u-clearfix su-u-trim\">\n<h2>Rostock<\/h2>\n<p><a href=\"https:\/\/www.drewelow.de\/frauenarzt\/rostock\"><img decoding=\"async\" src=\"https:\/\/www.drewelow.de\/frauenarzt\/wp-content\/uploads\/2021\/04\/rostock.jpg\" alt=\"Frauen\u00e4rzte in Rostock\" \/><\/a><\/p>\n<ul>\n<li><a href=\"https:\/\/www.drewelow.de\/frauenarzt\/rostock\">zur Website<\/a><\/li>\n<li><a href=\"https:\/\/www.drewelow.de\/frauenarzt\/termin-rostock\" rel=\"noopener\" target=\"_blank\">Termin vereinbaren<\/a><\/li>\n<\/ul>\n<\/div><\/div>\n<div class=\"su-column su-column-size-1-3 frauenarzt\"><div class=\"su-column-inner su-u-clearfix su-u-trim\">\n<h2>Warnem\u00fcnde<\/h2>\n<p><a href=\"https:\/\/www.drewelow.de\/frauenarzt\/warnemuende\"><img decoding=\"async\" src=\"https:\/\/www.drewelow.de\/frauenarzt\/wp-content\/uploads\/2021\/07\/warnemuende.jpg\" alt=\"Frauen\u00e4rzte in Warnem\u00fcnde\" \/><\/a><\/p>\n<ul>\n<li><a href=\"https:\/\/www.drewelow.de\/frauenarzt\/warnemuende\">zur Website<\/a><\/li>\n<li><a href=\"https:\/\/www.drewelow.de\/frauenarzt\/termin-warnemuende\" rel=\"noopener\" target=\"_blank\">Termin vereinbaren<\/a><\/li>\n<\/ul>\n<\/div><\/div>\n<div class=\"su-column su-column-size-1-3 frauenarzt\"><div class=\"su-column-inner su-u-clearfix su-u-trim\">\n<h2>B\u00fctzow<\/h2>\n<p><a href=\"https:\/\/www.drewelow.de\/frauenarzt\/buetzow\"><img decoding=\"async\" src=\"https:\/\/www.drewelow.de\/frauenarzt\/wp-content\/uploads\/2021\/04\/buetzow.jpg\" alt=\"Frauen\u00e4rzte in B\u00fctzow\" \/><\/a><\/p>\n<ul>\n<li><a href=\"https:\/\/www.drewelow.de\/frauenarzt\/buetzow\">zur Website<\/a><\/li>\n<li><a href=\"https:\/\/www.drewelow.de\/frauenarzt\/termin-buetzow\" rel=\"noopener\" target=\"_blank\">Termin vereinbaren<\/a><\/li>\n<\/ul>\n<\/div><\/div>\n<\/div>\n","protected":false},"excerpt":{"rendered":"<p>Frauen\u00e4rzte Drewelow Wir freuen uns auf Sie in Rostock, Warnem\u00fcnde und B\u00fctzow Bitte w\u00e4hlen Sie Ihre Frauenarztpraxis<\/p>\n","protected":false},"author":1,"featured_media":0,"parent":0,"menu_order":0,"comment_status":"closed","ping_status":"closed","template":"","meta":{"footnotes":""},"class_list":["post-2","page","type-page","status-publish","hentry"],"yoast_head":"<!-- This site is optimized with the Yoast SEO plugin v26.5 - https:\/\/yoast.com\/wordpress\/plugins\/seo\/ -->\n<title>Frauen\u00e4rzte Drewelow - Startseite<\/title>\n<meta name=\"description\" content=\"Frauenarztpraxis Drewelow in Rostock, Warnem\u00fcnde und B\u00fctzow - Gyn\u00e4kologie, Geburtshilfe, Hormonberatung,Kinderwunsch, Operationen, Mifegyne\" \/>\n<meta name=\"robots\" content=\"index, follow, max-snippet:-1, max-image-preview:large, max-video-preview:-1\" \/>\n<link rel=\"canonical\" href=\"https:\/\/www.drewelow.de\/frauenarzt\/\" \/>\n<meta property=\"og:locale\" content=\"de_DE\" \/>\n<meta property=\"og:type\" content=\"article\" \/>\n<meta property=\"og:title\" content=\"Frauen\u00e4rzte Drewelow - Startseite\" \/>\n<meta property=\"og:description\" content=\"Frauenarztpraxis Drewelow in Rostock, Warnem\u00fcnde und B\u00fctzow - Gyn\u00e4kologie, Geburtshilfe, Hormonberatung,Kinderwunsch, Operationen, Mifegyne\" \/>\n<meta property=\"og:url\" content=\"https:\/\/www.drewelow.de\/frauenarzt\/\" \/>\n<meta property=\"og:site_name\" content=\"Frauen\u00e4rzte Drewelow\" \/>\n<meta property=\"article:modified_time\" content=\"2025-12-09T17:47:15+00:00\" \/>\n<meta name=\"twitter:card\" content=\"summary_large_image\" \/>\n<meta name=\"twitter:label1\" content=\"Gesch\u00e4tzte Lesezeit\" \/>\n\t<meta name=\"twitter:data1\" content=\"3\u00a0Minuten\" \/>\n<script type=\"application\/ld+json\" class=\"yoast-schema-graph\">{\"@context\":\"https:\/\/schema.org\",\"@graph\":[{\"@type\":\"WebPage\",\"@id\":\"https:\/\/www.drewelow.de\/frauenarzt\/\",\"url\":\"https:\/\/www.drewelow.de\/frauenarzt\/\",\"name\":\"Frauen\u00e4rzte Drewelow - Startseite\",\"isPartOf\":{\"@id\":\"https:\/\/www.drewelow.de\/frauenarzt\/#website\"},\"primaryImageOfPage\":{\"@id\":\"https:\/\/www.drewelow.de\/frauenarzt\/#primaryimage\"},\"image\":{\"@id\":\"https:\/\/www.drewelow.de\/frauenarzt\/#primaryimage\"},\"thumbnailUrl\":\"https:\/\/www.drewelow.de\/frauenarzt\/wp-content\/uploads\/2025\/12\/nicole-drewelow_frauenaerztin-warnemuende.webp\",\"datePublished\":\"2021-02-11T13:44:52+00:00\",\"dateModified\":\"2025-12-09T17:47:15+00:00\",\"description\":\"Frauenarztpraxis Drewelow in Rostock, Warnem\u00fcnde und B\u00fctzow - Gyn\u00e4kologie, Geburtshilfe, Hormonberatung,Kinderwunsch, Operationen, Mifegyne\",\"breadcrumb\":{\"@id\":\"https:\/\/www.drewelow.de\/frauenarzt\/#breadcrumb\"},\"inLanguage\":\"de\",\"potentialAction\":[{\"@type\":\"ReadAction\",\"target\":[\"https:\/\/www.drewelow.de\/frauenarzt\/\"]}]},{\"@type\":\"ImageObject\",\"inLanguage\":\"de\",\"@id\":\"https:\/\/www.drewelow.de\/frauenarzt\/#primaryimage\",\"url\":\"https:\/\/www.drewelow.de\/frauenarzt\/wp-content\/uploads\/2025\/12\/nicole-drewelow_frauenaerztin-warnemuende.webp\",\"contentUrl\":\"https:\/\/www.drewelow.de\/frauenarzt\/wp-content\/uploads\/2025\/12\/nicole-drewelow_frauenaerztin-warnemuende.webp\"},{\"@type\":\"BreadcrumbList\",\"@id\":\"https:\/\/www.drewelow.de\/frauenarzt\/#breadcrumb\",\"itemListElement\":[{\"@type\":\"ListItem\",\"position\":1,\"name\":\"Startseite\",\"item\":\"https:\/\/www.drewelow.de\/frauenarzt\/\"},{\"@type\":\"ListItem\",\"position\":2,\"name\":\"Startseite\"}]},{\"@type\":\"WebSite\",\"@id\":\"https:\/\/www.drewelow.de\/frauenarzt\/#website\",\"url\":\"https:\/\/www.drewelow.de\/frauenarzt\/\",\"name\":\"Frauen\u00e4rzte Drewelow\",\"description\":\"\",\"publisher\":{\"@id\":\"https:\/\/www.drewelow.de\/frauenarzt\/#organization\"},\"potentialAction\":[{\"@type\":\"SearchAction\",\"target\":{\"@type\":\"EntryPoint\",\"urlTemplate\":\"https:\/\/www.drewelow.de\/frauenarzt\/?s={search_term_string}\"},\"query-input\":{\"@type\":\"PropertyValueSpecification\",\"valueRequired\":true,\"valueName\":\"search_term_string\"}}],\"inLanguage\":\"de\"},{\"@type\":\"Organization\",\"@id\":\"https:\/\/www.drewelow.de\/frauenarzt\/#organization\",\"name\":\"Frauen\u00e4rzte Drewelow\",\"url\":\"https:\/\/www.drewelow.de\/frauenarzt\/\",\"logo\":{\"@type\":\"ImageObject\",\"inLanguage\":\"de\",\"@id\":\"https:\/\/www.drewelow.de\/frauenarzt\/#\/schema\/logo\/image\/\",\"url\":\"https:\/\/www.drewelow.de\/frauenarzt\/wp-content\/uploads\/2021\/02\/logo_header.png\",\"contentUrl\":\"https:\/\/www.drewelow.de\/frauenarzt\/wp-content\/uploads\/2021\/02\/logo_header.png\",\"width\":600,\"height\":230,\"caption\":\"Frauen\u00e4rzte Drewelow\"},\"image\":{\"@id\":\"https:\/\/www.drewelow.de\/frauenarzt\/#\/schema\/logo\/image\/\"}}]}<\/script>\n<!-- \/ Yoast SEO plugin. -->","yoast_head_json":{"title":"Frauen\u00e4rzte Drewelow - Startseite","description":"Frauenarztpraxis Drewelow in Rostock, Warnem\u00fcnde und B\u00fctzow - Gyn\u00e4kologie, Geburtshilfe, Hormonberatung,Kinderwunsch, Operationen, Mifegyne","robots":{"index":"index","follow":"follow","max-snippet":"max-snippet:-1","max-image-preview":"max-image-preview:large","max-video-preview":"max-video-preview:-1"},"canonical":"https:\/\/www.drewelow.de\/frauenarzt\/","og_locale":"de_DE","og_type":"article","og_title":"Frauen\u00e4rzte Drewelow - Startseite","og_description":"Frauenarztpraxis Drewelow in Rostock, Warnem\u00fcnde und B\u00fctzow - Gyn\u00e4kologie, Geburtshilfe, Hormonberatung,Kinderwunsch, Operationen, Mifegyne","og_url":"https:\/\/www.drewelow.de\/frauenarzt\/","og_site_name":"Frauen\u00e4rzte Drewelow","article_modified_time":"2025-12-09T17:47:15+00:00","twitter_card":"summary_large_image","twitter_misc":{"Gesch\u00e4tzte Lesezeit":"3\u00a0Minuten"},"schema":{"@context":"https:\/\/schema.org","@graph":[{"@type":"WebPage","@id":"https:\/\/www.drewelow.de\/frauenarzt\/","url":"https:\/\/www.drewelow.de\/frauenarzt\/","name":"Frauen\u00e4rzte Drewelow - Startseite","isPartOf":{"@id":"https:\/\/www.drewelow.de\/frauenarzt\/#website"},"primaryImageOfPage":{"@id":"https:\/\/www.drewelow.de\/frauenarzt\/#primaryimage"},"image":{"@id":"https:\/\/www.drewelow.de\/frauenarzt\/#primaryimage"},"thumbnailUrl":"https:\/\/www.drewelow.de\/frauenarzt\/wp-content\/uploads\/2025\/12\/nicole-drewelow_frauenaerztin-warnemuende.webp","datePublished":"2021-02-11T13:44:52+00:00","dateModified":"2025-12-09T17:47:15+00:00","description":"Frauenarztpraxis Drewelow in Rostock, Warnem\u00fcnde und B\u00fctzow - Gyn\u00e4kologie, Geburtshilfe, Hormonberatung,Kinderwunsch, Operationen, Mifegyne","breadcrumb":{"@id":"https:\/\/www.drewelow.de\/frauenarzt\/#breadcrumb"},"inLanguage":"de","potentialAction":[{"@type":"ReadAction","target":["https:\/\/www.drewelow.de\/frauenarzt\/"]}]},{"@type":"ImageObject","inLanguage":"de","@id":"https:\/\/www.drewelow.de\/frauenarzt\/#primaryimage","url":"https:\/\/www.drewelow.de\/frauenarzt\/wp-content\/uploads\/2025\/12\/nicole-drewelow_frauenaerztin-warnemuende.webp","contentUrl":"https:\/\/www.drewelow.de\/frauenarzt\/wp-content\/uploads\/2025\/12\/nicole-drewelow_frauenaerztin-warnemuende.webp"},{"@type":"BreadcrumbList","@id":"https:\/\/www.drewelow.de\/frauenarzt\/#breadcrumb","itemListElement":[{"@type":"ListItem","position":1,"name":"Startseite","item":"https:\/\/www.drewelow.de\/frauenarzt\/"},{"@type":"ListItem","position":2,"name":"Startseite"}]},{"@type":"WebSite","@id":"https:\/\/www.drewelow.de\/frauenarzt\/#website","url":"https:\/\/www.drewelow.de\/frauenarzt\/","name":"Frauen\u00e4rzte Drewelow","description":"","publisher":{"@id":"https:\/\/www.drewelow.de\/frauenarzt\/#organization"},"potentialAction":[{"@type":"SearchAction","target":{"@type":"EntryPoint","urlTemplate":"https:\/\/www.drewelow.de\/frauenarzt\/?s={search_term_string}"},"query-input":{"@type":"PropertyValueSpecification","valueRequired":true,"valueName":"search_term_string"}}],"inLanguage":"de"},{"@type":"Organization","@id":"https:\/\/www.drewelow.de\/frauenarzt\/#organization","name":"Frauen\u00e4rzte Drewelow","url":"https:\/\/www.drewelow.de\/frauenarzt\/","logo":{"@type":"ImageObject","inLanguage":"de","@id":"https:\/\/www.drewelow.de\/frauenarzt\/#\/schema\/logo\/image\/","url":"https:\/\/www.drewelow.de\/frauenarzt\/wp-content\/uploads\/2021\/02\/logo_header.png","contentUrl":"https:\/\/www.drewelow.de\/frauenarzt\/wp-content\/uploads\/2021\/02\/logo_header.png","width":600,"height":230,"caption":"Frauen\u00e4rzte Drewelow"},"image":{"@id":"https:\/\/www.drewelow.de\/frauenarzt\/#\/schema\/logo\/image\/"}}]}},"_links":{"self":[{"href":"https:\/\/www.drewelow.de\/frauenarzt\/wp-json\/wp\/v2\/pages\/2","targetHints":{"allow":["GET"]}}],"collection":[{"href":"https:\/\/www.drewelow.de\/frauenarzt\/wp-json\/wp\/v2\/pages"}],"about":[{"href":"https:\/\/www.drewelow.de\/frauenarzt\/wp-json\/wp\/v2\/types\/page"}],"author":[{"embeddable":true,"href":"https:\/\/www.drewelow.de\/frauenarzt\/wp-json\/wp\/v2\/users\/1"}],"replies":[{"embeddable":true,"href":"https:\/\/www.drewelow.de\/frauenarzt\/wp-json\/wp\/v2\/comments?post=2"}],"version-history":[{"count":67,"href":"https:\/\/www.drewelow.de\/frauenarzt\/wp-json\/wp\/v2\/pages\/2\/revisions"}],"predecessor-version":[{"id":899,"href":"https:\/\/www.drewelow.de\/frauenarzt\/wp-json\/wp\/v2\/pages\/2\/revisions\/899"}],"wp:attachment":[{"href":"https:\/\/www.drewelow.de\/frauenarzt\/wp-json\/wp\/v2\/media?parent=2"}],"curies":[{"name":"wp","href":"https:\/\/api.w.org\/{rel}","templated":true}]}}