{"id":777,"date":"2021-04-13T14:09:19","date_gmt":"2021-04-13T12:09:19","guid":{"rendered":"https:\/\/www.drewelow.de\/frauenarzt\/?page_id=777"},"modified":"2021-04-19T17:58:24","modified_gmt":"2021-04-19T15:58:24","slug":"impressum","status":"publish","type":"page","link":"https:\/\/www.drewelow.de\/frauenarzt\/impressum\/","title":{"rendered":"Impressum"},"content":{"rendered":"<div class=\"su-row\"><div class=\"su-column su-column-size-2-3\"><div class=\"su-column-inner su-u-clearfix su-u-trim\">\n<h2>Angaben gem\u00e4\u00df \u00a7 5 TMG<\/h2>\n<p>Nicole und Frank Drewelow GbR<br \/>\nGro\u00dfe Wasserstra\u00dfe 2\/3<br \/>\n18055 Rostock<\/p>\n<p><strong>Vertreten durch:<\/strong><br \/>\nNicole Drewelow<br \/>\nFrank Drewelow<\/p>\n<h2>Kontakt<\/h2>\n<p>Telefon: +49 (0) 381 49 96 408<br \/>\nTelefax: +49 (0) 381 49 34 619<br \/>\nE-Mail: <a href=\"mailto:rostock@drewelow.de\">rostock@drewelow.de<\/a><\/p>\n<p><strong>Betriebliche Steuernummer:<\/strong><br \/>\n079\/214\/05590<\/p>\n<h2>Aufsichtsbeh\u00f6rde<\/h2>\n<p>\u00c4rztekammer Mecklenburg-Vorpommern<br \/>\nAugust-Bebel-Str. 9a<br \/>\n18055 Rostock<\/p>\n<p><a href=\"https:\/\/www.aek-mv.de\/\" target=\"_blank\" rel=\"noopener noreferrer\">https:\/\/www.aek-mv.de\/<\/a><\/p>\n<h2>Berufsbezeichnung und berufsrechtliche Regelungen<\/h2>\n<p><strong>Berufsbezeichnung:<\/strong><br \/>\n\u00c4rzte<\/p>\n<p><strong>Zust\u00e4ndige Kammer:<\/strong><br \/>\n\u00c4rztekammer Meckleburg-Vorpommern<\/p>\n<p><strong>Verliehen in:<\/strong><br \/>\nDeutschland<\/p>\n<p><strong>Es gelten folgende berufsrechtliche Regelungen:<\/strong><br \/>\nBerufsordnung f\u00fcr \u00c4rztinnen und \u00c4rzte ind Mecklenburg-Vorpommern<\/p>\n<p><strong>Regelungen einsehbar unter:\u00a0<\/strong><br \/>\n<a href=\"http:\/\/docplayer.org\/7271099-Berufsordnung-fuer-die-aerztinnen-und-aerzte-in-mecklenburg-vorpommern.html\" target=\"_blank\" rel=\"noopener\">http:\/\/docplayer.org\/7271099-Berufsordnung-fuer-die-aerztinnen-und-aerzte-in-mecklenburg-vorpommern.html<\/a><\/p>\n<h2>Angaben zur Berufshaftpflichtversicherung<\/h2>\n<p><strong>Name und Sitz des Versicherers:<\/strong><br \/>\nHDI Versicherung AG HDI-Platz 1<br \/>\n30659 Hannover<br \/>\n<strong>Geltungsraum der Versicherung:<\/strong><br \/>\nDeutschland<\/p>\n<h2>Redaktionell Verantwortlicher<\/h2>\n<p>Nicole Drewelow<br \/>\nFrank Drewelow<br \/>\nGro\u00dfe Wasserstr. 2<br \/>\n18055 Rostock<\/div><\/div>\n<div class=\"su-column su-column-size-1-3\"><div class=\"su-column-inner su-u-clearfix su-u-trim\"><img loading=\"lazy\" decoding=\"async\" src=\"https:\/\/www.drewelow.de\/frauenarzt\/wp-content\/uploads\/2021\/04\/impressum.jpeg\" alt=\"\" width=\"600\" height=\"400\" class=\"alignnone size-full wp-image-807\" srcset=\"https:\/\/www.drewelow.de\/frauenarzt\/wp-content\/uploads\/2021\/04\/impressum.jpeg 600w, https:\/\/www.drewelow.de\/frauenarzt\/wp-content\/uploads\/2021\/04\/impressum-300x200.jpeg 300w\" sizes=\"auto, (max-width: 600px) 100vw, 600px\" \/><\/div><\/div>\n<\/div>\n<h2>Verbraucherstreitbeilegung\/Universalschlichtungsstelle<\/h2>\n<p>Wir sind nicht bereit oder verpflichtet, an Streitbeilegungsverfahren vor einer Verbraucherschlichtungsstelle teilzunehmen.<\/p>\n<p><strong>Haftung f\u00fcr Inhalte<\/strong><br \/>\nAls Diensteanbieter sind wir gem\u00e4\u00df \u00a7 7 Abs.1 TMG f\u00fcr eigene Inhalte auf diesen Seiten nach den allgemeinen Gesetzen verantwortlich. Nach \u00a7\u00a7 8 bis 10 TMG sind wir als Diensteanbieter jedoch nicht verpflichtet, \u00fcbermittelte oder gespeicherte fremde Informationen zu \u00fcberwachen oder nach Umst\u00e4nden zu forschen, die auf eine rechtswidrige T\u00e4tigkeit hinweisen.<\/p>\n<p>Verpflichtungen zur Entfernung oder Sperrung der Nutzung von Informationen nach den allgemeinen Gesetzen bleiben hiervon unber\u00fchrt. Eine diesbez\u00fcgliche Haftung ist jedoch erst ab dem Zeitpunkt der Kenntnis einer konkreten Rechtsverletzung m\u00f6glich. Bei Bekanntwerden von entsprechenden Rechtsverletzungen werden wir diese Inhalte umgehend entfernen.<\/p>\n<p><strong>Haftung f\u00fcr Links<\/strong><br \/>\nUnser Angebot enth\u00e4lt Links zu externen Websites Dritter, auf deren Inhalte wir keinen Einfluss haben. Deshalb k\u00f6nnen wir f\u00fcr diese fremden Inhalte auch keine Gew\u00e4hr \u00fcbernehmen. F\u00fcr die Inhalte der verlinkten Seiten ist stets der jeweilige Anbieter oder Betreiber der Seiten verantwortlich. Die verlinkten Seiten wurden zum Zeitpunkt der Verlinkung auf m\u00f6gliche Rechtsverst\u00f6\u00dfe \u00fcberpr\u00fcft. Rechtswidrige Inhalte waren zum Zeitpunkt der Verlinkung nicht erkennbar.<\/p>\n<p>Eine permanente inhaltliche Kontrolle der verlinkten Seiten ist jedoch ohne konkrete Anhaltspunkte einer Rechtsverletzung nicht zumutbar. Bei Bekanntwerden von Rechtsverletzungen werden wir derartige Links umgehend entfernen.<\/p>\n<p><strong>Urheberrecht<\/strong><br \/>\nDie durch die Seitenbetreiber erstellten Inhalte und Werke auf diesen Seiten unterliegen dem deutschen Urheberrecht. Die Vervielf\u00e4ltigung, Bearbeitung, Verbreitung und jede Art der Verwertung au\u00dferhalb der Grenzen des Urheberrechtes bed\u00fcrfen der schriftlichen Zustimmung des jeweiligen Autors bzw. Erstellers. Downloads und Kopien dieser Seite sind nur f\u00fcr den privaten, nicht kommerziellen Gebrauch gestattet.<\/p>\n<p>Soweit die Inhalte auf dieser Seite nicht vom Betreiber erstellt wurden, werden die Urheberrechte Dritter beachtet. Insbesondere werden Inhalte Dritter als solche gekennzeichnet. Sollten Sie trotzdem auf eine Urheberrechtsverletzung aufmerksam werden, bitten wir um einen entsprechenden Hinweis. Bei Bekanntwerden von Rechtsverletzungen werden wir derartige Inhalte umgehend entfernen.<\/p>\n<p><strong>Quelle:<\/strong><br \/>\n<a href=\"https:\/\/www.e-recht24.de\/impressum-generator.html\" target=\"_blank\" rel=\"noopener\">https:\/\/www.e-recht24.de\/impressum-generator.html<\/a><\/p>\n","protected":false},"excerpt":{"rendered":"<p>Verbraucherstreitbeilegung\/Universalschlichtungsstelle Wir sind nicht bereit oder verpflichtet, an Streitbeilegungsverfahren vor einer Verbraucherschlichtungsstelle teilzunehmen. Haftung f\u00fcr Inhalte Als Diensteanbieter sind wir gem\u00e4\u00df \u00a7 7 Abs.1 TMG f\u00fcr eigene Inhalte auf diesen Seiten nach den allgemeinen Gesetzen verantwortlich. Nach \u00a7\u00a7 8 bis 10 TMG sind wir als Diensteanbieter jedoch nicht verpflichtet, \u00fcbermittelte oder gespeicherte fremde Informationen zu<a class=\"more-link\" href=\"https:\/\/www.drewelow.de\/frauenarzt\/impressum\/\">weiterlesen&#8230;<\/a><\/p>\n","protected":false},"author":1,"featured_media":0,"parent":0,"menu_order":0,"comment_status":"closed","ping_status":"closed","template":"","meta":{"footnotes":""},"class_list":["post-777","page","type-page","status-publish","hentry"],"yoast_head":"<!-- This site is optimized with the Yoast SEO plugin v26.5 - https:\/\/yoast.com\/wordpress\/plugins\/seo\/ -->\n<title>Frauen\u00e4rzte Drewelow - Impressum<\/title>\n<meta name=\"description\" content=\"Frauenarztpraxis Drewelow in Rostock, Warnem\u00fcnde und B\u00fctzow - Gyn\u00e4kologie, Geburtshilfe, Hormonberatung,Kinderwunsch, Operationen, Mifegyne\" \/>\n<meta name=\"robots\" content=\"index, follow, max-snippet:-1, max-image-preview:large, max-video-preview:-1\" \/>\n<link rel=\"canonical\" href=\"https:\/\/www.drewelow.de\/frauenarzt\/impressum\/\" \/>\n<meta property=\"og:locale\" content=\"de_DE\" \/>\n<meta property=\"og:type\" content=\"article\" \/>\n<meta property=\"og:title\" content=\"Frauen\u00e4rzte Drewelow - Impressum\" \/>\n<meta property=\"og:description\" content=\"Frauenarztpraxis Drewelow in Rostock, Warnem\u00fcnde und B\u00fctzow - Gyn\u00e4kologie, Geburtshilfe, Hormonberatung,Kinderwunsch, Operationen, Mifegyne\" \/>\n<meta property=\"og:url\" content=\"https:\/\/www.drewelow.de\/frauenarzt\/impressum\/\" \/>\n<meta property=\"og:site_name\" content=\"Frauen\u00e4rzte Drewelow\" \/>\n<meta property=\"article:modified_time\" content=\"2021-04-19T15:58:24+00:00\" \/>\n<meta property=\"og:image\" content=\"https:\/\/www.drewelow.de\/frauenarzt\/wp-content\/uploads\/2021\/04\/impressum.jpeg\" \/>\n<meta name=\"twitter:card\" content=\"summary_large_image\" \/>\n<meta name=\"twitter:label1\" content=\"Gesch\u00e4tzte Lesezeit\" \/>\n\t<meta name=\"twitter:data1\" content=\"2\u00a0Minuten\" \/>\n<script type=\"application\/ld+json\" class=\"yoast-schema-graph\">{\"@context\":\"https:\/\/schema.org\",\"@graph\":[{\"@type\":\"WebPage\",\"@id\":\"https:\/\/www.drewelow.de\/frauenarzt\/impressum\/\",\"url\":\"https:\/\/www.drewelow.de\/frauenarzt\/impressum\/\",\"name\":\"Frauen\u00e4rzte Drewelow - Impressum\",\"isPartOf\":{\"@id\":\"https:\/\/www.drewelow.de\/frauenarzt\/#website\"},\"primaryImageOfPage\":{\"@id\":\"https:\/\/www.drewelow.de\/frauenarzt\/impressum\/#primaryimage\"},\"image\":{\"@id\":\"https:\/\/www.drewelow.de\/frauenarzt\/impressum\/#primaryimage\"},\"thumbnailUrl\":\"https:\/\/www.drewelow.de\/frauenarzt\/wp-content\/uploads\/2021\/04\/impressum.jpeg\",\"datePublished\":\"2021-04-13T12:09:19+00:00\",\"dateModified\":\"2021-04-19T15:58:24+00:00\",\"description\":\"Frauenarztpraxis Drewelow in Rostock, Warnem\u00fcnde und B\u00fctzow - Gyn\u00e4kologie, Geburtshilfe, Hormonberatung,Kinderwunsch, Operationen, Mifegyne\",\"breadcrumb\":{\"@id\":\"https:\/\/www.drewelow.de\/frauenarzt\/impressum\/#breadcrumb\"},\"inLanguage\":\"de\",\"potentialAction\":[{\"@type\":\"ReadAction\",\"target\":[\"https:\/\/www.drewelow.de\/frauenarzt\/impressum\/\"]}]},{\"@type\":\"ImageObject\",\"inLanguage\":\"de\",\"@id\":\"https:\/\/www.drewelow.de\/frauenarzt\/impressum\/#primaryimage\",\"url\":\"https:\/\/www.drewelow.de\/frauenarzt\/wp-content\/uploads\/2021\/04\/impressum.jpeg\",\"contentUrl\":\"https:\/\/www.drewelow.de\/frauenarzt\/wp-content\/uploads\/2021\/04\/impressum.jpeg\",\"width\":600,\"height\":400},{\"@type\":\"BreadcrumbList\",\"@id\":\"https:\/\/www.drewelow.de\/frauenarzt\/impressum\/#breadcrumb\",\"itemListElement\":[{\"@type\":\"ListItem\",\"position\":1,\"name\":\"Startseite\",\"item\":\"https:\/\/www.drewelow.de\/frauenarzt\/\"},{\"@type\":\"ListItem\",\"position\":2,\"name\":\"Impressum\"}]},{\"@type\":\"WebSite\",\"@id\":\"https:\/\/www.drewelow.de\/frauenarzt\/#website\",\"url\":\"https:\/\/www.drewelow.de\/frauenarzt\/\",\"name\":\"Frauen\u00e4rzte Drewelow\",\"description\":\"\",\"publisher\":{\"@id\":\"https:\/\/www.drewelow.de\/frauenarzt\/#organization\"},\"potentialAction\":[{\"@type\":\"SearchAction\",\"target\":{\"@type\":\"EntryPoint\",\"urlTemplate\":\"https:\/\/www.drewelow.de\/frauenarzt\/?s={search_term_string}\"},\"query-input\":{\"@type\":\"PropertyValueSpecification\",\"valueRequired\":true,\"valueName\":\"search_term_string\"}}],\"inLanguage\":\"de\"},{\"@type\":\"Organization\",\"@id\":\"https:\/\/www.drewelow.de\/frauenarzt\/#organization\",\"name\":\"Frauen\u00e4rzte Drewelow\",\"url\":\"https:\/\/www.drewelow.de\/frauenarzt\/\",\"logo\":{\"@type\":\"ImageObject\",\"inLanguage\":\"de\",\"@id\":\"https:\/\/www.drewelow.de\/frauenarzt\/#\/schema\/logo\/image\/\",\"url\":\"https:\/\/www.drewelow.de\/frauenarzt\/wp-content\/uploads\/2021\/02\/logo_header.png\",\"contentUrl\":\"https:\/\/www.drewelow.de\/frauenarzt\/wp-content\/uploads\/2021\/02\/logo_header.png\",\"width\":600,\"height\":230,\"caption\":\"Frauen\u00e4rzte Drewelow\"},\"image\":{\"@id\":\"https:\/\/www.drewelow.de\/frauenarzt\/#\/schema\/logo\/image\/\"}}]}<\/script>\n<!-- \/ Yoast SEO plugin. -->","yoast_head_json":{"title":"Frauen\u00e4rzte Drewelow - Impressum","description":"Frauenarztpraxis Drewelow in Rostock, Warnem\u00fcnde und B\u00fctzow - Gyn\u00e4kologie, Geburtshilfe, Hormonberatung,Kinderwunsch, Operationen, Mifegyne","robots":{"index":"index","follow":"follow","max-snippet":"max-snippet:-1","max-image-preview":"max-image-preview:large","max-video-preview":"max-video-preview:-1"},"canonical":"https:\/\/www.drewelow.de\/frauenarzt\/impressum\/","og_locale":"de_DE","og_type":"article","og_title":"Frauen\u00e4rzte Drewelow - Impressum","og_description":"Frauenarztpraxis Drewelow in Rostock, Warnem\u00fcnde und B\u00fctzow - Gyn\u00e4kologie, Geburtshilfe, Hormonberatung,Kinderwunsch, Operationen, Mifegyne","og_url":"https:\/\/www.drewelow.de\/frauenarzt\/impressum\/","og_site_name":"Frauen\u00e4rzte Drewelow","article_modified_time":"2021-04-19T15:58:24+00:00","og_image":[{"url":"https:\/\/www.drewelow.de\/frauenarzt\/wp-content\/uploads\/2021\/04\/impressum.jpeg","type":"","width":"","height":""}],"twitter_card":"summary_large_image","twitter_misc":{"Gesch\u00e4tzte Lesezeit":"2\u00a0Minuten"},"schema":{"@context":"https:\/\/schema.org","@graph":[{"@type":"WebPage","@id":"https:\/\/www.drewelow.de\/frauenarzt\/impressum\/","url":"https:\/\/www.drewelow.de\/frauenarzt\/impressum\/","name":"Frauen\u00e4rzte Drewelow - Impressum","isPartOf":{"@id":"https:\/\/www.drewelow.de\/frauenarzt\/#website"},"primaryImageOfPage":{"@id":"https:\/\/www.drewelow.de\/frauenarzt\/impressum\/#primaryimage"},"image":{"@id":"https:\/\/www.drewelow.de\/frauenarzt\/impressum\/#primaryimage"},"thumbnailUrl":"https:\/\/www.drewelow.de\/frauenarzt\/wp-content\/uploads\/2021\/04\/impressum.jpeg","datePublished":"2021-04-13T12:09:19+00:00","dateModified":"2021-04-19T15:58:24+00:00","description":"Frauenarztpraxis Drewelow in Rostock, Warnem\u00fcnde und B\u00fctzow - Gyn\u00e4kologie, Geburtshilfe, Hormonberatung,Kinderwunsch, Operationen, Mifegyne","breadcrumb":{"@id":"https:\/\/www.drewelow.de\/frauenarzt\/impressum\/#breadcrumb"},"inLanguage":"de","potentialAction":[{"@type":"ReadAction","target":["https:\/\/www.drewelow.de\/frauenarzt\/impressum\/"]}]},{"@type":"ImageObject","inLanguage":"de","@id":"https:\/\/www.drewelow.de\/frauenarzt\/impressum\/#primaryimage","url":"https:\/\/www.drewelow.de\/frauenarzt\/wp-content\/uploads\/2021\/04\/impressum.jpeg","contentUrl":"https:\/\/www.drewelow.de\/frauenarzt\/wp-content\/uploads\/2021\/04\/impressum.jpeg","width":600,"height":400},{"@type":"BreadcrumbList","@id":"https:\/\/www.drewelow.de\/frauenarzt\/impressum\/#breadcrumb","itemListElement":[{"@type":"ListItem","position":1,"name":"Startseite","item":"https:\/\/www.drewelow.de\/frauenarzt\/"},{"@type":"ListItem","position":2,"name":"Impressum"}]},{"@type":"WebSite","@id":"https:\/\/www.drewelow.de\/frauenarzt\/#website","url":"https:\/\/www.drewelow.de\/frauenarzt\/","name":"Frauen\u00e4rzte Drewelow","description":"","publisher":{"@id":"https:\/\/www.drewelow.de\/frauenarzt\/#organization"},"potentialAction":[{"@type":"SearchAction","target":{"@type":"EntryPoint","urlTemplate":"https:\/\/www.drewelow.de\/frauenarzt\/?s={search_term_string}"},"query-input":{"@type":"PropertyValueSpecification","valueRequired":true,"valueName":"search_term_string"}}],"inLanguage":"de"},{"@type":"Organization","@id":"https:\/\/www.drewelow.de\/frauenarzt\/#organization","name":"Frauen\u00e4rzte Drewelow","url":"https:\/\/www.drewelow.de\/frauenarzt\/","logo":{"@type":"ImageObject","inLanguage":"de","@id":"https:\/\/www.drewelow.de\/frauenarzt\/#\/schema\/logo\/image\/","url":"https:\/\/www.drewelow.de\/frauenarzt\/wp-content\/uploads\/2021\/02\/logo_header.png","contentUrl":"https:\/\/www.drewelow.de\/frauenarzt\/wp-content\/uploads\/2021\/02\/logo_header.png","width":600,"height":230,"caption":"Frauen\u00e4rzte Drewelow"},"image":{"@id":"https:\/\/www.drewelow.de\/frauenarzt\/#\/schema\/logo\/image\/"}}]}},"_links":{"self":[{"href":"https:\/\/www.drewelow.de\/frauenarzt\/wp-json\/wp\/v2\/pages\/777","targetHints":{"allow":["GET"]}}],"collection":[{"href":"https:\/\/www.drewelow.de\/frauenarzt\/wp-json\/wp\/v2\/pages"}],"about":[{"href":"https:\/\/www.drewelow.de\/frauenarzt\/wp-json\/wp\/v2\/types\/page"}],"author":[{"embeddable":true,"href":"https:\/\/www.drewelow.de\/frauenarzt\/wp-json\/wp\/v2\/users\/1"}],"replies":[{"embeddable":true,"href":"https:\/\/www.drewelow.de\/frauenarzt\/wp-json\/wp\/v2\/comments?post=777"}],"version-history":[{"count":9,"href":"https:\/\/www.drewelow.de\/frauenarzt\/wp-json\/wp\/v2\/pages\/777\/revisions"}],"predecessor-version":[{"id":853,"href":"https:\/\/www.drewelow.de\/frauenarzt\/wp-json\/wp\/v2\/pages\/777\/revisions\/853"}],"wp:attachment":[{"href":"https:\/\/www.drewelow.de\/frauenarzt\/wp-json\/wp\/v2\/media?parent=777"}],"curies":[{"name":"wp","href":"https:\/\/api.w.org\/{rel}","templated":true}]}}